{"id":178,"date":"2021-01-15T16:17:38","date_gmt":"2021-01-15T13:17:38","guid":{"rendered":"https:\/\/myvize.com.tr\/dubai\/?page_id=178"},"modified":"2023-02-20T14:37:43","modified_gmt":"2023-02-20T11:37:43","slug":"altunizade","status":"publish","type":"page","link":"https:\/\/myvize.com.tr\/dubai\/subelerimiz\/altunizade\/","title":{"rendered":"Altunizade"},"content":{"rendered":"<h2><span style=\"font-family: Roboto; font-size: 27px;\"><strong>Dubai Vize Ba\u015fvuru Merkezi, Altunizade<\/strong><\/span><\/h2>\n<p><span style=\"font-family: Roboto; font-size: 14px;\"><strong>Altunizade Dubai vize ba\u015fvurusu\u00a0<\/strong>i\u015flemleri i\u00e7in semtte hizmet veren resmi acenteler ile ileti\u015fime ge\u00e7ilebilir. \u0130stanbul genelinde<span style=\"color: #2acec2;\"><strong><a style=\"color: #2acec2;\" href=\"https:\/\/myvize.com.tr\/dubai\/dubai-vize\/\" target=\"_blank\" rel=\"noopener\"> Dubai vizesi <\/a><\/strong><\/span>almak i\u00e7in en yetkili kurum Dubai Konsoloslu\u011fu\u2019dur. Konsoloslu\u011fa yak\u0131n mesafede bulunmayan vatanda\u015flar, ya\u015fad\u0131klar\u0131 il\u00e7elerde bulunan ve vize ba\u015fvurular\u0131 i\u00e7in etkiye sahip olan acenteler ile ileti\u015fime ge\u00e7erek de resmi vize ba\u015fvurular\u0131n\u0131 ger\u00e7ekle\u015ftirebilirler.<\/span><\/p>\n<p><span style=\"font-family: Roboto; font-size: 14px;\"><strong>Dubai vize ba\u015fvurusu<\/strong> i\u00e7in vatanda\u015flar\u0131n \u00f6ncelikli olarak kendilerinden istenecek olan evraklar\u0131 haz\u0131rlamalar\u0131 gerekir. Dubai, vize i\u00e7in vatanda\u015flardan olduk\u00e7a az miktarda evrak talep eder. Haz\u0131rlanacak olan evraklara ek olarak vatanda\u015flar <span style=\"color: #2acec2;\"><strong><a style=\"color: #2acec2;\" href=\"https:\/\/myvize.com.tr\/dubai\/vize-islemleri\/dubai-vize-basvuru-formu\/\" target=\"_blank\" rel=\"noopener\">Dubai vize ba\u015fvuru formu<\/a><\/strong><\/span> da doldurarak yetkililere belgeleri teslim ettikten sonra de\u011ferlendirme s\u00fcrecinden gelecek sonu\u00e7lar\u0131 bekleyebilir. Vize ba\u015fvurular\u0131 de\u011ferlendirmesinden olumlu olarak yan\u0131t alan vatanda\u015flar <strong>Dubai vizesi<\/strong> almaya hak kazan\u0131r. De\u011ferlendirme s\u00fcrecinden olumsuz yan\u0131t alan vatanda\u015flar, bu duruma neden olan belge eksikli\u011fi veya bilgi yanl\u0131\u015fl\u0131\u011f\u0131 gibi durumlar\u0131 gidererek tekrar vize ba\u015fvurusunda bulunabilir.<\/span><\/p>\n<p><span style=\"font-family: Roboto; font-size: 14px;\">Dubai\u2019ye seyahat a\u015famas\u0131nda gerekli olacak vizeyi alan vatanda\u015flar, vize ge\u00e7erlilik s\u00fcresi boyunca bu \u00fclkede sorunsuz bir \u015fekilde bulunabilir.<strong> Dubai\u2019de kalma<\/strong> s\u00fcresini uzatmak isteyen vatanda\u015flar, vize s\u00fcresinin dolmas\u0131na birka\u00e7 g\u00fcn kala tekrar vize ba\u015fvurusunda bulunarak \u00fclkede kalma s\u00fcrelerini uzatabilirler.<\/span><\/p>\n","protected":false},"excerpt":{"rendered":"<p>Dubai Vize Ba\u015fvuru Merkezi, Altunizade Altunizade Dubai vize ba\u015fvurusu\u00a0i\u015flemleri i\u00e7in semtte hizmet veren resmi acenteler ile ileti\u015fime ge\u00e7ilebilir. \u0130stanbul genelinde Dubai vizesi almak i\u00e7in en yetkili kurum Dubai Konsoloslu\u011fu\u2019dur. Konsoloslu\u011fa yak\u0131n mesafede bulunmayan vatanda\u015flar, ya\u015fad\u0131klar\u0131 il\u00e7elerde bulunan ve vize ba\u015fvurular\u0131 i\u00e7in etkiye sahip olan acenteler ile ileti\u015fime ge\u00e7erek de resmi vize ba\u015fvurular\u0131n\u0131 ger\u00e7ekle\u015ftirebilirler. Dubai vize<\/p>\n","protected":false},"author":1,"featured_media":0,"parent":147,"menu_order":0,"comment_status":"closed","ping_status":"closed","template":"","meta":{"footnotes":""},"class_list":["post-178","page","type-page","status-publish","hentry"],"yoast_head":"<!-- This site is optimized with the Yoast SEO plugin v24.0 - https:\/\/yoast.com\/wordpress\/plugins\/seo\/ -->\n<title>Dubai Vize Ba\u015fvuru \u015eubesi Altunizade - MyVize Vize Ba\u015fvuru Merkezi<\/title>\n<meta name=\"description\" content=\"Dubai Vize Ba\u015fvuru \u015eubesi Altunizade Vize Ba\u015fvuru Merkezi. Dubai Vizesi Nas\u0131l Al\u0131n\u0131r? Ba\u015fvuru \u0130\u00e7in Altunizade \u015eubemizi Ara: 0850 346 84 93\" \/>\n<meta name=\"robots\" content=\"index, follow, max-snippet:-1, max-image-preview:large, max-video-preview:-1\" \/>\n<link rel=\"canonical\" href=\"https:\/\/myvize.com.tr\/dubai\/subelerimiz\/altunizade\/\" \/>\n<meta property=\"og:locale\" content=\"tr_TR\" \/>\n<meta property=\"og:type\" content=\"article\" \/>\n<meta property=\"og:title\" content=\"Dubai Vize Ba\u015fvuru \u015eubesi Altunizade - MyVize Vize Ba\u015fvuru Merkezi\" \/>\n<meta property=\"og:description\" content=\"Dubai Vize Ba\u015fvuru \u015eubesi Altunizade Vize Ba\u015fvuru Merkezi. Dubai Vizesi Nas\u0131l Al\u0131n\u0131r? Ba\u015fvuru \u0130\u00e7in Altunizade \u015eubemizi Ara: 0850 346 84 93\" \/>\n<meta property=\"og:url\" content=\"https:\/\/myvize.com.tr\/dubai\/subelerimiz\/altunizade\/\" \/>\n<meta property=\"og:site_name\" content=\"Dubai Vizesi\" \/>\n<meta property=\"article:modified_time\" content=\"2023-02-20T11:37:43+00:00\" \/>\n<meta name=\"twitter:card\" content=\"summary_large_image\" \/>\n<meta name=\"twitter:label1\" content=\"Tahmini okuma s\u00fcresi\" \/>\n\t<meta name=\"twitter:data1\" content=\"1 dakika\" \/>\n<script type=\"application\/ld+json\" class=\"yoast-schema-graph\">{\"@context\":\"https:\/\/schema.org\",\"@graph\":[{\"@type\":\"WebPage\",\"@id\":\"https:\/\/myvize.com.tr\/dubai\/subelerimiz\/altunizade\/\",\"url\":\"https:\/\/myvize.com.tr\/dubai\/subelerimiz\/altunizade\/\",\"name\":\"Dubai Vize Ba\u015fvuru \u015eubesi Altunizade - MyVize Vize Ba\u015fvuru Merkezi\",\"isPartOf\":{\"@id\":\"https:\/\/myvize.com.tr\/dubai\/#website\"},\"datePublished\":\"2021-01-15T13:17:38+00:00\",\"dateModified\":\"2023-02-20T11:37:43+00:00\",\"description\":\"Dubai Vize Ba\u015fvuru \u015eubesi Altunizade Vize Ba\u015fvuru Merkezi. Dubai Vizesi Nas\u0131l Al\u0131n\u0131r? Ba\u015fvuru \u0130\u00e7in Altunizade \u015eubemizi Ara: 0850 346 84 93\",\"breadcrumb\":{\"@id\":\"https:\/\/myvize.com.tr\/dubai\/subelerimiz\/altunizade\/#breadcrumb\"},\"inLanguage\":\"tr\",\"potentialAction\":[{\"@type\":\"ReadAction\",\"target\":[\"https:\/\/myvize.com.tr\/dubai\/subelerimiz\/altunizade\/\"]}]},{\"@type\":\"BreadcrumbList\",\"@id\":\"https:\/\/myvize.com.tr\/dubai\/subelerimiz\/altunizade\/#breadcrumb\",\"itemListElement\":[{\"@type\":\"ListItem\",\"position\":1,\"name\":\"Anasayfa\",\"item\":\"https:\/\/myvize.com.tr\/dubai\/\"},{\"@type\":\"ListItem\",\"position\":2,\"name\":\"\u015eUBELER\u0130M\u0130Z\",\"item\":\"https:\/\/myvize.com.tr\/dubai\/subelerimiz\/\"},{\"@type\":\"ListItem\",\"position\":3,\"name\":\"Altunizade\"}]},{\"@type\":\"WebSite\",\"@id\":\"https:\/\/myvize.com.tr\/dubai\/#website\",\"url\":\"https:\/\/myvize.com.tr\/dubai\/\",\"name\":\"Dubai Vizesi\",\"description\":\"\",\"potentialAction\":[{\"@type\":\"SearchAction\",\"target\":{\"@type\":\"EntryPoint\",\"urlTemplate\":\"https:\/\/myvize.com.tr\/dubai\/?s={search_term_string}\"},\"query-input\":{\"@type\":\"PropertyValueSpecification\",\"valueRequired\":true,\"valueName\":\"search_term_string\"}}],\"inLanguage\":\"tr\"}]}<\/script>\n<!-- \/ Yoast SEO plugin. -->","yoast_head_json":{"title":"Dubai Vize Ba\u015fvuru \u015eubesi Altunizade - MyVize Vize Ba\u015fvuru Merkezi","description":"Dubai Vize Ba\u015fvuru \u015eubesi Altunizade Vize Ba\u015fvuru Merkezi. Dubai Vizesi Nas\u0131l Al\u0131n\u0131r? Ba\u015fvuru \u0130\u00e7in Altunizade \u015eubemizi Ara: 0850 346 84 93","robots":{"index":"index","follow":"follow","max-snippet":"max-snippet:-1","max-image-preview":"max-image-preview:large","max-video-preview":"max-video-preview:-1"},"canonical":"https:\/\/myvize.com.tr\/dubai\/subelerimiz\/altunizade\/","og_locale":"tr_TR","og_type":"article","og_title":"Dubai Vize Ba\u015fvuru \u015eubesi Altunizade - MyVize Vize Ba\u015fvuru Merkezi","og_description":"Dubai Vize Ba\u015fvuru \u015eubesi Altunizade Vize Ba\u015fvuru Merkezi. Dubai Vizesi Nas\u0131l Al\u0131n\u0131r? Ba\u015fvuru \u0130\u00e7in Altunizade \u015eubemizi Ara: 0850 346 84 93","og_url":"https:\/\/myvize.com.tr\/dubai\/subelerimiz\/altunizade\/","og_site_name":"Dubai Vizesi","article_modified_time":"2023-02-20T11:37:43+00:00","twitter_card":"summary_large_image","twitter_misc":{"Tahmini okuma s\u00fcresi":"1 dakika"},"schema":{"@context":"https:\/\/schema.org","@graph":[{"@type":"WebPage","@id":"https:\/\/myvize.com.tr\/dubai\/subelerimiz\/altunizade\/","url":"https:\/\/myvize.com.tr\/dubai\/subelerimiz\/altunizade\/","name":"Dubai Vize Ba\u015fvuru \u015eubesi Altunizade - MyVize Vize Ba\u015fvuru Merkezi","isPartOf":{"@id":"https:\/\/myvize.com.tr\/dubai\/#website"},"datePublished":"2021-01-15T13:17:38+00:00","dateModified":"2023-02-20T11:37:43+00:00","description":"Dubai Vize Ba\u015fvuru \u015eubesi Altunizade Vize Ba\u015fvuru Merkezi. Dubai Vizesi Nas\u0131l Al\u0131n\u0131r? Ba\u015fvuru \u0130\u00e7in Altunizade \u015eubemizi Ara: 0850 346 84 93","breadcrumb":{"@id":"https:\/\/myvize.com.tr\/dubai\/subelerimiz\/altunizade\/#breadcrumb"},"inLanguage":"tr","potentialAction":[{"@type":"ReadAction","target":["https:\/\/myvize.com.tr\/dubai\/subelerimiz\/altunizade\/"]}]},{"@type":"BreadcrumbList","@id":"https:\/\/myvize.com.tr\/dubai\/subelerimiz\/altunizade\/#breadcrumb","itemListElement":[{"@type":"ListItem","position":1,"name":"Anasayfa","item":"https:\/\/myvize.com.tr\/dubai\/"},{"@type":"ListItem","position":2,"name":"\u015eUBELER\u0130M\u0130Z","item":"https:\/\/myvize.com.tr\/dubai\/subelerimiz\/"},{"@type":"ListItem","position":3,"name":"Altunizade"}]},{"@type":"WebSite","@id":"https:\/\/myvize.com.tr\/dubai\/#website","url":"https:\/\/myvize.com.tr\/dubai\/","name":"Dubai Vizesi","description":"","potentialAction":[{"@type":"SearchAction","target":{"@type":"EntryPoint","urlTemplate":"https:\/\/myvize.com.tr\/dubai\/?s={search_term_string}"},"query-input":{"@type":"PropertyValueSpecification","valueRequired":true,"valueName":"search_term_string"}}],"inLanguage":"tr"}]}},"_links":{"self":[{"href":"https:\/\/myvize.com.tr\/dubai\/wp-json\/wp\/v2\/pages\/178","targetHints":{"allow":["GET"]}}],"collection":[{"href":"https:\/\/myvize.com.tr\/dubai\/wp-json\/wp\/v2\/pages"}],"about":[{"href":"https:\/\/myvize.com.tr\/dubai\/wp-json\/wp\/v2\/types\/page"}],"author":[{"embeddable":true,"href":"https:\/\/myvize.com.tr\/dubai\/wp-json\/wp\/v2\/users\/1"}],"replies":[{"embeddable":true,"href":"https:\/\/myvize.com.tr\/dubai\/wp-json\/wp\/v2\/comments?post=178"}],"version-history":[{"count":5,"href":"https:\/\/myvize.com.tr\/dubai\/wp-json\/wp\/v2\/pages\/178\/revisions"}],"predecessor-version":[{"id":700,"href":"https:\/\/myvize.com.tr\/dubai\/wp-json\/wp\/v2\/pages\/178\/revisions\/700"}],"up":[{"embeddable":true,"href":"https:\/\/myvize.com.tr\/dubai\/wp-json\/wp\/v2\/pages\/147"}],"wp:attachment":[{"href":"https:\/\/myvize.com.tr\/dubai\/wp-json\/wp\/v2\/media?parent=178"}],"curies":[{"name":"wp","href":"https:\/\/api.w.org\/{rel}","templated":true}]}}