{"id":172,"date":"2021-01-15T16:16:49","date_gmt":"2021-01-15T13:16:49","guid":{"rendered":"https:\/\/myvize.com.tr\/dubai\/?page_id=172"},"modified":"2023-02-23T12:08:27","modified_gmt":"2023-02-23T09:08:27","slug":"bursa","status":"publish","type":"page","link":"https:\/\/myvize.com.tr\/dubai\/subelerimiz\/bursa\/","title":{"rendered":"Bursa"},"content":{"rendered":"<h2><span style=\"font-family: Roboto; font-size: 27px;\"><strong>Dubai Vize Ba\u015fvuru Merkezi, Bursa<\/strong><\/span><\/h2>\n<p><span style=\"font-family: Roboto; font-size: 14px;\">Dubai\u2019ye seyahat edecek olan vatanda\u015flar e\u011fer gri, siyah ya da ye\u015fil pasaporta sahip de\u011filse, bu durumda vize almak ile y\u00fck\u00fcml\u00fcd\u00fcr. <strong>Birle\u015fik Arap Emirlikleri<\/strong> ismi ile de an\u0131lan Dubai, s\u00f6z\u00fc ge\u00e7en bu 3 pasaporta sahip olan vatanda\u015flar\u0131n 90 g\u00fcn boyunca \u00fclkede vizesiz bulunmalar\u0131na izin verir. Ancak 90 g\u00fcn\u00fc a\u015facak seyahatlerin olmas\u0131 durumunda bu pasaport sahiplerinin de yine vize alarak \u00fclkede kalmay\u0131 s\u00fcrd\u00fcrmeleri m\u00fcmk\u00fcn olur.<\/span><\/p>\n<p><span style=\"font-family: Roboto; font-size: 14px;\">T\u00fcrkiye\u2019de <strong>Dubai vize ba\u015fvurusu<\/strong> i\u00e7in yetkili kurum \u0130stanbul\u2019da bulunan Dubai Konsoloslu\u011fu\u2019dur. Ancak Bursa\u2019da ikamet eden ve \u0130stanbul\u2019da bulunamayacak olan vatanda\u015flar, Bursa\u2019da bulunan ve konsolosluk taraf\u0131ndan resmi yetkiye sahip olan vize acenteleri ile de ileti\u015fime ge\u00e7erek \u015fahsi vize ba\u015fvuru i\u015flemlerini ba\u015flatabilirler. <span style=\"color: #2acec2;\"><strong><a style=\"color: #2acec2;\" href=\"https:\/\/myvize.com.tr\/dubai\/subelerimiz\/bursa\/\" target=\"_blank\" rel=\"noopener\">Bursa<\/a><\/strong><\/span> genelinde hizmet verme yetkisine sahip olan <strong>resmi vize acenteleri<\/strong>, vize ba\u015fvuru s\u00fcrecinde vatanda\u015flar\u0131n b\u00fct\u00fcn evraklar\u0131n\u0131n haz\u0131rlanmas\u0131nda ve ba\u015fvurunun yap\u0131lmas\u0131nda vatanda\u015flar ile yak\u0131ndan ilgilenmektedir.<\/span><\/p>\n<p><span style=\"font-family: Roboto; font-size: 14px;\"><strong>Bursa Dubai vize ba\u015fvurusu<\/strong>\u00a0i\u015fleminin ard\u0131ndan de\u011ferlendirme s\u00fcrecinden \u00e7\u0131kacak olan sonucu bekleyen vatanda\u015flar, yan\u0131t\u0131n olumlu olmas\u0131 halinde, sahip olacaklar\u0131 vize ile Dubai\u2019ye seyahatlerini ger\u00e7ekle\u015ftirebilirler.<\/span><\/p>\n","protected":false},"excerpt":{"rendered":"<p>Dubai Vize Ba\u015fvuru Merkezi, Bursa Dubai\u2019ye seyahat edecek olan vatanda\u015flar e\u011fer gri, siyah ya da ye\u015fil pasaporta sahip de\u011filse, bu durumda vize almak ile y\u00fck\u00fcml\u00fcd\u00fcr. Birle\u015fik Arap Emirlikleri ismi ile de an\u0131lan Dubai, s\u00f6z\u00fc ge\u00e7en bu 3 pasaporta sahip olan vatanda\u015flar\u0131n 90 g\u00fcn boyunca \u00fclkede vizesiz bulunmalar\u0131na izin verir. Ancak 90 g\u00fcn\u00fc a\u015facak seyahatlerin olmas\u0131<\/p>\n","protected":false},"author":1,"featured_media":0,"parent":147,"menu_order":0,"comment_status":"closed","ping_status":"closed","template":"","meta":{"footnotes":""},"class_list":["post-172","page","type-page","status-publish","hentry"],"yoast_head":"<!-- This site is optimized with the Yoast SEO plugin v24.0 - https:\/\/yoast.com\/wordpress\/plugins\/seo\/ -->\n<title>Dubai Vize Ba\u015fvuru \u015eubesi Bursa - MyVize Vize Ba\u015fvuru Merkezi<\/title>\n<meta name=\"description\" content=\"Dubai Vize Ba\u015fvuru \u015eubesi Bursa Vize Ba\u015fvuru Merkezi. Dubai Vizesi Nas\u0131l Al\u0131n\u0131r? Ba\u015fvuru \u0130\u00e7in Bursa \u015eubemizi Aray\u0131n: 0850 346 84 93\" \/>\n<meta name=\"robots\" content=\"index, follow, max-snippet:-1, max-image-preview:large, max-video-preview:-1\" \/>\n<link rel=\"canonical\" href=\"https:\/\/myvize.com.tr\/dubai\/subelerimiz\/bursa\/\" \/>\n<meta property=\"og:locale\" content=\"tr_TR\" \/>\n<meta property=\"og:type\" content=\"article\" \/>\n<meta property=\"og:title\" content=\"Dubai Vize Ba\u015fvuru \u015eubesi Bursa - MyVize Vize Ba\u015fvuru Merkezi\" \/>\n<meta property=\"og:description\" content=\"Dubai Vize Ba\u015fvuru \u015eubesi Bursa Vize Ba\u015fvuru Merkezi. Dubai Vizesi Nas\u0131l Al\u0131n\u0131r? Ba\u015fvuru \u0130\u00e7in Bursa \u015eubemizi Aray\u0131n: 0850 346 84 93\" \/>\n<meta property=\"og:url\" content=\"https:\/\/myvize.com.tr\/dubai\/subelerimiz\/bursa\/\" \/>\n<meta property=\"og:site_name\" content=\"Dubai Vizesi\" \/>\n<meta property=\"article:modified_time\" content=\"2023-02-23T09:08:27+00:00\" \/>\n<meta name=\"twitter:card\" content=\"summary_large_image\" \/>\n<meta name=\"twitter:label1\" content=\"Tahmini okuma s\u00fcresi\" \/>\n\t<meta name=\"twitter:data1\" content=\"1 dakika\" \/>\n<script type=\"application\/ld+json\" class=\"yoast-schema-graph\">{\"@context\":\"https:\/\/schema.org\",\"@graph\":[{\"@type\":\"WebPage\",\"@id\":\"https:\/\/myvize.com.tr\/dubai\/subelerimiz\/bursa\/\",\"url\":\"https:\/\/myvize.com.tr\/dubai\/subelerimiz\/bursa\/\",\"name\":\"Dubai Vize Ba\u015fvuru \u015eubesi Bursa - MyVize Vize Ba\u015fvuru Merkezi\",\"isPartOf\":{\"@id\":\"https:\/\/myvize.com.tr\/dubai\/#website\"},\"datePublished\":\"2021-01-15T13:16:49+00:00\",\"dateModified\":\"2023-02-23T09:08:27+00:00\",\"description\":\"Dubai Vize Ba\u015fvuru \u015eubesi Bursa Vize Ba\u015fvuru Merkezi. Dubai Vizesi Nas\u0131l Al\u0131n\u0131r? Ba\u015fvuru \u0130\u00e7in Bursa \u015eubemizi Aray\u0131n: 0850 346 84 93\",\"breadcrumb\":{\"@id\":\"https:\/\/myvize.com.tr\/dubai\/subelerimiz\/bursa\/#breadcrumb\"},\"inLanguage\":\"tr\",\"potentialAction\":[{\"@type\":\"ReadAction\",\"target\":[\"https:\/\/myvize.com.tr\/dubai\/subelerimiz\/bursa\/\"]}]},{\"@type\":\"BreadcrumbList\",\"@id\":\"https:\/\/myvize.com.tr\/dubai\/subelerimiz\/bursa\/#breadcrumb\",\"itemListElement\":[{\"@type\":\"ListItem\",\"position\":1,\"name\":\"Anasayfa\",\"item\":\"https:\/\/myvize.com.tr\/dubai\/\"},{\"@type\":\"ListItem\",\"position\":2,\"name\":\"\u015eUBELER\u0130M\u0130Z\",\"item\":\"https:\/\/myvize.com.tr\/dubai\/subelerimiz\/\"},{\"@type\":\"ListItem\",\"position\":3,\"name\":\"Bursa\"}]},{\"@type\":\"WebSite\",\"@id\":\"https:\/\/myvize.com.tr\/dubai\/#website\",\"url\":\"https:\/\/myvize.com.tr\/dubai\/\",\"name\":\"Dubai Vizesi\",\"description\":\"\",\"potentialAction\":[{\"@type\":\"SearchAction\",\"target\":{\"@type\":\"EntryPoint\",\"urlTemplate\":\"https:\/\/myvize.com.tr\/dubai\/?s={search_term_string}\"},\"query-input\":{\"@type\":\"PropertyValueSpecification\",\"valueRequired\":true,\"valueName\":\"search_term_string\"}}],\"inLanguage\":\"tr\"}]}<\/script>\n<!-- \/ Yoast SEO plugin. -->","yoast_head_json":{"title":"Dubai Vize Ba\u015fvuru \u015eubesi Bursa - MyVize Vize Ba\u015fvuru Merkezi","description":"Dubai Vize Ba\u015fvuru \u015eubesi Bursa Vize Ba\u015fvuru Merkezi. Dubai Vizesi Nas\u0131l Al\u0131n\u0131r? Ba\u015fvuru \u0130\u00e7in Bursa \u015eubemizi Aray\u0131n: 0850 346 84 93","robots":{"index":"index","follow":"follow","max-snippet":"max-snippet:-1","max-image-preview":"max-image-preview:large","max-video-preview":"max-video-preview:-1"},"canonical":"https:\/\/myvize.com.tr\/dubai\/subelerimiz\/bursa\/","og_locale":"tr_TR","og_type":"article","og_title":"Dubai Vize Ba\u015fvuru \u015eubesi Bursa - MyVize Vize Ba\u015fvuru Merkezi","og_description":"Dubai Vize Ba\u015fvuru \u015eubesi Bursa Vize Ba\u015fvuru Merkezi. Dubai Vizesi Nas\u0131l Al\u0131n\u0131r? Ba\u015fvuru \u0130\u00e7in Bursa \u015eubemizi Aray\u0131n: 0850 346 84 93","og_url":"https:\/\/myvize.com.tr\/dubai\/subelerimiz\/bursa\/","og_site_name":"Dubai Vizesi","article_modified_time":"2023-02-23T09:08:27+00:00","twitter_card":"summary_large_image","twitter_misc":{"Tahmini okuma s\u00fcresi":"1 dakika"},"schema":{"@context":"https:\/\/schema.org","@graph":[{"@type":"WebPage","@id":"https:\/\/myvize.com.tr\/dubai\/subelerimiz\/bursa\/","url":"https:\/\/myvize.com.tr\/dubai\/subelerimiz\/bursa\/","name":"Dubai Vize Ba\u015fvuru \u015eubesi Bursa - MyVize Vize Ba\u015fvuru Merkezi","isPartOf":{"@id":"https:\/\/myvize.com.tr\/dubai\/#website"},"datePublished":"2021-01-15T13:16:49+00:00","dateModified":"2023-02-23T09:08:27+00:00","description":"Dubai Vize Ba\u015fvuru \u015eubesi Bursa Vize Ba\u015fvuru Merkezi. Dubai Vizesi Nas\u0131l Al\u0131n\u0131r? Ba\u015fvuru \u0130\u00e7in Bursa \u015eubemizi Aray\u0131n: 0850 346 84 93","breadcrumb":{"@id":"https:\/\/myvize.com.tr\/dubai\/subelerimiz\/bursa\/#breadcrumb"},"inLanguage":"tr","potentialAction":[{"@type":"ReadAction","target":["https:\/\/myvize.com.tr\/dubai\/subelerimiz\/bursa\/"]}]},{"@type":"BreadcrumbList","@id":"https:\/\/myvize.com.tr\/dubai\/subelerimiz\/bursa\/#breadcrumb","itemListElement":[{"@type":"ListItem","position":1,"name":"Anasayfa","item":"https:\/\/myvize.com.tr\/dubai\/"},{"@type":"ListItem","position":2,"name":"\u015eUBELER\u0130M\u0130Z","item":"https:\/\/myvize.com.tr\/dubai\/subelerimiz\/"},{"@type":"ListItem","position":3,"name":"Bursa"}]},{"@type":"WebSite","@id":"https:\/\/myvize.com.tr\/dubai\/#website","url":"https:\/\/myvize.com.tr\/dubai\/","name":"Dubai Vizesi","description":"","potentialAction":[{"@type":"SearchAction","target":{"@type":"EntryPoint","urlTemplate":"https:\/\/myvize.com.tr\/dubai\/?s={search_term_string}"},"query-input":{"@type":"PropertyValueSpecification","valueRequired":true,"valueName":"search_term_string"}}],"inLanguage":"tr"}]}},"_links":{"self":[{"href":"https:\/\/myvize.com.tr\/dubai\/wp-json\/wp\/v2\/pages\/172","targetHints":{"allow":["GET"]}}],"collection":[{"href":"https:\/\/myvize.com.tr\/dubai\/wp-json\/wp\/v2\/pages"}],"about":[{"href":"https:\/\/myvize.com.tr\/dubai\/wp-json\/wp\/v2\/types\/page"}],"author":[{"embeddable":true,"href":"https:\/\/myvize.com.tr\/dubai\/wp-json\/wp\/v2\/users\/1"}],"replies":[{"embeddable":true,"href":"https:\/\/myvize.com.tr\/dubai\/wp-json\/wp\/v2\/comments?post=172"}],"version-history":[{"count":6,"href":"https:\/\/myvize.com.tr\/dubai\/wp-json\/wp\/v2\/pages\/172\/revisions"}],"predecessor-version":[{"id":751,"href":"https:\/\/myvize.com.tr\/dubai\/wp-json\/wp\/v2\/pages\/172\/revisions\/751"}],"up":[{"embeddable":true,"href":"https:\/\/myvize.com.tr\/dubai\/wp-json\/wp\/v2\/pages\/147"}],"wp:attachment":[{"href":"https:\/\/myvize.com.tr\/dubai\/wp-json\/wp\/v2\/media?parent=172"}],"curies":[{"name":"wp","href":"https:\/\/api.w.org\/{rel}","templated":true}]}}