{"id":170,"date":"2021-01-15T16:16:34","date_gmt":"2021-01-15T13:16:34","guid":{"rendered":"https:\/\/myvize.com.tr\/dubai\/?page_id=170"},"modified":"2023-02-23T12:14:45","modified_gmt":"2023-02-23T09:14:45","slug":"ankara","status":"publish","type":"page","link":"https:\/\/myvize.com.tr\/dubai\/subelerimiz\/ankara\/","title":{"rendered":"Ankara"},"content":{"rendered":"<p><span style=\"font-family: Roboto;\"><\/span><\/p>\r\n<h2><span style=\"font-family: Roboto; font-size: 27px;\"><strong>Dubai Vize Ba\u015fvuru Merkezi , Ankara<\/strong><\/span><\/h2>\r\n<p><span style=\"font-family: Roboto; font-size: 14px;\"><strong>Dubai Ankara vize merkezi\u00a0<\/strong>sitemize ho\u015f geldiniz.<\/span><\/p>\r\n<p><span style=\"font-family: Roboto; font-size: 14px;\">\r\n\r\n<\/span><\/p>\r\n<p><span style=\"font-family: Roboto; font-size: 14px;\">De\u011ferli ziyaret\u00e7imiz bu sitemiz<span style=\"color: #2acec2;\"><strong><a style=\"color: #2acec2;\" href=\"https:\/\/myvize.com.tr\/dubai\/dubai-vize\/\" target=\"_blank\" rel=\"noopener\"> Dubai vizesi<\/a><\/strong><\/span> i\u00e7in ba\u015fvuru yapmak isteyen ya da ba\u015fvuru yapmay\u0131 d\u00fc\u015f\u00fcnen ki\u015filer i\u00e7in ayr\u0131nt\u0131l\u0131 bir \u015fekilde haz\u0131rlanm\u0131\u015ft\u0131r.\u00a0<strong>Dubai Ankara vize merkezi\u00a0<\/strong>bu konuda size yard\u0131mc\u0131 olmak i\u00e7in vard\u0131r. Sizden istenilen belgeleri ve s\u00fcrecin i\u015fleyi\u015fi hakk\u0131nda size bilgi vermektedir.\u00a0<strong>Dubai Ankara vize merkezi\u00a0<\/strong>ofisimize randevu almadan hafta i\u00e7i 08.30 \u2013 18.00 ve hafta sonu 08.30 \u2013 14.00 saatleri aras\u0131nda ziyaret edebilirsiniz.<\/span><\/p>\r\n<p><span style=\"font-family: Roboto; font-size: 14px;\">\r\n\r\n<\/span><\/p>\r\n<h2 class=\"wp-block-heading\"><strong><span style=\"font-family: Roboto; font-size: 27px;\">Dubai Vize \u0130\u015flemleri S\u00fcreci Nas\u0131l \u0130lerler?<\/span><\/strong><\/h2>\r\n<p><span style=\"font-family: Roboto; font-size: 14px;\">\r\n\r\n<\/span><\/p>\r\n<p><span style=\"font-family: Roboto; font-size: 14px;\"><strong>Dubai Ankara vize merkezi\u00a0<\/strong>ofisimizden Dubai\u2019ye ger\u00e7ekle\u015ftirilmesi d\u00fc\u015f\u00fcn\u00fclen seyahatler i\u00e7in online olarak <span style=\"color: #2acec2;\"><strong><a style=\"color: #2acec2;\" href=\"https:\/\/myvize.com.tr\/dubai\/vize-islemleri\/dubai-vize-basvuru-formu\/\" target=\"_blank\" rel=\"noopener\">Dubai vize ba\u015fvuru formu<\/a><\/strong><\/span> d\u00fczenlenmesi gerekir. Online forumda doldurulmas\u0131 gereken t\u00fcm bilgiler ayr\u0131nt\u0131l\u0131 bir \u015fekilde belirtilmi\u015ftir. Ancak ba\u015fvuru i\u015flemlerinden \u00f6nce ne t\u00fcr bir vizeye ba\u015fvuru yapmak istedi\u011finizi belirtmeniz gerekir.<\/span><\/p>\r\n<p><span style=\"font-family: Roboto; font-size: 14px;\">\r\n\r\n<\/span><\/p>\r\n<p><span style=\"font-family: Roboto; font-size: 14px;\">Vize t\u00fcr\u00fcn\u00fc belirledikten sonra gerekli olan evraklar\u0131 taray\u0131c\u0131dan renkli olarak tarat\u0131p vize ba\u015fvuru formunu eksiksiz doldurup sisteme y\u00fcklemelisiniz.\u00a0 Dubai vize i\u015flemlerinde \u00f6deme yapt\u0131\u011f\u0131n\u0131z da vize i\u00e7in ret cevab\u0131 al\u0131rsan\u0131z e\u011fer \u00f6demi\u015f oldu\u011funuz tutar geri size \u00f6denmez.<\/span><\/p>\r\n<h2><span style=\"font-family: Roboto; font-size: 27px;\"><strong>Ankara Dubai Vize Ba\u015fvurusu<\/strong><\/span><\/h2>\r\n<p><span style=\"font-family: Roboto; font-size: 14px;\">Dubai seyahati s\u0131ras\u0131nda vatanda\u015flar\u0131n yan\u0131nda bulunmas\u0131 gereken<strong> Dubai vizesi<\/strong>, Birle\u015fik Arap Emirlikleri G\u00f6\u00e7menlik Ofisi arac\u0131l\u0131\u011f\u0131 ile vatanda\u015flara verilebilir. Cuma ve cumartesi g\u00fcnleri kapal\u0131 olan merkezde haftan\u0131n di\u011fer g\u00fcnleri vatanda\u015flar vize ba\u015fvuru i\u015flemlerini ger\u00e7ekle\u015ftirebilirler.<\/span><\/p>\r\n<p><span style=\"font-family: Roboto; font-size: 14px;\"><strong>Ankara Dubai vize ba\u015fvurusu<\/strong>\u00a0i\u00e7in yetkili olan kurumda randevu alarak haz\u0131r bulunan vatanda\u015flar vize almak i\u00e7in gerekli evraklar\u0131 haz\u0131rlad\u0131ktan sonra ba\u015fvuru i\u00e7in ilk resmi ad\u0131m\u0131 atabilir ve vize ba\u015fvurusundan gelecek de\u011ferlendirme sonucunu beklemeye ba\u015flayabilirler.<\/span><\/p>\r\n<p><span style=\"font-family: Roboto; font-size: 14px;\">Dubai genelde turistik nedenlerden dolay\u0131 ziyaret edilen bir \u00fclkedir e genelde bu \u00fclkeye yap\u0131lacak olan vize ba\u015fvurular\u0131 olumlu olarak sonu\u00e7lan\u0131r.\u00a0 Herhangi bir su\u00e7a kar\u0131\u015fmam\u0131\u015f olan ve <strong>Dubai H\u00fck\u00fcmeti<\/strong> ile ge\u00e7mi\u015finde bir p\u00fcr\u00fcz bulunmayan vatanda\u015flar, yapacaklar\u0131 vize ba\u015fvurusundan olumlu olarak sonu\u00e7 alabilirler. \u015eayet vize ba\u015fvurusundan olumsuz yan\u0131t alan vatanda\u015flar, olumsuzlu\u011fa neden olan kriter hakk\u0131nda iyile\u015ftirme yaparak tekrar vize ba\u015fvuru s\u00fcrecini ba\u015flatabilir ve <strong>Dubai vizesi<\/strong> almak i\u00e7in ba\u015fvuruda bulunabilirler. Ankara\u2019da <strong>Dubai vizesi<\/strong> verme konusunda yetkiye sahip resmi acenteler ile ileti\u015fime ge\u00e7ilerek bu s\u00fcrecin daha kontroll\u00fc ve do\u011fru bir \u015fekilde y\u00f6netilmesi de m\u00fcmk\u00fcn olur.<\/span><\/p>\r\n<p><span style=\"font-family: Roboto;\"><\/span><\/p>","protected":false},"excerpt":{"rendered":"<p>Dubai Vize Ba\u015fvuru Merkezi , Ankara Dubai Ankara vize merkezi\u00a0sitemize ho\u015f geldiniz. De\u011ferli ziyaret\u00e7imiz bu sitemiz Dubai vizesi i\u00e7in ba\u015fvuru yapmak isteyen ya da ba\u015fvuru yapmay\u0131 d\u00fc\u015f\u00fcnen ki\u015filer i\u00e7in ayr\u0131nt\u0131l\u0131 bir \u015fekilde haz\u0131rlanm\u0131\u015ft\u0131r.\u00a0Dubai Ankara vize merkezi\u00a0bu konuda size yard\u0131mc\u0131 olmak i\u00e7in vard\u0131r. Sizden istenilen belgeleri ve s\u00fcrecin i\u015fleyi\u015fi hakk\u0131nda size bilgi vermektedir.\u00a0Dubai Ankara vize merkezi\u00a0ofisimize<\/p>\n","protected":false},"author":1,"featured_media":0,"parent":147,"menu_order":0,"comment_status":"closed","ping_status":"closed","template":"","meta":{"footnotes":""},"class_list":["post-170","page","type-page","status-publish","hentry"],"yoast_head":"<!-- This site is optimized with the Yoast SEO plugin v24.0 - https:\/\/yoast.com\/wordpress\/plugins\/seo\/ -->\n<title>Dubai Vize Ba\u015fvuru \u015eubesi Ankara - MyVize Vize Ba\u015fvuru Merkezi<\/title>\n<meta name=\"description\" content=\"Dubai Vize Ba\u015fvuru \u015eubesi Ankara Vize Ba\u015fvuru Merkezi. Dubai Vizesi Nas\u0131l Al\u0131n\u0131r? Ba\u015fvuru \u0130\u00e7in Ankara \u015eubemizi Ara: 0850 346 84 93\" \/>\n<meta name=\"robots\" content=\"index, follow, max-snippet:-1, max-image-preview:large, max-video-preview:-1\" \/>\n<link rel=\"canonical\" href=\"https:\/\/myvize.com.tr\/dubai\/subelerimiz\/ankara\/\" \/>\n<meta property=\"og:locale\" content=\"tr_TR\" \/>\n<meta property=\"og:type\" content=\"article\" \/>\n<meta property=\"og:title\" content=\"Dubai Vize Ba\u015fvuru \u015eubesi Ankara - MyVize Vize Ba\u015fvuru Merkezi\" \/>\n<meta property=\"og:description\" content=\"Dubai Vize Ba\u015fvuru \u015eubesi Ankara Vize Ba\u015fvuru Merkezi. Dubai Vizesi Nas\u0131l Al\u0131n\u0131r? Ba\u015fvuru \u0130\u00e7in Ankara \u015eubemizi Ara: 0850 346 84 93\" \/>\n<meta property=\"og:url\" content=\"https:\/\/myvize.com.tr\/dubai\/subelerimiz\/ankara\/\" \/>\n<meta property=\"og:site_name\" content=\"Dubai Vizesi\" \/>\n<meta property=\"article:modified_time\" content=\"2023-02-23T09:14:45+00:00\" \/>\n<meta name=\"twitter:card\" content=\"summary_large_image\" \/>\n<meta name=\"twitter:label1\" content=\"Tahmini okuma s\u00fcresi\" \/>\n\t<meta name=\"twitter:data1\" content=\"2 dakika\" \/>\n<script type=\"application\/ld+json\" class=\"yoast-schema-graph\">{\"@context\":\"https:\/\/schema.org\",\"@graph\":[{\"@type\":\"WebPage\",\"@id\":\"https:\/\/myvize.com.tr\/dubai\/subelerimiz\/ankara\/\",\"url\":\"https:\/\/myvize.com.tr\/dubai\/subelerimiz\/ankara\/\",\"name\":\"Dubai Vize Ba\u015fvuru \u015eubesi Ankara - MyVize Vize Ba\u015fvuru Merkezi\",\"isPartOf\":{\"@id\":\"https:\/\/myvize.com.tr\/dubai\/#website\"},\"datePublished\":\"2021-01-15T13:16:34+00:00\",\"dateModified\":\"2023-02-23T09:14:45+00:00\",\"description\":\"Dubai Vize Ba\u015fvuru \u015eubesi Ankara Vize Ba\u015fvuru Merkezi. Dubai Vizesi Nas\u0131l Al\u0131n\u0131r? Ba\u015fvuru \u0130\u00e7in Ankara \u015eubemizi Ara: 0850 346 84 93\",\"breadcrumb\":{\"@id\":\"https:\/\/myvize.com.tr\/dubai\/subelerimiz\/ankara\/#breadcrumb\"},\"inLanguage\":\"tr\",\"potentialAction\":[{\"@type\":\"ReadAction\",\"target\":[\"https:\/\/myvize.com.tr\/dubai\/subelerimiz\/ankara\/\"]}]},{\"@type\":\"BreadcrumbList\",\"@id\":\"https:\/\/myvize.com.tr\/dubai\/subelerimiz\/ankara\/#breadcrumb\",\"itemListElement\":[{\"@type\":\"ListItem\",\"position\":1,\"name\":\"Anasayfa\",\"item\":\"https:\/\/myvize.com.tr\/dubai\/\"},{\"@type\":\"ListItem\",\"position\":2,\"name\":\"\u015eUBELER\u0130M\u0130Z\",\"item\":\"https:\/\/myvize.com.tr\/dubai\/subelerimiz\/\"},{\"@type\":\"ListItem\",\"position\":3,\"name\":\"Ankara\"}]},{\"@type\":\"WebSite\",\"@id\":\"https:\/\/myvize.com.tr\/dubai\/#website\",\"url\":\"https:\/\/myvize.com.tr\/dubai\/\",\"name\":\"Dubai Vizesi\",\"description\":\"\",\"potentialAction\":[{\"@type\":\"SearchAction\",\"target\":{\"@type\":\"EntryPoint\",\"urlTemplate\":\"https:\/\/myvize.com.tr\/dubai\/?s={search_term_string}\"},\"query-input\":{\"@type\":\"PropertyValueSpecification\",\"valueRequired\":true,\"valueName\":\"search_term_string\"}}],\"inLanguage\":\"tr\"}]}<\/script>\n<!-- \/ Yoast SEO plugin. -->","yoast_head_json":{"title":"Dubai Vize Ba\u015fvuru \u015eubesi Ankara - MyVize Vize Ba\u015fvuru Merkezi","description":"Dubai Vize Ba\u015fvuru \u015eubesi Ankara Vize Ba\u015fvuru Merkezi. Dubai Vizesi Nas\u0131l Al\u0131n\u0131r? Ba\u015fvuru \u0130\u00e7in Ankara \u015eubemizi Ara: 0850 346 84 93","robots":{"index":"index","follow":"follow","max-snippet":"max-snippet:-1","max-image-preview":"max-image-preview:large","max-video-preview":"max-video-preview:-1"},"canonical":"https:\/\/myvize.com.tr\/dubai\/subelerimiz\/ankara\/","og_locale":"tr_TR","og_type":"article","og_title":"Dubai Vize Ba\u015fvuru \u015eubesi Ankara - MyVize Vize Ba\u015fvuru Merkezi","og_description":"Dubai Vize Ba\u015fvuru \u015eubesi Ankara Vize Ba\u015fvuru Merkezi. Dubai Vizesi Nas\u0131l Al\u0131n\u0131r? Ba\u015fvuru \u0130\u00e7in Ankara \u015eubemizi Ara: 0850 346 84 93","og_url":"https:\/\/myvize.com.tr\/dubai\/subelerimiz\/ankara\/","og_site_name":"Dubai Vizesi","article_modified_time":"2023-02-23T09:14:45+00:00","twitter_card":"summary_large_image","twitter_misc":{"Tahmini okuma s\u00fcresi":"2 dakika"},"schema":{"@context":"https:\/\/schema.org","@graph":[{"@type":"WebPage","@id":"https:\/\/myvize.com.tr\/dubai\/subelerimiz\/ankara\/","url":"https:\/\/myvize.com.tr\/dubai\/subelerimiz\/ankara\/","name":"Dubai Vize Ba\u015fvuru \u015eubesi Ankara - MyVize Vize Ba\u015fvuru Merkezi","isPartOf":{"@id":"https:\/\/myvize.com.tr\/dubai\/#website"},"datePublished":"2021-01-15T13:16:34+00:00","dateModified":"2023-02-23T09:14:45+00:00","description":"Dubai Vize Ba\u015fvuru \u015eubesi Ankara Vize Ba\u015fvuru Merkezi. Dubai Vizesi Nas\u0131l Al\u0131n\u0131r? Ba\u015fvuru \u0130\u00e7in Ankara \u015eubemizi Ara: 0850 346 84 93","breadcrumb":{"@id":"https:\/\/myvize.com.tr\/dubai\/subelerimiz\/ankara\/#breadcrumb"},"inLanguage":"tr","potentialAction":[{"@type":"ReadAction","target":["https:\/\/myvize.com.tr\/dubai\/subelerimiz\/ankara\/"]}]},{"@type":"BreadcrumbList","@id":"https:\/\/myvize.com.tr\/dubai\/subelerimiz\/ankara\/#breadcrumb","itemListElement":[{"@type":"ListItem","position":1,"name":"Anasayfa","item":"https:\/\/myvize.com.tr\/dubai\/"},{"@type":"ListItem","position":2,"name":"\u015eUBELER\u0130M\u0130Z","item":"https:\/\/myvize.com.tr\/dubai\/subelerimiz\/"},{"@type":"ListItem","position":3,"name":"Ankara"}]},{"@type":"WebSite","@id":"https:\/\/myvize.com.tr\/dubai\/#website","url":"https:\/\/myvize.com.tr\/dubai\/","name":"Dubai Vizesi","description":"","potentialAction":[{"@type":"SearchAction","target":{"@type":"EntryPoint","urlTemplate":"https:\/\/myvize.com.tr\/dubai\/?s={search_term_string}"},"query-input":{"@type":"PropertyValueSpecification","valueRequired":true,"valueName":"search_term_string"}}],"inLanguage":"tr"}]}},"_links":{"self":[{"href":"https:\/\/myvize.com.tr\/dubai\/wp-json\/wp\/v2\/pages\/170","targetHints":{"allow":["GET"]}}],"collection":[{"href":"https:\/\/myvize.com.tr\/dubai\/wp-json\/wp\/v2\/pages"}],"about":[{"href":"https:\/\/myvize.com.tr\/dubai\/wp-json\/wp\/v2\/types\/page"}],"author":[{"embeddable":true,"href":"https:\/\/myvize.com.tr\/dubai\/wp-json\/wp\/v2\/users\/1"}],"replies":[{"embeddable":true,"href":"https:\/\/myvize.com.tr\/dubai\/wp-json\/wp\/v2\/comments?post=170"}],"version-history":[{"count":6,"href":"https:\/\/myvize.com.tr\/dubai\/wp-json\/wp\/v2\/pages\/170\/revisions"}],"predecessor-version":[{"id":754,"href":"https:\/\/myvize.com.tr\/dubai\/wp-json\/wp\/v2\/pages\/170\/revisions\/754"}],"up":[{"embeddable":true,"href":"https:\/\/myvize.com.tr\/dubai\/wp-json\/wp\/v2\/pages\/147"}],"wp:attachment":[{"href":"https:\/\/myvize.com.tr\/dubai\/wp-json\/wp\/v2\/media?parent=170"}],"curies":[{"name":"wp","href":"https:\/\/api.w.org\/{rel}","templated":true}]}}