{"id":168,"date":"2021-01-15T16:16:16","date_gmt":"2021-01-15T13:16:16","guid":{"rendered":"https:\/\/myvize.com.tr\/dubai\/?page_id=168"},"modified":"2023-02-23T12:35:31","modified_gmt":"2023-02-23T09:35:31","slug":"konya","status":"publish","type":"page","link":"https:\/\/myvize.com.tr\/dubai\/subelerimiz\/konya\/","title":{"rendered":"Konya"},"content":{"rendered":"<h2><span style=\"font-family: Roboto; font-size: 27px;\"><strong>Dubai Vize Ba\u015fvuru Merkezi, Konya<\/strong><\/span><\/h2>\n<p><span style=\"font-family: Roboto; font-size: 14px;\">Konya\u2019da ikamet eden vatanda\u015flar, Konya\u2019da hizmet veren ve vize vermek i\u00e7in resmi yetkiye sahip olan<strong> Dubai G\u00f6\u00e7menlik B\u00fcrosu<\/strong> ile ileti\u015fime ge\u00e7erek resmi vize ba\u015fvurusunda bulunabilir. <strong>Dubai vizesi<\/strong> konusunda resmi yetkiye sahip olan kurum \u0130stanbul\u2019da hizmet veren Dubai Konsoloslu\u011fudur. Ancak buraya ula\u015famayacak olan vatanda\u015flar Konya\u2019da ikamet adreslerine yak\u0131n vize acenteleri ile ileti\u015fime ge\u00e7erek de vize ba\u015fvuru s\u00fcrecini ba\u015flatabilirler.<\/span><\/p>\n<p><span style=\"font-family: Roboto; font-size: 14px;\"><strong>Konya Dubai vize ba\u015fvurusu<\/strong>\u00a0i\u015flemler i\u00e7in ilk ad\u0131mda vatanda\u015flar\u0131n vize evraklar\u0131n\u0131 haz\u0131rlamalar\u0131 gerekir. Evraklar\u0131n\u0131 eksiksiz bir \u015fekilde haz\u0131rlayan vatanda\u015flar vize ba\u015fvuru talep formunu da hatas\u0131z bir \u015fekilde doldurarak<strong> Dubai vizesi<\/strong> i\u00e7in resmi ba\u015fvuru i\u015flemlerini ger\u00e7ekle\u015ftirebilirler.<\/span><\/p>\n<p><span style=\"font-family: Roboto; font-size: 14px;\"><strong>Dubai seyahati<\/strong> \u00f6ncesinde vatanda\u015flar\u0131n almas\u0131 gereken <strong>Dubai vizesinin<\/strong> bir\u00e7ok farkl\u0131 \u00e7e\u015fidi bulunur. Yap\u0131lacak seyahate ve seyahatin zaman\u0131na g\u00f6re \u00e7ok say\u0131da vize t\u00fcr\u00fc i\u00e7erisinden vatanda\u015flar\u0131n seyahatlerine en uygun vize t\u00fcr\u00fcne karar vermeleri ve ba\u015fvurular\u0131n\u0131 bu do\u011frultuda ger\u00e7ekle\u015ftirmeleri \u00f6nemlidir. Vize de\u011ferlendirmesinden olumlu yan\u0131t alan vatanda\u015flar vize ge\u00e7erlilik s\u00fcresi boyunca Dubai\u2019de sorunsuz bir \u015fekilde bulunabilirler. Vize ge\u00e7erlilik s\u00fcresi dolan vatanda\u015flar, e\u011fer Dubai\u2019de ikamet etmeye devam etmek isterse, bu durumda tekrar vize ba\u015fvurusunda bulunmal\u0131 ve vizelerine yeniden ge\u00e7erlilik kazand\u0131rmal\u0131d\u0131rlar.<\/span><\/p>\n<p><span style=\"font-family: Roboto; font-size: 14px;\"><span style=\"color: #2acec2;\"><a style=\"color: #2acec2;\" href=\"https:\/\/myvize.com.tr\/dubai\/vize-islemleri\/dubai-vize-basvuru-formu\/\" target=\"_blank\" rel=\"noopener\"><strong>Dubai Vize Ba\u015fvuru Formu<\/strong><\/a><\/span> ile ilgili bilgi almak i\u00e7in bizi aray\u0131n.<\/span><\/p>\n","protected":false},"excerpt":{"rendered":"<p>Dubai Vize Ba\u015fvuru Merkezi, Konya Konya\u2019da ikamet eden vatanda\u015flar, Konya\u2019da hizmet veren ve vize vermek i\u00e7in resmi yetkiye sahip olan Dubai G\u00f6\u00e7menlik B\u00fcrosu ile ileti\u015fime ge\u00e7erek resmi vize ba\u015fvurusunda bulunabilir. Dubai vizesi konusunda resmi yetkiye sahip olan kurum \u0130stanbul\u2019da hizmet veren Dubai Konsoloslu\u011fudur. Ancak buraya ula\u015famayacak olan vatanda\u015flar Konya\u2019da ikamet adreslerine yak\u0131n vize acenteleri ile<\/p>\n","protected":false},"author":1,"featured_media":0,"parent":147,"menu_order":0,"comment_status":"closed","ping_status":"closed","template":"","meta":{"footnotes":""},"class_list":["post-168","page","type-page","status-publish","hentry"],"yoast_head":"<!-- This site is optimized with the Yoast SEO plugin v24.0 - https:\/\/yoast.com\/wordpress\/plugins\/seo\/ -->\n<title>Dubai Vize Ba\u015fvuru \u015eubesi Konya - MyVize Vize Ba\u015fvuru Merkezi<\/title>\n<meta name=\"description\" content=\"Dubai Vizesi Konya Vize Ba\u015fvuru Merkezi. Dubai Vizesi Nas\u0131l Al\u0131n\u0131r? Dubai Vize Randevusu. Bilgi \u0130\u00e7in Hemen Aray\u0131n: 0850 346 84 93\" \/>\n<meta name=\"robots\" content=\"index, follow, max-snippet:-1, max-image-preview:large, max-video-preview:-1\" \/>\n<link rel=\"canonical\" href=\"https:\/\/myvize.com.tr\/dubai\/subelerimiz\/konya\/\" \/>\n<meta property=\"og:locale\" content=\"tr_TR\" \/>\n<meta property=\"og:type\" content=\"article\" \/>\n<meta property=\"og:title\" content=\"Dubai Vize Ba\u015fvuru \u015eubesi Konya - MyVize Vize Ba\u015fvuru Merkezi\" \/>\n<meta property=\"og:description\" content=\"Dubai Vizesi Konya Vize Ba\u015fvuru Merkezi. Dubai Vizesi Nas\u0131l Al\u0131n\u0131r? Dubai Vize Randevusu. Bilgi \u0130\u00e7in Hemen Aray\u0131n: 0850 346 84 93\" \/>\n<meta property=\"og:url\" content=\"https:\/\/myvize.com.tr\/dubai\/subelerimiz\/konya\/\" \/>\n<meta property=\"og:site_name\" content=\"Dubai Vizesi\" \/>\n<meta property=\"article:modified_time\" content=\"2023-02-23T09:35:31+00:00\" \/>\n<meta name=\"twitter:card\" content=\"summary_large_image\" \/>\n<meta name=\"twitter:label1\" content=\"Tahmini okuma s\u00fcresi\" \/>\n\t<meta name=\"twitter:data1\" content=\"1 dakika\" \/>\n<script type=\"application\/ld+json\" class=\"yoast-schema-graph\">{\"@context\":\"https:\/\/schema.org\",\"@graph\":[{\"@type\":\"WebPage\",\"@id\":\"https:\/\/myvize.com.tr\/dubai\/subelerimiz\/konya\/\",\"url\":\"https:\/\/myvize.com.tr\/dubai\/subelerimiz\/konya\/\",\"name\":\"Dubai Vize Ba\u015fvuru \u015eubesi Konya - MyVize Vize Ba\u015fvuru Merkezi\",\"isPartOf\":{\"@id\":\"https:\/\/myvize.com.tr\/dubai\/#website\"},\"datePublished\":\"2021-01-15T13:16:16+00:00\",\"dateModified\":\"2023-02-23T09:35:31+00:00\",\"description\":\"Dubai Vizesi Konya Vize Ba\u015fvuru Merkezi. Dubai Vizesi Nas\u0131l Al\u0131n\u0131r? Dubai Vize Randevusu. Bilgi \u0130\u00e7in Hemen Aray\u0131n: 0850 346 84 93\",\"breadcrumb\":{\"@id\":\"https:\/\/myvize.com.tr\/dubai\/subelerimiz\/konya\/#breadcrumb\"},\"inLanguage\":\"tr\",\"potentialAction\":[{\"@type\":\"ReadAction\",\"target\":[\"https:\/\/myvize.com.tr\/dubai\/subelerimiz\/konya\/\"]}]},{\"@type\":\"BreadcrumbList\",\"@id\":\"https:\/\/myvize.com.tr\/dubai\/subelerimiz\/konya\/#breadcrumb\",\"itemListElement\":[{\"@type\":\"ListItem\",\"position\":1,\"name\":\"Anasayfa\",\"item\":\"https:\/\/myvize.com.tr\/dubai\/\"},{\"@type\":\"ListItem\",\"position\":2,\"name\":\"\u015eUBELER\u0130M\u0130Z\",\"item\":\"https:\/\/myvize.com.tr\/dubai\/subelerimiz\/\"},{\"@type\":\"ListItem\",\"position\":3,\"name\":\"Konya\"}]},{\"@type\":\"WebSite\",\"@id\":\"https:\/\/myvize.com.tr\/dubai\/#website\",\"url\":\"https:\/\/myvize.com.tr\/dubai\/\",\"name\":\"Dubai Vizesi\",\"description\":\"\",\"potentialAction\":[{\"@type\":\"SearchAction\",\"target\":{\"@type\":\"EntryPoint\",\"urlTemplate\":\"https:\/\/myvize.com.tr\/dubai\/?s={search_term_string}\"},\"query-input\":{\"@type\":\"PropertyValueSpecification\",\"valueRequired\":true,\"valueName\":\"search_term_string\"}}],\"inLanguage\":\"tr\"}]}<\/script>\n<!-- \/ Yoast SEO plugin. -->","yoast_head_json":{"title":"Dubai Vize Ba\u015fvuru \u015eubesi Konya - MyVize Vize Ba\u015fvuru Merkezi","description":"Dubai Vizesi Konya Vize Ba\u015fvuru Merkezi. Dubai Vizesi Nas\u0131l Al\u0131n\u0131r? Dubai Vize Randevusu. Bilgi \u0130\u00e7in Hemen Aray\u0131n: 0850 346 84 93","robots":{"index":"index","follow":"follow","max-snippet":"max-snippet:-1","max-image-preview":"max-image-preview:large","max-video-preview":"max-video-preview:-1"},"canonical":"https:\/\/myvize.com.tr\/dubai\/subelerimiz\/konya\/","og_locale":"tr_TR","og_type":"article","og_title":"Dubai Vize Ba\u015fvuru \u015eubesi Konya - MyVize Vize Ba\u015fvuru Merkezi","og_description":"Dubai Vizesi Konya Vize Ba\u015fvuru Merkezi. Dubai Vizesi Nas\u0131l Al\u0131n\u0131r? Dubai Vize Randevusu. Bilgi \u0130\u00e7in Hemen Aray\u0131n: 0850 346 84 93","og_url":"https:\/\/myvize.com.tr\/dubai\/subelerimiz\/konya\/","og_site_name":"Dubai Vizesi","article_modified_time":"2023-02-23T09:35:31+00:00","twitter_card":"summary_large_image","twitter_misc":{"Tahmini okuma s\u00fcresi":"1 dakika"},"schema":{"@context":"https:\/\/schema.org","@graph":[{"@type":"WebPage","@id":"https:\/\/myvize.com.tr\/dubai\/subelerimiz\/konya\/","url":"https:\/\/myvize.com.tr\/dubai\/subelerimiz\/konya\/","name":"Dubai Vize Ba\u015fvuru \u015eubesi Konya - MyVize Vize Ba\u015fvuru Merkezi","isPartOf":{"@id":"https:\/\/myvize.com.tr\/dubai\/#website"},"datePublished":"2021-01-15T13:16:16+00:00","dateModified":"2023-02-23T09:35:31+00:00","description":"Dubai Vizesi Konya Vize Ba\u015fvuru Merkezi. Dubai Vizesi Nas\u0131l Al\u0131n\u0131r? Dubai Vize Randevusu. Bilgi \u0130\u00e7in Hemen Aray\u0131n: 0850 346 84 93","breadcrumb":{"@id":"https:\/\/myvize.com.tr\/dubai\/subelerimiz\/konya\/#breadcrumb"},"inLanguage":"tr","potentialAction":[{"@type":"ReadAction","target":["https:\/\/myvize.com.tr\/dubai\/subelerimiz\/konya\/"]}]},{"@type":"BreadcrumbList","@id":"https:\/\/myvize.com.tr\/dubai\/subelerimiz\/konya\/#breadcrumb","itemListElement":[{"@type":"ListItem","position":1,"name":"Anasayfa","item":"https:\/\/myvize.com.tr\/dubai\/"},{"@type":"ListItem","position":2,"name":"\u015eUBELER\u0130M\u0130Z","item":"https:\/\/myvize.com.tr\/dubai\/subelerimiz\/"},{"@type":"ListItem","position":3,"name":"Konya"}]},{"@type":"WebSite","@id":"https:\/\/myvize.com.tr\/dubai\/#website","url":"https:\/\/myvize.com.tr\/dubai\/","name":"Dubai Vizesi","description":"","potentialAction":[{"@type":"SearchAction","target":{"@type":"EntryPoint","urlTemplate":"https:\/\/myvize.com.tr\/dubai\/?s={search_term_string}"},"query-input":{"@type":"PropertyValueSpecification","valueRequired":true,"valueName":"search_term_string"}}],"inLanguage":"tr"}]}},"_links":{"self":[{"href":"https:\/\/myvize.com.tr\/dubai\/wp-json\/wp\/v2\/pages\/168","targetHints":{"allow":["GET"]}}],"collection":[{"href":"https:\/\/myvize.com.tr\/dubai\/wp-json\/wp\/v2\/pages"}],"about":[{"href":"https:\/\/myvize.com.tr\/dubai\/wp-json\/wp\/v2\/types\/page"}],"author":[{"embeddable":true,"href":"https:\/\/myvize.com.tr\/dubai\/wp-json\/wp\/v2\/users\/1"}],"replies":[{"embeddable":true,"href":"https:\/\/myvize.com.tr\/dubai\/wp-json\/wp\/v2\/comments?post=168"}],"version-history":[{"count":6,"href":"https:\/\/myvize.com.tr\/dubai\/wp-json\/wp\/v2\/pages\/168\/revisions"}],"predecessor-version":[{"id":759,"href":"https:\/\/myvize.com.tr\/dubai\/wp-json\/wp\/v2\/pages\/168\/revisions\/759"}],"up":[{"embeddable":true,"href":"https:\/\/myvize.com.tr\/dubai\/wp-json\/wp\/v2\/pages\/147"}],"wp:attachment":[{"href":"https:\/\/myvize.com.tr\/dubai\/wp-json\/wp\/v2\/media?parent=168"}],"curies":[{"name":"wp","href":"https:\/\/api.w.org\/{rel}","templated":true}]}}