{"id":158,"date":"2021-01-15T16:14:48","date_gmt":"2021-01-15T13:14:48","guid":{"rendered":"https:\/\/myvize.com.tr\/dubai\/?page_id=158"},"modified":"2023-02-23T12:23:40","modified_gmt":"2023-02-23T09:23:40","slug":"antalya","status":"publish","type":"page","link":"https:\/\/myvize.com.tr\/dubai\/subelerimiz\/antalya\/","title":{"rendered":"Antalya"},"content":{"rendered":"<h2><span style=\"font-family: Roboto; font-size: 27px;\"><strong>Dubai Vize Ba\u015fvuru Merkezi, Antalya<\/strong><\/span><\/h2>\n<p><span style=\"font-family: Roboto; font-size: 14px;\">T\u00fcrkiye Cumhuriyeti\u2019nde ya\u015fayan ve bordo pasaportu bulunan her vatanda\u015f Dubai\u2019ye giri\u015f i\u00e7in vize almak zorundad\u0131r. Seyahat \u00f6ncesinde Dubai vizesine sahip olursan\u0131z, \u00fclkeye giri\u015f ve \u00e7\u0131k\u0131\u015flarda herhangi bir problem ya\u015famazs\u0131n\u0131z. <strong>Dubai vizesi<\/strong> almak isteyen vatanda\u015flar, vize ba\u015fvurusu yaparak resmi ba\u015fvuru i\u015flemlerini ba\u015flatabilirler. Bu konuda gerekli vize hizmeti, Antalya\u2019da bulunan resmi vize acenteleri arac\u0131l\u0131\u011f\u0131 ile sunulur.<\/span><\/p>\n<p><span style=\"font-family: Roboto; font-size: 14px;\">Antalya\u2019da ikamet eden vatanda\u015flar, ya\u015fad\u0131klar\u0131 adrese yak\u0131n acenteler ile ileti\u015fime ge\u00e7ebilir ve<span style=\"color: #2acec2;\"><strong><a style=\"color: #2acec2;\" href=\"https:\/\/myvize.com.tr\/dubai\/vize-islemleri\/\" target=\"_blank\" rel=\"noopener\"> Dubai vize i\u015flemleri<\/a><\/strong><\/span> i\u00e7in ba\u015fvuru yapabilir. Vize acenteleri, vize konusunda gerekli her i\u015flemde ba\u015fvuru sahiplerine yard\u0131mc\u0131 olur. Evraklar\u0131n haz\u0131rlanma s\u00fcrecinin ard\u0131ndan evraklar ilgili ki\u015filere teslim edilir. Vize ba\u015fvuru s\u00fcrecinin ard\u0131ndan olumlu bulunan ba\u015fvuru sahiplerine vize alma hakk\u0131 tan\u0131n\u0131r. Vize alma hakk\u0131 kazanan vatanda\u015flar vizeleri ge\u00e7erli oldu\u011fu s\u00fcre boyunca Dubai\u2019ye seyahatte bulunabilirler.<\/span><\/p>\n<p><span style=\"font-family: Roboto; font-size: 14px;\"><strong>Dubai vizesi<\/strong> i\u00e7in Antalya\u2019da hizmet veren acenteler vize ba\u015fvurular\u0131n\u0131 Dubai Konsoloslu\u011fu\u2019na iletir. Ayn\u0131 \u015fekilde konsolosluktan gelen cevab\u0131 da tekrar vatanda\u015flara ula\u015ft\u0131r\u0131r. Konsolosluktan yap\u0131lan de\u011ferlendirmeler baz\u0131 durumlarda olumsuz olarak sonu\u00e7lan\u0131r. Bu durumda vatanda\u015flar evraklarda bulunan eksikli\u011fi gidererek tekrar ba\u015fvuruda bulunabilir.<\/span><\/p>\n<h2><strong><span style=\"font-family: Roboto; font-size: 27px;\">Dubai Vize Ba\u015fvuru Merkezi Antalya Vize \u0130\u015flemleri<\/span><\/strong><\/h2>\n<p><span style=\"font-family: Roboto; font-size: 14px;\">Dubai seyahatinde bulunacak T\u00fcrk vatanda\u015flar\u0131, Dubai seyahatinin amac\u0131na uygun vize t\u00fcr\u00fcn\u00fc belirleyip vize ba\u015fvurusunda bulunmak zorundalar.\u00a0<strong>Dubai vize ba\u015fvuru merkezi Antalya vize i\u015flemleri<\/strong>, Dubai seyahatine uygun olan vize ba\u015fvuru formunu doldurmakla ba\u015flan\u0131r. Dubai vize i\u015flemlerinde vize merkezi Antalya sizin ad\u0131n\u0131za vize ba\u015fvurunuzu yapabilmektedir. Dubai vizesi s\u00fcresince evraklar\u0131n haz\u0131rlanmas\u0131nda ve takibinde vize s\u00fcrecinin kurallar\u0131na uygun olacak \u015fekilde yaparak vize ba\u015fvurusunu yapan ki\u015fiye destek sa\u011flar. Dubai vizesi almak i\u00e7in Dubai Konsoloslu\u011fu\u2019na \u015fahsi ba\u015fvuru yapman\u0131za gerek yoktur. Bunun yan\u0131nda Dubai Konsoloslu\u011fu\u2019nda parmak izi verme i\u015flemi de olmad\u0131\u011f\u0131 i\u00e7in gerekecek evraklar\u0131 kargo ile veya e-mail adresi \u00fczerinden Dubai Antalya vize merkezine g\u00f6nderebilirsiniz. Evraklar vize merkezine geldikten sonra sizin ad\u0131n\u0131za Dubai vize ba\u015fvurusunu yapmaktay\u0131z. Dubai vize i\u015flemleri online yap\u0131lmas\u0131 nedeniyle vize ba\u015fvurular\u0131n\u0131 vize merkezi Dubai sayfas\u0131na girerek yap\u0131labilir. Dubai vize ba\u015fvurular\u0131n\u0131 Antalya \u015fubelerine ba\u015fvuru yaparak yapabilirsiniz.<\/span><\/p>\n<h2><strong><span style=\"font-family: Roboto; font-size: 27px;\">Dubai Vize Ba\u015fvuru Merkezi Antalya Vize Ba\u015fvurusu<\/span><\/strong><\/h2>\n<p><span style=\"font-family: Roboto; font-size: 14px;\"><strong>Dubai vizesi almak<\/strong> i\u00e7in ilk olarak seyahatin amac\u0131na uygun vize t\u00fcr\u00fcn\u00fc belirlemek gerekir. <strong>Dubai Vize Ba\u015fvuru Merkezi Antalya vize ba\u015fvurusu<\/strong> Dubai vizesine online olarak ba\u015fvuru yap\u0131labilmektedir. Vize ba\u015fvuru formunu Dubai Konsoloslu\u011fu\u2019nun internet sayfas\u0131ndan doldurulabilir. Daha sonra Dubai vizesi i\u00e7in gerekli evraklar haz\u0131rlan\u0131r ve kargo veya e-posta ile Antalya vize merkezine g\u00f6nderilir. Dubai Antalya vize merkezine gelen evraklar, incelenir ve Dubai Konsoloslu\u011fu\u2019na g\u00f6nderilir. Dubai Konsoloslu\u011fu sizin ad\u0131n\u0131za gelen evraklar\u0131 inceler ve eksik bir belge yoksa vize i\u015fleminizin onaylanmas\u0131na karar verir. Dubai Antalya vize ba\u015fvuru sonu\u00e7lar\u0131 genellikle 7 g\u00fcn i\u00e7erisinde a\u00e7\u0131klan\u0131r. Dubai vizesi ba\u015fvuru sonucu sizin adresinize posta yoluyla g\u00f6nderilir. Dubai vizesi ba\u015fvurusundaki evraklar i\u00e7erisindeki bilgiler do\u011fru ve g\u00fcncel olan bilgiler olmas\u0131 zorunludur. Yanl\u0131\u015f bilgi verilmesi durumunda veya eksik olan bir belge nedeniyle Dubai vize ba\u015fvurunuz iptal olur. \u0130ptal olan vize ba\u015fvurunuzu daha sonra yeniden yapmak zorunda kal\u0131rs\u0131n\u0131z.<\/span><\/p>\n<h3><strong><span style=\"font-family: Roboto; font-size: 24px;\">Dubai Vize Ba\u015fvuru Merkezi Antalya Vize Randevusu<\/span><\/strong><\/h3>\n<p><span style=\"font-family: Roboto; font-size: 14px;\"><strong>Dubai vize<\/strong> ba\u015fvurusunu yapacak T\u00fcrk vatanda\u015f\u0131,\u00a0<strong>Dubai vize ba\u015fvuru merkezi Antalya vize randevusu<\/strong>\u00a0i\u015flemlerini sizin ad\u0131n\u0131za yapmaktad\u0131r. Belirleyece\u011finiz bir Antalya vize merkezine Dubai vizesi ba\u015fvurusu yapmak istedi\u011finizi belirtin. Vize merkezi sizin ad\u0131n\u0131za vize i\u015flemlerini ba\u015flat\u0131r. Siz Dubai seyahatinin nedenini belirlemeniz ve bu seyahatin nedenine uygun olan vize t\u00fcr\u00fcne g\u00f6re evrak haz\u0131rlaman\u0131z gerekir. Dubai Konsoloslu\u011fu\u2019nda vize ba\u015fvurusu i\u00e7in randevu al\u0131nmas\u0131na gerek yoktur. Bunun yan\u0131nda<strong> Dubai vizesi almak<\/strong> i\u00e7in \u015fahsen ba\u015fvuru da yapamazs\u0131n\u0131z. Bunun i\u00e7in Dubai Konsoloslu\u011fu taraf\u0131ndan anla\u015f\u0131lan vize merkezleri arac\u0131l\u0131\u011f\u0131yla yap\u0131l\u0131r. \u0130nternet \u00fczerinden Dubai Konsoloslu\u011fu\u2019na ait olan web sitesinden giri\u015fi yaparak ba\u015fvurunuzu yapabilirsiniz. Dubai vize ba\u015fvurunuzu Antalya ilinde bulunan vize merkezleri veya seyahat acenteleri sizin ad\u0131n\u0131za yapabilirler. Vize i\u00e7in gerekli evraklar\u0131 haz\u0131rlay\u0131p vize merkezine g\u00f6nderin. Gelen evraklar\u0131 vize merkezi sizin ad\u0131n\u0131za Dubai Konsoloslu\u011fu\u2019na teslim eder. Vize randevu i\u015flemi olmad\u0131\u011f\u0131 i\u00e7in ba\u015fvurular h\u0131zl\u0131 bir \u015fekilde yap\u0131l\u0131r.<\/span><\/p>\n","protected":false},"excerpt":{"rendered":"<p>Dubai Vize Ba\u015fvuru Merkezi, Antalya T\u00fcrkiye Cumhuriyeti\u2019nde ya\u015fayan ve bordo pasaportu bulunan her vatanda\u015f Dubai\u2019ye giri\u015f i\u00e7in vize almak zorundad\u0131r. Seyahat \u00f6ncesinde Dubai vizesine sahip olursan\u0131z, \u00fclkeye giri\u015f ve \u00e7\u0131k\u0131\u015flarda herhangi bir problem ya\u015famazs\u0131n\u0131z. Dubai vizesi almak isteyen vatanda\u015flar, vize ba\u015fvurusu yaparak resmi ba\u015fvuru i\u015flemlerini ba\u015flatabilirler. Bu konuda gerekli vize hizmeti, Antalya\u2019da bulunan resmi vize<\/p>\n","protected":false},"author":1,"featured_media":0,"parent":147,"menu_order":0,"comment_status":"closed","ping_status":"closed","template":"","meta":{"footnotes":""},"class_list":["post-158","page","type-page","status-publish","hentry"],"yoast_head":"<!-- This site is optimized with the Yoast SEO plugin v24.0 - https:\/\/yoast.com\/wordpress\/plugins\/seo\/ -->\n<title>Dubai Vize Ba\u015fvuru \u015eubesi Antalya - MyVize Vize Ba\u015fvuru Merkezi<\/title>\n<meta name=\"description\" content=\"Dubai Vizesi Antalya Vize Ba\u015fvuru Merkezi. Dubai Vizesi Antalya Vize Randevusu Nas\u0131l Al\u0131n\u0131r? Bilgi \u0130\u00e7in Aray\u0131n: 0850 346 84 93\" \/>\n<meta name=\"robots\" content=\"index, follow, max-snippet:-1, max-image-preview:large, max-video-preview:-1\" \/>\n<link rel=\"canonical\" href=\"https:\/\/myvize.com.tr\/dubai\/subelerimiz\/antalya\/\" \/>\n<meta property=\"og:locale\" content=\"tr_TR\" \/>\n<meta property=\"og:type\" content=\"article\" \/>\n<meta property=\"og:title\" content=\"Dubai Vize Ba\u015fvuru \u015eubesi Antalya - MyVize Vize Ba\u015fvuru Merkezi\" \/>\n<meta property=\"og:description\" content=\"Dubai Vizesi Antalya Vize Ba\u015fvuru Merkezi. Dubai Vizesi Antalya Vize Randevusu Nas\u0131l Al\u0131n\u0131r? Bilgi \u0130\u00e7in Aray\u0131n: 0850 346 84 93\" \/>\n<meta property=\"og:url\" content=\"https:\/\/myvize.com.tr\/dubai\/subelerimiz\/antalya\/\" \/>\n<meta property=\"og:site_name\" content=\"Dubai Vizesi\" \/>\n<meta property=\"article:modified_time\" content=\"2023-02-23T09:23:40+00:00\" \/>\n<meta name=\"twitter:card\" content=\"summary_large_image\" \/>\n<meta name=\"twitter:label1\" content=\"Tahmini okuma s\u00fcresi\" \/>\n\t<meta name=\"twitter:data1\" content=\"3 dakika\" \/>\n<script type=\"application\/ld+json\" class=\"yoast-schema-graph\">{\"@context\":\"https:\/\/schema.org\",\"@graph\":[{\"@type\":\"WebPage\",\"@id\":\"https:\/\/myvize.com.tr\/dubai\/subelerimiz\/antalya\/\",\"url\":\"https:\/\/myvize.com.tr\/dubai\/subelerimiz\/antalya\/\",\"name\":\"Dubai Vize Ba\u015fvuru \u015eubesi Antalya - MyVize Vize Ba\u015fvuru Merkezi\",\"isPartOf\":{\"@id\":\"https:\/\/myvize.com.tr\/dubai\/#website\"},\"datePublished\":\"2021-01-15T13:14:48+00:00\",\"dateModified\":\"2023-02-23T09:23:40+00:00\",\"description\":\"Dubai Vizesi Antalya Vize Ba\u015fvuru Merkezi. Dubai Vizesi Antalya Vize Randevusu Nas\u0131l Al\u0131n\u0131r? Bilgi \u0130\u00e7in Aray\u0131n: 0850 346 84 93\",\"breadcrumb\":{\"@id\":\"https:\/\/myvize.com.tr\/dubai\/subelerimiz\/antalya\/#breadcrumb\"},\"inLanguage\":\"tr\",\"potentialAction\":[{\"@type\":\"ReadAction\",\"target\":[\"https:\/\/myvize.com.tr\/dubai\/subelerimiz\/antalya\/\"]}]},{\"@type\":\"BreadcrumbList\",\"@id\":\"https:\/\/myvize.com.tr\/dubai\/subelerimiz\/antalya\/#breadcrumb\",\"itemListElement\":[{\"@type\":\"ListItem\",\"position\":1,\"name\":\"Anasayfa\",\"item\":\"https:\/\/myvize.com.tr\/dubai\/\"},{\"@type\":\"ListItem\",\"position\":2,\"name\":\"\u015eUBELER\u0130M\u0130Z\",\"item\":\"https:\/\/myvize.com.tr\/dubai\/subelerimiz\/\"},{\"@type\":\"ListItem\",\"position\":3,\"name\":\"Antalya\"}]},{\"@type\":\"WebSite\",\"@id\":\"https:\/\/myvize.com.tr\/dubai\/#website\",\"url\":\"https:\/\/myvize.com.tr\/dubai\/\",\"name\":\"Dubai Vizesi\",\"description\":\"\",\"potentialAction\":[{\"@type\":\"SearchAction\",\"target\":{\"@type\":\"EntryPoint\",\"urlTemplate\":\"https:\/\/myvize.com.tr\/dubai\/?s={search_term_string}\"},\"query-input\":{\"@type\":\"PropertyValueSpecification\",\"valueRequired\":true,\"valueName\":\"search_term_string\"}}],\"inLanguage\":\"tr\"}]}<\/script>\n<!-- \/ Yoast SEO plugin. -->","yoast_head_json":{"title":"Dubai Vize Ba\u015fvuru \u015eubesi Antalya - MyVize Vize Ba\u015fvuru Merkezi","description":"Dubai Vizesi Antalya Vize Ba\u015fvuru Merkezi. Dubai Vizesi Antalya Vize Randevusu Nas\u0131l Al\u0131n\u0131r? Bilgi \u0130\u00e7in Aray\u0131n: 0850 346 84 93","robots":{"index":"index","follow":"follow","max-snippet":"max-snippet:-1","max-image-preview":"max-image-preview:large","max-video-preview":"max-video-preview:-1"},"canonical":"https:\/\/myvize.com.tr\/dubai\/subelerimiz\/antalya\/","og_locale":"tr_TR","og_type":"article","og_title":"Dubai Vize Ba\u015fvuru \u015eubesi Antalya - MyVize Vize Ba\u015fvuru Merkezi","og_description":"Dubai Vizesi Antalya Vize Ba\u015fvuru Merkezi. Dubai Vizesi Antalya Vize Randevusu Nas\u0131l Al\u0131n\u0131r? Bilgi \u0130\u00e7in Aray\u0131n: 0850 346 84 93","og_url":"https:\/\/myvize.com.tr\/dubai\/subelerimiz\/antalya\/","og_site_name":"Dubai Vizesi","article_modified_time":"2023-02-23T09:23:40+00:00","twitter_card":"summary_large_image","twitter_misc":{"Tahmini okuma s\u00fcresi":"3 dakika"},"schema":{"@context":"https:\/\/schema.org","@graph":[{"@type":"WebPage","@id":"https:\/\/myvize.com.tr\/dubai\/subelerimiz\/antalya\/","url":"https:\/\/myvize.com.tr\/dubai\/subelerimiz\/antalya\/","name":"Dubai Vize Ba\u015fvuru \u015eubesi Antalya - MyVize Vize Ba\u015fvuru Merkezi","isPartOf":{"@id":"https:\/\/myvize.com.tr\/dubai\/#website"},"datePublished":"2021-01-15T13:14:48+00:00","dateModified":"2023-02-23T09:23:40+00:00","description":"Dubai Vizesi Antalya Vize Ba\u015fvuru Merkezi. Dubai Vizesi Antalya Vize Randevusu Nas\u0131l Al\u0131n\u0131r? Bilgi \u0130\u00e7in Aray\u0131n: 0850 346 84 93","breadcrumb":{"@id":"https:\/\/myvize.com.tr\/dubai\/subelerimiz\/antalya\/#breadcrumb"},"inLanguage":"tr","potentialAction":[{"@type":"ReadAction","target":["https:\/\/myvize.com.tr\/dubai\/subelerimiz\/antalya\/"]}]},{"@type":"BreadcrumbList","@id":"https:\/\/myvize.com.tr\/dubai\/subelerimiz\/antalya\/#breadcrumb","itemListElement":[{"@type":"ListItem","position":1,"name":"Anasayfa","item":"https:\/\/myvize.com.tr\/dubai\/"},{"@type":"ListItem","position":2,"name":"\u015eUBELER\u0130M\u0130Z","item":"https:\/\/myvize.com.tr\/dubai\/subelerimiz\/"},{"@type":"ListItem","position":3,"name":"Antalya"}]},{"@type":"WebSite","@id":"https:\/\/myvize.com.tr\/dubai\/#website","url":"https:\/\/myvize.com.tr\/dubai\/","name":"Dubai Vizesi","description":"","potentialAction":[{"@type":"SearchAction","target":{"@type":"EntryPoint","urlTemplate":"https:\/\/myvize.com.tr\/dubai\/?s={search_term_string}"},"query-input":{"@type":"PropertyValueSpecification","valueRequired":true,"valueName":"search_term_string"}}],"inLanguage":"tr"}]}},"_links":{"self":[{"href":"https:\/\/myvize.com.tr\/dubai\/wp-json\/wp\/v2\/pages\/158","targetHints":{"allow":["GET"]}}],"collection":[{"href":"https:\/\/myvize.com.tr\/dubai\/wp-json\/wp\/v2\/pages"}],"about":[{"href":"https:\/\/myvize.com.tr\/dubai\/wp-json\/wp\/v2\/types\/page"}],"author":[{"embeddable":true,"href":"https:\/\/myvize.com.tr\/dubai\/wp-json\/wp\/v2\/users\/1"}],"replies":[{"embeddable":true,"href":"https:\/\/myvize.com.tr\/dubai\/wp-json\/wp\/v2\/comments?post=158"}],"version-history":[{"count":6,"href":"https:\/\/myvize.com.tr\/dubai\/wp-json\/wp\/v2\/pages\/158\/revisions"}],"predecessor-version":[{"id":756,"href":"https:\/\/myvize.com.tr\/dubai\/wp-json\/wp\/v2\/pages\/158\/revisions\/756"}],"up":[{"embeddable":true,"href":"https:\/\/myvize.com.tr\/dubai\/wp-json\/wp\/v2\/pages\/147"}],"wp:attachment":[{"href":"https:\/\/myvize.com.tr\/dubai\/wp-json\/wp\/v2\/media?parent=158"}],"curies":[{"name":"wp","href":"https:\/\/api.w.org\/{rel}","templated":true}]}}