{"id":138,"date":"2021-01-15T16:02:54","date_gmt":"2021-01-15T13:02:54","guid":{"rendered":"https:\/\/myvize.com.tr\/dubai\/?page_id=138"},"modified":"2021-10-20T16:54:10","modified_gmt":"2021-10-20T13:54:10","slug":"oturum-2","status":"publish","type":"page","link":"https:\/\/myvize.com.tr\/dubai\/oturum-2\/","title":{"rendered":"DUBA\u0130 OTURUM KARTI"},"content":{"rendered":"<p><span style=\"font-family: Roboto;\"><\/span><\/p>\r\n<p><span style=\"font-family: Roboto; font-size: 14px;\">Birle\u015fik Arap Emirlikleri\u2019ne ait 7 emirlikten biri olan <strong>Dubai modern yap\u0131s\u0131<\/strong>, geli\u015fmi\u015f ula\u015f\u0131m imk\u00e2nlar\u0131 ve zengin yeralt\u0131 kaynaklar\u0131 ile bilinir. Dubai&#8217;de dikkatleri \u00e7eken en \u00f6nemli detay ise d\u00fcnyan\u0131n en b\u00fcy\u00fck \u015firket ve ofislerinin yer ald\u0131\u011f\u0131 g\u00f6kdelenlerdir. Bunun d\u0131\u015f\u0131nda konaklama ama\u00e7l\u0131 yap\u0131lan otellerde l\u00fcks ve ihti\u015fam\u0131 ile g\u00f6renleri hayran b\u0131rak\u0131yor. Her mevsim s\u0131cak bir iklime sahip olan y\u0131l boyu farkl\u0131 \u00fclkelerden gelen turistlerin ziyaretine ev sahipli\u011fi yatar. T\u00fcrkiye\u2019de Dubai\u2019ye giderek kal\u0131c\u0131 <strong>oturum vizesi<\/strong> almak isteyen vatanda\u015flar\u0131n birtak\u0131m prosed\u00fcrleri yerine getirmesi gerekir. <strong>Dubai oturum vizesi<\/strong> almak hem zaman al\u0131c\u0131 hem de kolay de\u011fildir. Bu nedenle t\u00fcm a\u015famalar\u0131 dikkatli bir \u015fekilde tamamlanmas\u0131 gerekir. Dubai&#8217;de ya\u015famak isteyenler farkl\u0131 \u015fekilde oturum vizesi alabilirler. Bunlar Dubai&#8217;de \u015firket kurmak ya da m\u00fclk sahibi olmakt\u0131r.<\/span><\/p>\r\n<p><span style=\"font-family: Roboto; font-size: 14px;\"><span style=\"color: #2acec2;\"><strong><a style=\"color: #2acec2;\" href=\"https:\/\/myvize.com.tr\/dubai\/vize-islemleri\/dubai-vize-basvuru-formu\/\" target=\"_blank\" rel=\"noopener\">Dubai Vize Ba\u015fvuru Formu<\/a><\/strong><\/span> ile ilgili bilgi almak i\u00e7in bizi aray\u0131n.<\/span><\/p>\r\n<p><span style=\"font-family: Roboto; font-size: 14px;\"> <img decoding=\"async\" src=\"https:\/\/myvize.com.tr\/dubai\/wp-content\/uploads\/2021\/10\/41.jpg\" \/> <\/span><\/p>\r\n<h2><span style=\"font-family: Roboto; font-size: 27px;\"><strong>\u015eirket Kurma Yoluyla Dubai Oturum Vizesi Alma \u015eartlar\u0131<\/strong><\/span><\/h2>\r\n<p><span style=\"font-family: Roboto; font-size: 14px;\">\r\n\r\n<\/span><\/p>\r\n<p><span style=\"font-family: Roboto; font-size: 14px;\">Oturum vizesi alarak Dubai&#8217;de ya\u015famak isteyenlerin maddi olanaklar bak\u0131m\u0131ndan durumunun iyi olmas\u0131 gerekir. Bu nedenle Dubai i\u015f ama\u00e7l\u0131 gelen yabanc\u0131lara daha kolay <strong>oturum vizesi<\/strong> veriyor. T\u00fcrk vatanda\u015flar\u0131 \u015firket kurarak oturum izni alabilirler. Bu nedenle ba\u015fvuru i\u00e7in gerekli \u015fu evraklar\u0131 tamamlamalar\u0131 gerekir:<\/span><\/p>\r\n<p><span style=\"font-family: Roboto; font-size: 14px;\">\r\n\r\n<\/span><\/p>\r\n<p><span style=\"font-family: Roboto; font-size: 14px;\">l 18 ya\u015f \u00fczeri olmak<\/span><\/p>\r\n<p><span style=\"font-family: Roboto; font-size: 14px;\">\r\n\r\n<\/span><\/p>\r\n<p><span style=\"font-family: Roboto; font-size: 14px;\">l Ba\u015fvuran ki\u015finin Birle\u015fik Arap emirlikleri i\u00e7erisinde \u015firket sahibi olmas\u0131<\/span><\/p>\r\n<p><span style=\"font-family: Roboto; font-size: 14px;\">\r\n\r\n<\/span><\/p>\r\n<p><span style=\"font-family: Roboto; font-size: 14px;\">l \u015eirket yeri ve ikametg\u00e2h i\u00e7in \u015firket taraf\u0131ndan imzal\u0131 ve damgal\u0131 ba\u015fvuru yap\u0131lmal\u0131d\u0131r.<\/span><\/p>\r\n<p><span style=\"font-family: Roboto; font-size: 14px;\">\r\n\r\n<\/span><\/p>\r\n<p><span style=\"font-family: Roboto; font-size: 14px;\">l Pasaport<\/span><\/p>\r\n<p><span style=\"font-family: Roboto; font-size: 14px;\">\r\n\r\n<\/span><\/p>\r\n<p><span style=\"font-family: Roboto; font-size: 14px;\">l Giri\u015f izni asl\u0131<\/span><\/p>\r\n<p><span style=\"font-family: Roboto; font-size: 14px;\">\r\n\r\n<\/span><\/p>\r\n<p><span style=\"font-family: Roboto; font-size: 14px;\">l Detayl\u0131 sa\u011fl\u0131k kontrol\u00fcn\u00fcn yap\u0131lmas\u0131 ve bunun belgelerle sunulmas\u0131<\/span><\/p>\r\n<p><span style=\"font-family: Roboto; font-size: 14px;\">\r\n\r\n<\/span><\/p>\r\n<p><span style=\"font-family: Roboto; font-size: 14px;\">l Parmak izi<\/span><\/p>\r\n<p><span style=\"font-family: Roboto; font-size: 14px;\">\r\n\r\n<\/span><\/p>\r\n<p><span style=\"font-family: Roboto; font-size: 14px;\">l Biyometrik foto\u011fraf<\/span><\/p>\r\n<p><span style=\"font-family: Roboto; font-size: 14px;\">\r\n\r\n<\/span><\/p>\r\n<p><span style=\"font-family: Roboto; font-size: 14px;\">l Serbest ticaret b\u00f6lgesi lisans\u0131n\u0131n fotokopisi<\/span><\/p>\r\n<p><span style=\"font-family: Roboto; font-size: 14px;\">\r\n\r\n<\/span><\/p>\r\n<p><span style=\"font-family: Roboto; font-size: 14px;\">l \u015eirket isim kayd\u0131n\u0131 fotokopisi<\/span><\/p>\r\n<p><span style=\"font-family: Roboto; font-size: 14px;\">\r\n\r\n<\/span><\/p>\r\n<p><span style=\"font-family: Roboto; font-size: 14px;\">T\u00fcm ve belgelere ek olarak Dubai konsoloslu\u011fu taraf\u0131ndan yeni belgeler istenebilir. Belgelerin \u0130ngilizce ve Arap\u00e7a Birle\u015fik Arap emirli\u011fi noterli\u011fi taraf\u0131ndan onaylanm\u0131\u015f olmas\u0131 gerekir.<\/span><\/p>\r\n<p><span style=\"font-family: Roboto; font-size: 14px;\"> <img decoding=\"async\" src=\"https:\/\/myvize.com.tr\/dubai\/wp-content\/uploads\/2021\/10\/42.jpg\" \/> <\/span><\/p>\r\n<h2><span style=\"font-family: Roboto; font-size: 27px;\"><strong>Dubai Oturum \u0130zni Ne Kadar S\u00fcre Verilir?<\/strong><\/span><\/h2>\r\n<p><span style=\"font-family: Roboto; font-size: 14px;\">\r\n\r\n<\/span><\/p>\r\n<p><span style=\"font-family: Roboto; font-size: 14px;\"><strong>Dubai oturum vizesi<\/strong> 3 y\u0131ll\u0131k olarak gelen yabanc\u0131lara verilir. \u0130ste\u011fe ba\u011fl\u0131 olarak bu sureler yenilenebilir.<\/span><\/p>\r\n<h2><span style=\"font-family: Roboto; font-size: 27px;\"><strong>Dubai Oturum Kart\u0131 Hakk\u0131nda<\/strong><\/span><\/h2>\r\n<p><span style=\"font-family: Roboto; font-size: 14px;\">Birle\u015fik Arap Emirli\u011fi\u2019ne ait 7 emirlikten birisi olan Dubai modern yap\u0131, geli\u015fmi\u015f ula\u015f\u0131m imk\u00e2n\u0131 ve zengin yeralt\u0131 kayna\u011f\u0131 ile bilinir. Dubai&#8217;de dikkati \u00e7eken en \u00f6nemli detaysa d\u00fcnyan\u0131n en b\u00fcy\u00fck \u015firketleri ve ofisinin yer ald\u0131\u011f\u0131 g\u00f6kdelendir. Bunun d\u0131\u015f\u0131nda konaklama amac\u0131yla yap\u0131lan otelde l\u00fcks ve ihti\u015fam g\u00f6renler hayran b\u0131rak\u0131yor. Her mevsim s\u0131cak iklime sahip olan y\u0131l boyunca farkl\u0131 \u00fclkeden gelen turistin ziyaretine ev sahipli\u011fi yap\u0131yor. T\u00fcrkiye\u2019de Dubai\u2019ye gidecek kal\u0131c\u0131 oturum vize almak isteyen vatanda\u015f\u0131n birtak\u0131m prosed\u00fcr\u00fc yerine getirmesi gerekmektedir.<strong> Dubai oturum vize<\/strong> almak hem zaman al\u0131c\u0131 hem kolay de\u011fildir. Bu sebeple t\u00fcm a\u015famay\u0131 dikkatli \u015fekilde tamamlamak gerekir.<\/span><br \/><span style=\"font-family: Roboto; font-size: 14px;\"><span style=\"color: #2acec2;\"><strong><a style=\"color: #2acec2;\" href=\"https:\/\/myvize.com.tr\/dubai\/vize-islemleri\/dubai-oturum-izni\/\" target=\"_blank\" rel=\"noopener\">Dubai oturum izni <\/a><\/strong><\/span>ile Dubai s\u0131n\u0131r\u0131 i\u00e7inde ikamet edilebilmesi i\u00e7in ba\u015fvuru olumlu olarak sonu\u00e7lanmas\u0131 garantisi vermemekle birlikte yat\u0131r\u0131m ve maddi olana\u011f\u0131n bulunmas\u0131 gerekmekte. \u0130kamet izni 3 \u015fekilde verilmekte.<strong> Dubai s\u0131n\u0131rlar\u0131<\/strong> i\u00e7inde \u015firket kurma, Birle\u015fik Arap Emirlikleri vatanda\u015f\u0131yla evlilik ger\u00e7ekle\u015ftirmek ve m\u00fclk sahibi olmak yolu ile oturma izni alabilmektedir.<\/span><br \/><span style=\"font-family: Roboto; font-size: 14px;\">\u015eirket kurma yoluyla <strong>oturum izni<\/strong> sahipleri olunabilmesi i\u00e7in kurulan \u015firket ba\u015fvurusu yapacak ki\u015fiye ait olmas\u0131 gerekmekte. M\u00fclk sahipleri olarak ba\u015fvuru yap\u0131labilmesi i\u00e7in m\u00fclk ba\u015fvuru sahibi ad\u0131na olmas\u0131 \u015fart\u0131 aranmakta. \u0130kamet izni ba\u015fvurusuna bulunabilmek i\u00e7in \u015firket kurmak ya da m\u00fclk sahipleri olma \u015fart\u0131ndan birinin yerine getirilmesi gerekmekte. \u0130stenilen kriterlerde, kurallarda ger\u00e7ekle\u015ftirilen ba\u015fvurular yapabilir ve bu ba\u015fvurular\u0131n olumlu sonu\u00e7lanmas\u0131n\u0131 garanti edebilirsiniz.<\/span><\/p>\r\n<p><span style=\"font-family: Roboto;\"><\/span><\/p>","protected":false},"excerpt":{"rendered":"<p>Birle\u015fik Arap Emirlikleri\u2019ne ait 7 emirlikten biri olan Dubai modern yap\u0131s\u0131, geli\u015fmi\u015f ula\u015f\u0131m imk\u00e2nlar\u0131 ve zengin yeralt\u0131 kaynaklar\u0131 ile bilinir. Dubai&#8217;de dikkatleri \u00e7eken en \u00f6nemli detay ise d\u00fcnyan\u0131n en b\u00fcy\u00fck \u015firket ve ofislerinin yer ald\u0131\u011f\u0131 g\u00f6kdelenlerdir. Bunun d\u0131\u015f\u0131nda konaklama ama\u00e7l\u0131 yap\u0131lan otellerde l\u00fcks ve ihti\u015fam\u0131 ile g\u00f6renleri hayran b\u0131rak\u0131yor. Her mevsim s\u0131cak bir iklime sahip<\/p>\n","protected":false},"author":1,"featured_media":0,"parent":0,"menu_order":0,"comment_status":"closed","ping_status":"closed","template":"","meta":{"footnotes":""},"class_list":["post-138","page","type-page","status-publish","hentry"],"yoast_head":"<!-- This site is optimized with the Yoast SEO plugin v24.0 - https:\/\/yoast.com\/wordpress\/plugins\/seo\/ -->\n<title>Dubai Oturum Kart\u0131 - MyVize Vize Ba\u015fvuru Merkezi<\/title>\n<meta name=\"description\" content=\"Dubai Oturum Kart\u0131 Nas\u0131l Al\u0131n\u0131r? Dubai Oturum Kart\u0131 Ne \u0130\u00e7in \u00c7\u0131kart\u0131l\u0131r? Bilgi \u0130\u00e7in Vize Uzmanlar\u0131m\u0131z\u0131 Aray\u0131n: 0850 346 84 93\" \/>\n<meta name=\"robots\" content=\"index, follow, max-snippet:-1, max-image-preview:large, max-video-preview:-1\" \/>\n<link rel=\"canonical\" href=\"https:\/\/myvize.com.tr\/dubai\/oturum-2\/\" \/>\n<meta property=\"og:locale\" content=\"tr_TR\" \/>\n<meta property=\"og:type\" content=\"article\" \/>\n<meta property=\"og:title\" content=\"Dubai Oturum Kart\u0131 - MyVize Vize Ba\u015fvuru Merkezi\" \/>\n<meta property=\"og:description\" content=\"Dubai Oturum Kart\u0131 Nas\u0131l Al\u0131n\u0131r? Dubai Oturum Kart\u0131 Ne \u0130\u00e7in \u00c7\u0131kart\u0131l\u0131r? Bilgi \u0130\u00e7in Vize Uzmanlar\u0131m\u0131z\u0131 Aray\u0131n: 0850 346 84 93\" \/>\n<meta property=\"og:url\" content=\"https:\/\/myvize.com.tr\/dubai\/oturum-2\/\" \/>\n<meta property=\"og:site_name\" content=\"Dubai Vizesi\" \/>\n<meta property=\"article:modified_time\" content=\"2021-10-20T13:54:10+00:00\" \/>\n<meta property=\"og:image\" content=\"https:\/\/myvize.com.tr\/dubai\/wp-content\/uploads\/2021\/10\/41.jpg\" \/>\n<meta name=\"twitter:card\" content=\"summary_large_image\" \/>\n<meta name=\"twitter:label1\" content=\"Tahmini okuma s\u00fcresi\" \/>\n\t<meta name=\"twitter:data1\" content=\"3 dakika\" \/>\n<script type=\"application\/ld+json\" class=\"yoast-schema-graph\">{\"@context\":\"https:\/\/schema.org\",\"@graph\":[{\"@type\":\"WebPage\",\"@id\":\"https:\/\/myvize.com.tr\/dubai\/oturum-2\/\",\"url\":\"https:\/\/myvize.com.tr\/dubai\/oturum-2\/\",\"name\":\"Dubai Oturum Kart\u0131 - MyVize Vize Ba\u015fvuru Merkezi\",\"isPartOf\":{\"@id\":\"https:\/\/myvize.com.tr\/dubai\/#website\"},\"primaryImageOfPage\":{\"@id\":\"https:\/\/myvize.com.tr\/dubai\/oturum-2\/#primaryimage\"},\"image\":{\"@id\":\"https:\/\/myvize.com.tr\/dubai\/oturum-2\/#primaryimage\"},\"thumbnailUrl\":\"https:\/\/myvize.com.tr\/dubai\/wp-content\/uploads\/2021\/10\/41.jpg\",\"datePublished\":\"2021-01-15T13:02:54+00:00\",\"dateModified\":\"2021-10-20T13:54:10+00:00\",\"description\":\"Dubai Oturum Kart\u0131 Nas\u0131l Al\u0131n\u0131r? Dubai Oturum Kart\u0131 Ne \u0130\u00e7in \u00c7\u0131kart\u0131l\u0131r? Bilgi \u0130\u00e7in Vize Uzmanlar\u0131m\u0131z\u0131 Aray\u0131n: 0850 346 84 93\",\"breadcrumb\":{\"@id\":\"https:\/\/myvize.com.tr\/dubai\/oturum-2\/#breadcrumb\"},\"inLanguage\":\"tr\",\"potentialAction\":[{\"@type\":\"ReadAction\",\"target\":[\"https:\/\/myvize.com.tr\/dubai\/oturum-2\/\"]}]},{\"@type\":\"ImageObject\",\"inLanguage\":\"tr\",\"@id\":\"https:\/\/myvize.com.tr\/dubai\/oturum-2\/#primaryimage\",\"url\":\"https:\/\/myvize.com.tr\/dubai\/wp-content\/uploads\/2021\/10\/41.jpg\",\"contentUrl\":\"https:\/\/myvize.com.tr\/dubai\/wp-content\/uploads\/2021\/10\/41.jpg\",\"width\":800,\"height\":500,\"caption\":\"Dubai Oturum Kart\u0131\"},{\"@type\":\"BreadcrumbList\",\"@id\":\"https:\/\/myvize.com.tr\/dubai\/oturum-2\/#breadcrumb\",\"itemListElement\":[{\"@type\":\"ListItem\",\"position\":1,\"name\":\"Anasayfa\",\"item\":\"https:\/\/myvize.com.tr\/dubai\/\"},{\"@type\":\"ListItem\",\"position\":2,\"name\":\"DUBA\u0130 OTURUM KARTI\"}]},{\"@type\":\"WebSite\",\"@id\":\"https:\/\/myvize.com.tr\/dubai\/#website\",\"url\":\"https:\/\/myvize.com.tr\/dubai\/\",\"name\":\"Dubai Vizesi\",\"description\":\"\",\"potentialAction\":[{\"@type\":\"SearchAction\",\"target\":{\"@type\":\"EntryPoint\",\"urlTemplate\":\"https:\/\/myvize.com.tr\/dubai\/?s={search_term_string}\"},\"query-input\":{\"@type\":\"PropertyValueSpecification\",\"valueRequired\":true,\"valueName\":\"search_term_string\"}}],\"inLanguage\":\"tr\"}]}<\/script>\n<!-- \/ Yoast SEO plugin. -->","yoast_head_json":{"title":"Dubai Oturum Kart\u0131 - MyVize Vize Ba\u015fvuru Merkezi","description":"Dubai Oturum Kart\u0131 Nas\u0131l Al\u0131n\u0131r? Dubai Oturum Kart\u0131 Ne \u0130\u00e7in \u00c7\u0131kart\u0131l\u0131r? Bilgi \u0130\u00e7in Vize Uzmanlar\u0131m\u0131z\u0131 Aray\u0131n: 0850 346 84 93","robots":{"index":"index","follow":"follow","max-snippet":"max-snippet:-1","max-image-preview":"max-image-preview:large","max-video-preview":"max-video-preview:-1"},"canonical":"https:\/\/myvize.com.tr\/dubai\/oturum-2\/","og_locale":"tr_TR","og_type":"article","og_title":"Dubai Oturum Kart\u0131 - MyVize Vize Ba\u015fvuru Merkezi","og_description":"Dubai Oturum Kart\u0131 Nas\u0131l Al\u0131n\u0131r? Dubai Oturum Kart\u0131 Ne \u0130\u00e7in \u00c7\u0131kart\u0131l\u0131r? Bilgi \u0130\u00e7in Vize Uzmanlar\u0131m\u0131z\u0131 Aray\u0131n: 0850 346 84 93","og_url":"https:\/\/myvize.com.tr\/dubai\/oturum-2\/","og_site_name":"Dubai Vizesi","article_modified_time":"2021-10-20T13:54:10+00:00","og_image":[{"url":"https:\/\/myvize.com.tr\/dubai\/wp-content\/uploads\/2021\/10\/41.jpg","type":"","width":"","height":""}],"twitter_card":"summary_large_image","twitter_misc":{"Tahmini okuma s\u00fcresi":"3 dakika"},"schema":{"@context":"https:\/\/schema.org","@graph":[{"@type":"WebPage","@id":"https:\/\/myvize.com.tr\/dubai\/oturum-2\/","url":"https:\/\/myvize.com.tr\/dubai\/oturum-2\/","name":"Dubai Oturum Kart\u0131 - MyVize Vize Ba\u015fvuru Merkezi","isPartOf":{"@id":"https:\/\/myvize.com.tr\/dubai\/#website"},"primaryImageOfPage":{"@id":"https:\/\/myvize.com.tr\/dubai\/oturum-2\/#primaryimage"},"image":{"@id":"https:\/\/myvize.com.tr\/dubai\/oturum-2\/#primaryimage"},"thumbnailUrl":"https:\/\/myvize.com.tr\/dubai\/wp-content\/uploads\/2021\/10\/41.jpg","datePublished":"2021-01-15T13:02:54+00:00","dateModified":"2021-10-20T13:54:10+00:00","description":"Dubai Oturum Kart\u0131 Nas\u0131l Al\u0131n\u0131r? Dubai Oturum Kart\u0131 Ne \u0130\u00e7in \u00c7\u0131kart\u0131l\u0131r? Bilgi \u0130\u00e7in Vize Uzmanlar\u0131m\u0131z\u0131 Aray\u0131n: 0850 346 84 93","breadcrumb":{"@id":"https:\/\/myvize.com.tr\/dubai\/oturum-2\/#breadcrumb"},"inLanguage":"tr","potentialAction":[{"@type":"ReadAction","target":["https:\/\/myvize.com.tr\/dubai\/oturum-2\/"]}]},{"@type":"ImageObject","inLanguage":"tr","@id":"https:\/\/myvize.com.tr\/dubai\/oturum-2\/#primaryimage","url":"https:\/\/myvize.com.tr\/dubai\/wp-content\/uploads\/2021\/10\/41.jpg","contentUrl":"https:\/\/myvize.com.tr\/dubai\/wp-content\/uploads\/2021\/10\/41.jpg","width":800,"height":500,"caption":"Dubai Oturum Kart\u0131"},{"@type":"BreadcrumbList","@id":"https:\/\/myvize.com.tr\/dubai\/oturum-2\/#breadcrumb","itemListElement":[{"@type":"ListItem","position":1,"name":"Anasayfa","item":"https:\/\/myvize.com.tr\/dubai\/"},{"@type":"ListItem","position":2,"name":"DUBA\u0130 OTURUM KARTI"}]},{"@type":"WebSite","@id":"https:\/\/myvize.com.tr\/dubai\/#website","url":"https:\/\/myvize.com.tr\/dubai\/","name":"Dubai Vizesi","description":"","potentialAction":[{"@type":"SearchAction","target":{"@type":"EntryPoint","urlTemplate":"https:\/\/myvize.com.tr\/dubai\/?s={search_term_string}"},"query-input":{"@type":"PropertyValueSpecification","valueRequired":true,"valueName":"search_term_string"}}],"inLanguage":"tr"}]}},"_links":{"self":[{"href":"https:\/\/myvize.com.tr\/dubai\/wp-json\/wp\/v2\/pages\/138","targetHints":{"allow":["GET"]}}],"collection":[{"href":"https:\/\/myvize.com.tr\/dubai\/wp-json\/wp\/v2\/pages"}],"about":[{"href":"https:\/\/myvize.com.tr\/dubai\/wp-json\/wp\/v2\/types\/page"}],"author":[{"embeddable":true,"href":"https:\/\/myvize.com.tr\/dubai\/wp-json\/wp\/v2\/users\/1"}],"replies":[{"embeddable":true,"href":"https:\/\/myvize.com.tr\/dubai\/wp-json\/wp\/v2\/comments?post=138"}],"version-history":[{"count":8,"href":"https:\/\/myvize.com.tr\/dubai\/wp-json\/wp\/v2\/pages\/138\/revisions"}],"predecessor-version":[{"id":407,"href":"https:\/\/myvize.com.tr\/dubai\/wp-json\/wp\/v2\/pages\/138\/revisions\/407"}],"wp:attachment":[{"href":"https:\/\/myvize.com.tr\/dubai\/wp-json\/wp\/v2\/media?parent=138"}],"curies":[{"name":"wp","href":"https:\/\/api.w.org\/{rel}","templated":true}]}}