{"id":310,"date":"2021-01-21T12:47:25","date_gmt":"2021-01-21T09:47:25","guid":{"rendered":"https:\/\/myvize.com.tr\/cibuti\/?page_id=310"},"modified":"2022-01-13T13:20:04","modified_gmt":"2022-01-13T10:20:04","slug":"ankara-buyukelciligi","status":"publish","type":"page","link":"https:\/\/myvize.com.tr\/cibuti\/konsolosluklar\/ankara-buyukelciligi\/","title":{"rendered":"Cibuti Ankara B\u00fcy\u00fckel\u00e7ili\u011fi"},"content":{"rendered":"\n<h2 class=\"wp-block-heading\"><strong>Cibuti Ankara B\u00fcy\u00fckel\u00e7ili\u011fi \u0130leti\u015fim Bilgileri<\/strong><\/h2>\n","protected":false},"excerpt":{"rendered":"<p>Cibuti Ankara B\u00fcy\u00fckel\u00e7ili\u011fi \u0130leti\u015fim Bilgileri<\/p>\n","protected":false},"author":1,"featured_media":0,"parent":69,"menu_order":0,"comment_status":"closed","ping_status":"closed","template":"","meta":{"footnotes":""},"class_list":["post-310","page","type-page","status-publish","hentry"],"yoast_head":"<!-- This site is optimized with the Yoast SEO plugin v24.0 - https:\/\/yoast.com\/wordpress\/plugins\/seo\/ -->\n<title>Cibuti Ankara B\u00fcy\u00fckel\u00e7ili\u011fi Vize Ba\u015fvuru \u0130\u015flemleri - MyVize<\/title>\n<meta name=\"description\" content=\"Cibuti Ankara B\u00fcy\u00fckel\u00e7ili\u011fi vize, oturum, vatanda\u015fl\u0131k ve di\u011fer t\u00fcm konularda hizmet vermektedir. Ankara B\u00fcy\u00fckel\u00e7ili\u011fi&#039;nden randevu alm...\" \/>\n<meta name=\"robots\" content=\"index, follow, max-snippet:-1, max-image-preview:large, max-video-preview:-1\" \/>\n<link rel=\"canonical\" href=\"https:\/\/myvize.com.tr\/cibuti\/konsolosluklar\/ankara-buyukelciligi\/\" \/>\n<meta property=\"og:locale\" content=\"tr_TR\" \/>\n<meta property=\"og:type\" content=\"article\" \/>\n<meta property=\"og:title\" content=\"Cibuti Ankara B\u00fcy\u00fckel\u00e7ili\u011fi Vize Ba\u015fvuru \u0130\u015flemleri - MyVize\" \/>\n<meta property=\"og:description\" content=\"Cibuti Ankara B\u00fcy\u00fckel\u00e7ili\u011fi vize, oturum, vatanda\u015fl\u0131k ve di\u011fer t\u00fcm konularda hizmet vermektedir. Ankara B\u00fcy\u00fckel\u00e7ili\u011fi&#039;nden randevu alm...\" \/>\n<meta property=\"og:url\" content=\"https:\/\/myvize.com.tr\/cibuti\/konsolosluklar\/ankara-buyukelciligi\/\" \/>\n<meta property=\"og:site_name\" content=\"Cibuti Vizesi\" \/>\n<meta property=\"article:modified_time\" content=\"2022-01-13T10:20:04+00:00\" \/>\n<meta name=\"twitter:card\" content=\"summary_large_image\" \/>\n<meta name=\"twitter:label1\" content=\"Tahmini okuma s\u00fcresi\" \/>\n\t<meta name=\"twitter:data1\" content=\"1 dakika\" \/>\n<script type=\"application\/ld+json\" class=\"yoast-schema-graph\">{\"@context\":\"https:\/\/schema.org\",\"@graph\":[{\"@type\":\"WebPage\",\"@id\":\"https:\/\/myvize.com.tr\/cibuti\/konsolosluklar\/ankara-buyukelciligi\/\",\"url\":\"https:\/\/myvize.com.tr\/cibuti\/konsolosluklar\/ankara-buyukelciligi\/\",\"name\":\"Cibuti Ankara B\u00fcy\u00fckel\u00e7ili\u011fi Vize Ba\u015fvuru \u0130\u015flemleri - MyVize\",\"isPartOf\":{\"@id\":\"https:\/\/myvize.com.tr\/cibuti\/#website\"},\"datePublished\":\"2021-01-21T09:47:25+00:00\",\"dateModified\":\"2022-01-13T10:20:04+00:00\",\"description\":\"Cibuti Ankara B\u00fcy\u00fckel\u00e7ili\u011fi vize, oturum, vatanda\u015fl\u0131k ve di\u011fer t\u00fcm konularda hizmet vermektedir. Ankara B\u00fcy\u00fckel\u00e7ili\u011fi'nden randevu alm...\",\"breadcrumb\":{\"@id\":\"https:\/\/myvize.com.tr\/cibuti\/konsolosluklar\/ankara-buyukelciligi\/#breadcrumb\"},\"inLanguage\":\"tr\",\"potentialAction\":[{\"@type\":\"ReadAction\",\"target\":[\"https:\/\/myvize.com.tr\/cibuti\/konsolosluklar\/ankara-buyukelciligi\/\"]}]},{\"@type\":\"BreadcrumbList\",\"@id\":\"https:\/\/myvize.com.tr\/cibuti\/konsolosluklar\/ankara-buyukelciligi\/#breadcrumb\",\"itemListElement\":[{\"@type\":\"ListItem\",\"position\":1,\"name\":\"Anasayfa\",\"item\":\"https:\/\/myvize.com.tr\/cibuti\/\"},{\"@type\":\"ListItem\",\"position\":2,\"name\":\"KONSOLOSLUKLAR\",\"item\":\"https:\/\/myvize.com.tr\/cibuti\/konsolosluklar\/\"},{\"@type\":\"ListItem\",\"position\":3,\"name\":\"Cibuti Ankara B\u00fcy\u00fckel\u00e7ili\u011fi\"}]},{\"@type\":\"WebSite\",\"@id\":\"https:\/\/myvize.com.tr\/cibuti\/#website\",\"url\":\"https:\/\/myvize.com.tr\/cibuti\/\",\"name\":\"Cibuti Vizesi\",\"description\":\"\",\"potentialAction\":[{\"@type\":\"SearchAction\",\"target\":{\"@type\":\"EntryPoint\",\"urlTemplate\":\"https:\/\/myvize.com.tr\/cibuti\/?s={search_term_string}\"},\"query-input\":{\"@type\":\"PropertyValueSpecification\",\"valueRequired\":true,\"valueName\":\"search_term_string\"}}],\"inLanguage\":\"tr\"}]}<\/script>\n<!-- \/ Yoast SEO plugin. -->","yoast_head_json":{"title":"Cibuti Ankara B\u00fcy\u00fckel\u00e7ili\u011fi Vize Ba\u015fvuru \u0130\u015flemleri - MyVize","description":"Cibuti Ankara B\u00fcy\u00fckel\u00e7ili\u011fi vize, oturum, vatanda\u015fl\u0131k ve di\u011fer t\u00fcm konularda hizmet vermektedir. Ankara B\u00fcy\u00fckel\u00e7ili\u011fi'nden randevu alm...","robots":{"index":"index","follow":"follow","max-snippet":"max-snippet:-1","max-image-preview":"max-image-preview:large","max-video-preview":"max-video-preview:-1"},"canonical":"https:\/\/myvize.com.tr\/cibuti\/konsolosluklar\/ankara-buyukelciligi\/","og_locale":"tr_TR","og_type":"article","og_title":"Cibuti Ankara B\u00fcy\u00fckel\u00e7ili\u011fi Vize Ba\u015fvuru \u0130\u015flemleri - MyVize","og_description":"Cibuti Ankara B\u00fcy\u00fckel\u00e7ili\u011fi vize, oturum, vatanda\u015fl\u0131k ve di\u011fer t\u00fcm konularda hizmet vermektedir. Ankara B\u00fcy\u00fckel\u00e7ili\u011fi'nden randevu alm...","og_url":"https:\/\/myvize.com.tr\/cibuti\/konsolosluklar\/ankara-buyukelciligi\/","og_site_name":"Cibuti Vizesi","article_modified_time":"2022-01-13T10:20:04+00:00","twitter_card":"summary_large_image","twitter_misc":{"Tahmini okuma s\u00fcresi":"1 dakika"},"schema":{"@context":"https:\/\/schema.org","@graph":[{"@type":"WebPage","@id":"https:\/\/myvize.com.tr\/cibuti\/konsolosluklar\/ankara-buyukelciligi\/","url":"https:\/\/myvize.com.tr\/cibuti\/konsolosluklar\/ankara-buyukelciligi\/","name":"Cibuti Ankara B\u00fcy\u00fckel\u00e7ili\u011fi Vize Ba\u015fvuru \u0130\u015flemleri - MyVize","isPartOf":{"@id":"https:\/\/myvize.com.tr\/cibuti\/#website"},"datePublished":"2021-01-21T09:47:25+00:00","dateModified":"2022-01-13T10:20:04+00:00","description":"Cibuti Ankara B\u00fcy\u00fckel\u00e7ili\u011fi vize, oturum, vatanda\u015fl\u0131k ve di\u011fer t\u00fcm konularda hizmet vermektedir. Ankara B\u00fcy\u00fckel\u00e7ili\u011fi'nden randevu alm...","breadcrumb":{"@id":"https:\/\/myvize.com.tr\/cibuti\/konsolosluklar\/ankara-buyukelciligi\/#breadcrumb"},"inLanguage":"tr","potentialAction":[{"@type":"ReadAction","target":["https:\/\/myvize.com.tr\/cibuti\/konsolosluklar\/ankara-buyukelciligi\/"]}]},{"@type":"BreadcrumbList","@id":"https:\/\/myvize.com.tr\/cibuti\/konsolosluklar\/ankara-buyukelciligi\/#breadcrumb","itemListElement":[{"@type":"ListItem","position":1,"name":"Anasayfa","item":"https:\/\/myvize.com.tr\/cibuti\/"},{"@type":"ListItem","position":2,"name":"KONSOLOSLUKLAR","item":"https:\/\/myvize.com.tr\/cibuti\/konsolosluklar\/"},{"@type":"ListItem","position":3,"name":"Cibuti Ankara B\u00fcy\u00fckel\u00e7ili\u011fi"}]},{"@type":"WebSite","@id":"https:\/\/myvize.com.tr\/cibuti\/#website","url":"https:\/\/myvize.com.tr\/cibuti\/","name":"Cibuti Vizesi","description":"","potentialAction":[{"@type":"SearchAction","target":{"@type":"EntryPoint","urlTemplate":"https:\/\/myvize.com.tr\/cibuti\/?s={search_term_string}"},"query-input":{"@type":"PropertyValueSpecification","valueRequired":true,"valueName":"search_term_string"}}],"inLanguage":"tr"}]}},"_links":{"self":[{"href":"https:\/\/myvize.com.tr\/cibuti\/wp-json\/wp\/v2\/pages\/310","targetHints":{"allow":["GET"]}}],"collection":[{"href":"https:\/\/myvize.com.tr\/cibuti\/wp-json\/wp\/v2\/pages"}],"about":[{"href":"https:\/\/myvize.com.tr\/cibuti\/wp-json\/wp\/v2\/types\/page"}],"author":[{"embeddable":true,"href":"https:\/\/myvize.com.tr\/cibuti\/wp-json\/wp\/v2\/users\/1"}],"replies":[{"embeddable":true,"href":"https:\/\/myvize.com.tr\/cibuti\/wp-json\/wp\/v2\/comments?post=310"}],"version-history":[{"count":3,"href":"https:\/\/myvize.com.tr\/cibuti\/wp-json\/wp\/v2\/pages\/310\/revisions"}],"predecessor-version":[{"id":390,"href":"https:\/\/myvize.com.tr\/cibuti\/wp-json\/wp\/v2\/pages\/310\/revisions\/390"}],"up":[{"embeddable":true,"href":"https:\/\/myvize.com.tr\/cibuti\/wp-json\/wp\/v2\/pages\/69"}],"wp:attachment":[{"href":"https:\/\/myvize.com.tr\/cibuti\/wp-json\/wp\/v2\/media?parent=310"}],"curies":[{"name":"wp","href":"https:\/\/api.w.org\/{rel}","templated":true}]}}