{"id":308,"date":"2021-01-21T12:46:42","date_gmt":"2021-01-21T09:46:42","guid":{"rendered":"https:\/\/myvize.com.tr\/cibuti\/?page_id=308"},"modified":"2022-01-14T13:28:26","modified_gmt":"2022-01-14T10:28:26","slug":"istanbul-fahri-konsoloslugu","status":"publish","type":"page","link":"https:\/\/myvize.com.tr\/cibuti\/konsolosluklar\/istanbul-fahri-konsoloslugu\/","title":{"rendered":"Cibuti \u0130stanbul Fahri Konsoloslu\u011fu"},"content":{"rendered":"\n<h2 class=\"wp-block-heading\"><strong>Cibuti \u0130stanbul Fahri Konsoloslu\u011fu \u0130leti\u015fim Bilgileri<\/strong><\/h2>\n","protected":false},"excerpt":{"rendered":"<p>Cibuti \u0130stanbul Fahri Konsoloslu\u011fu \u0130leti\u015fim Bilgileri<\/p>\n","protected":false},"author":1,"featured_media":0,"parent":69,"menu_order":0,"comment_status":"closed","ping_status":"closed","template":"","meta":{"footnotes":""},"class_list":["post-308","page","type-page","status-publish","hentry"],"yoast_head":"<!-- This site is optimized with the Yoast SEO plugin v24.0 - https:\/\/yoast.com\/wordpress\/plugins\/seo\/ -->\n<title>Cibuti \u0130stanbul Fahri Konsoloslu\u011fu - MyVize<\/title>\n<meta name=\"description\" content=\"Cibuti \u0130stanbul Fahri Konsoloslu\u011fu vize i\u00e7in gerekli evraklar\u0131 teslim edece\u011finiz yetkili kurumlardan biridir. Bu evraklar\u0131 MyVize ile...\" \/>\n<meta name=\"robots\" content=\"index, follow, max-snippet:-1, max-image-preview:large, max-video-preview:-1\" \/>\n<link rel=\"canonical\" href=\"https:\/\/myvize.com.tr\/cibuti\/konsolosluklar\/istanbul-fahri-konsoloslugu\/\" \/>\n<meta property=\"og:locale\" content=\"tr_TR\" \/>\n<meta property=\"og:type\" content=\"article\" \/>\n<meta property=\"og:title\" content=\"Cibuti \u0130stanbul Fahri Konsoloslu\u011fu - MyVize\" \/>\n<meta property=\"og:description\" content=\"Cibuti \u0130stanbul Fahri Konsoloslu\u011fu vize i\u00e7in gerekli evraklar\u0131 teslim edece\u011finiz yetkili kurumlardan biridir. Bu evraklar\u0131 MyVize ile...\" \/>\n<meta property=\"og:url\" content=\"https:\/\/myvize.com.tr\/cibuti\/konsolosluklar\/istanbul-fahri-konsoloslugu\/\" \/>\n<meta property=\"og:site_name\" content=\"Cibuti Vizesi\" \/>\n<meta property=\"article:modified_time\" content=\"2022-01-14T10:28:26+00:00\" \/>\n<meta name=\"twitter:card\" content=\"summary_large_image\" \/>\n<meta name=\"twitter:label1\" content=\"Tahmini okuma s\u00fcresi\" \/>\n\t<meta name=\"twitter:data1\" content=\"1 dakika\" \/>\n<script type=\"application\/ld+json\" class=\"yoast-schema-graph\">{\"@context\":\"https:\/\/schema.org\",\"@graph\":[{\"@type\":\"WebPage\",\"@id\":\"https:\/\/myvize.com.tr\/cibuti\/konsolosluklar\/istanbul-fahri-konsoloslugu\/\",\"url\":\"https:\/\/myvize.com.tr\/cibuti\/konsolosluklar\/istanbul-fahri-konsoloslugu\/\",\"name\":\"Cibuti \u0130stanbul Fahri Konsoloslu\u011fu - MyVize\",\"isPartOf\":{\"@id\":\"https:\/\/myvize.com.tr\/cibuti\/#website\"},\"datePublished\":\"2021-01-21T09:46:42+00:00\",\"dateModified\":\"2022-01-14T10:28:26+00:00\",\"description\":\"Cibuti \u0130stanbul Fahri Konsoloslu\u011fu vize i\u00e7in gerekli evraklar\u0131 teslim edece\u011finiz yetkili kurumlardan biridir. Bu evraklar\u0131 MyVize ile...\",\"breadcrumb\":{\"@id\":\"https:\/\/myvize.com.tr\/cibuti\/konsolosluklar\/istanbul-fahri-konsoloslugu\/#breadcrumb\"},\"inLanguage\":\"tr\",\"potentialAction\":[{\"@type\":\"ReadAction\",\"target\":[\"https:\/\/myvize.com.tr\/cibuti\/konsolosluklar\/istanbul-fahri-konsoloslugu\/\"]}]},{\"@type\":\"BreadcrumbList\",\"@id\":\"https:\/\/myvize.com.tr\/cibuti\/konsolosluklar\/istanbul-fahri-konsoloslugu\/#breadcrumb\",\"itemListElement\":[{\"@type\":\"ListItem\",\"position\":1,\"name\":\"Anasayfa\",\"item\":\"https:\/\/myvize.com.tr\/cibuti\/\"},{\"@type\":\"ListItem\",\"position\":2,\"name\":\"KONSOLOSLUKLAR\",\"item\":\"https:\/\/myvize.com.tr\/cibuti\/konsolosluklar\/\"},{\"@type\":\"ListItem\",\"position\":3,\"name\":\"Cibuti \u0130stanbul Fahri Konsoloslu\u011fu\"}]},{\"@type\":\"WebSite\",\"@id\":\"https:\/\/myvize.com.tr\/cibuti\/#website\",\"url\":\"https:\/\/myvize.com.tr\/cibuti\/\",\"name\":\"Cibuti Vizesi\",\"description\":\"\",\"potentialAction\":[{\"@type\":\"SearchAction\",\"target\":{\"@type\":\"EntryPoint\",\"urlTemplate\":\"https:\/\/myvize.com.tr\/cibuti\/?s={search_term_string}\"},\"query-input\":{\"@type\":\"PropertyValueSpecification\",\"valueRequired\":true,\"valueName\":\"search_term_string\"}}],\"inLanguage\":\"tr\"}]}<\/script>\n<!-- \/ Yoast SEO plugin. -->","yoast_head_json":{"title":"Cibuti \u0130stanbul Fahri Konsoloslu\u011fu - MyVize","description":"Cibuti \u0130stanbul Fahri Konsoloslu\u011fu vize i\u00e7in gerekli evraklar\u0131 teslim edece\u011finiz yetkili kurumlardan biridir. Bu evraklar\u0131 MyVize ile...","robots":{"index":"index","follow":"follow","max-snippet":"max-snippet:-1","max-image-preview":"max-image-preview:large","max-video-preview":"max-video-preview:-1"},"canonical":"https:\/\/myvize.com.tr\/cibuti\/konsolosluklar\/istanbul-fahri-konsoloslugu\/","og_locale":"tr_TR","og_type":"article","og_title":"Cibuti \u0130stanbul Fahri Konsoloslu\u011fu - MyVize","og_description":"Cibuti \u0130stanbul Fahri Konsoloslu\u011fu vize i\u00e7in gerekli evraklar\u0131 teslim edece\u011finiz yetkili kurumlardan biridir. Bu evraklar\u0131 MyVize ile...","og_url":"https:\/\/myvize.com.tr\/cibuti\/konsolosluklar\/istanbul-fahri-konsoloslugu\/","og_site_name":"Cibuti Vizesi","article_modified_time":"2022-01-14T10:28:26+00:00","twitter_card":"summary_large_image","twitter_misc":{"Tahmini okuma s\u00fcresi":"1 dakika"},"schema":{"@context":"https:\/\/schema.org","@graph":[{"@type":"WebPage","@id":"https:\/\/myvize.com.tr\/cibuti\/konsolosluklar\/istanbul-fahri-konsoloslugu\/","url":"https:\/\/myvize.com.tr\/cibuti\/konsolosluklar\/istanbul-fahri-konsoloslugu\/","name":"Cibuti \u0130stanbul Fahri Konsoloslu\u011fu - MyVize","isPartOf":{"@id":"https:\/\/myvize.com.tr\/cibuti\/#website"},"datePublished":"2021-01-21T09:46:42+00:00","dateModified":"2022-01-14T10:28:26+00:00","description":"Cibuti \u0130stanbul Fahri Konsoloslu\u011fu vize i\u00e7in gerekli evraklar\u0131 teslim edece\u011finiz yetkili kurumlardan biridir. Bu evraklar\u0131 MyVize ile...","breadcrumb":{"@id":"https:\/\/myvize.com.tr\/cibuti\/konsolosluklar\/istanbul-fahri-konsoloslugu\/#breadcrumb"},"inLanguage":"tr","potentialAction":[{"@type":"ReadAction","target":["https:\/\/myvize.com.tr\/cibuti\/konsolosluklar\/istanbul-fahri-konsoloslugu\/"]}]},{"@type":"BreadcrumbList","@id":"https:\/\/myvize.com.tr\/cibuti\/konsolosluklar\/istanbul-fahri-konsoloslugu\/#breadcrumb","itemListElement":[{"@type":"ListItem","position":1,"name":"Anasayfa","item":"https:\/\/myvize.com.tr\/cibuti\/"},{"@type":"ListItem","position":2,"name":"KONSOLOSLUKLAR","item":"https:\/\/myvize.com.tr\/cibuti\/konsolosluklar\/"},{"@type":"ListItem","position":3,"name":"Cibuti \u0130stanbul Fahri Konsoloslu\u011fu"}]},{"@type":"WebSite","@id":"https:\/\/myvize.com.tr\/cibuti\/#website","url":"https:\/\/myvize.com.tr\/cibuti\/","name":"Cibuti Vizesi","description":"","potentialAction":[{"@type":"SearchAction","target":{"@type":"EntryPoint","urlTemplate":"https:\/\/myvize.com.tr\/cibuti\/?s={search_term_string}"},"query-input":{"@type":"PropertyValueSpecification","valueRequired":true,"valueName":"search_term_string"}}],"inLanguage":"tr"}]}},"_links":{"self":[{"href":"https:\/\/myvize.com.tr\/cibuti\/wp-json\/wp\/v2\/pages\/308","targetHints":{"allow":["GET"]}}],"collection":[{"href":"https:\/\/myvize.com.tr\/cibuti\/wp-json\/wp\/v2\/pages"}],"about":[{"href":"https:\/\/myvize.com.tr\/cibuti\/wp-json\/wp\/v2\/types\/page"}],"author":[{"embeddable":true,"href":"https:\/\/myvize.com.tr\/cibuti\/wp-json\/wp\/v2\/users\/1"}],"replies":[{"embeddable":true,"href":"https:\/\/myvize.com.tr\/cibuti\/wp-json\/wp\/v2\/comments?post=308"}],"version-history":[{"count":4,"href":"https:\/\/myvize.com.tr\/cibuti\/wp-json\/wp\/v2\/pages\/308\/revisions"}],"predecessor-version":[{"id":392,"href":"https:\/\/myvize.com.tr\/cibuti\/wp-json\/wp\/v2\/pages\/308\/revisions\/392"}],"up":[{"embeddable":true,"href":"https:\/\/myvize.com.tr\/cibuti\/wp-json\/wp\/v2\/pages\/69"}],"wp:attachment":[{"href":"https:\/\/myvize.com.tr\/cibuti\/wp-json\/wp\/v2\/media?parent=308"}],"curies":[{"name":"wp","href":"https:\/\/api.w.org\/{rel}","templated":true}]}}