{"id":304,"date":"2021-01-21T12:45:16","date_gmt":"2021-01-21T09:45:16","guid":{"rendered":"https:\/\/myvize.com.tr\/cibuti\/?page_id=304"},"modified":"2022-01-13T12:32:13","modified_gmt":"2022-01-13T09:32:13","slug":"vize-ucretleri","status":"publish","type":"page","link":"https:\/\/myvize.com.tr\/cibuti\/vize-islemleri\/vize-ucretleri\/","title":{"rendered":"Cibuti Vize \u00dccretleri"},"content":{"rendered":"\n<h2 class=\"wp-block-heading\"><strong>Cibuti Vize \u00dccretleri Hakk\u0131nda<\/strong><\/h2>\n","protected":false},"excerpt":{"rendered":"<p>Cibuti Vize \u00dccretleri Hakk\u0131nda<\/p>\n","protected":false},"author":1,"featured_media":0,"parent":18,"menu_order":0,"comment_status":"closed","ping_status":"closed","template":"","meta":{"footnotes":""},"class_list":["post-304","page","type-page","status-publish","hentry"],"yoast_head":"<!-- This site is optimized with the Yoast SEO plugin v24.0 - https:\/\/yoast.com\/wordpress\/plugins\/seo\/ -->\n<title>Cibuti Vize \u00dccretleri - Cibuti Vize Randevusu - MyVize<\/title>\n<meta name=\"description\" content=\"Cibuti vize \u00fccretleri 2022 y\u0131l\u0131nda g\u00fcncellenecek mi? Cibuti vizesi ne kadar? En g\u00fcncel konsolosluk duyurular\u0131 ve vize \u00fccretleri tablosu...\" \/>\n<meta name=\"robots\" content=\"index, follow, max-snippet:-1, max-image-preview:large, max-video-preview:-1\" \/>\n<link rel=\"canonical\" href=\"https:\/\/myvize.com.tr\/cibuti\/vize-islemleri\/vize-ucretleri\/\" \/>\n<meta property=\"og:locale\" content=\"tr_TR\" \/>\n<meta property=\"og:type\" content=\"article\" \/>\n<meta property=\"og:title\" content=\"Cibuti Vize \u00dccretleri - Cibuti Vize Randevusu - MyVize\" \/>\n<meta property=\"og:description\" content=\"Cibuti vize \u00fccretleri 2022 y\u0131l\u0131nda g\u00fcncellenecek mi? Cibuti vizesi ne kadar? En g\u00fcncel konsolosluk duyurular\u0131 ve vize \u00fccretleri tablosu...\" \/>\n<meta property=\"og:url\" content=\"https:\/\/myvize.com.tr\/cibuti\/vize-islemleri\/vize-ucretleri\/\" \/>\n<meta property=\"og:site_name\" content=\"Cibuti Vizesi\" \/>\n<meta property=\"article:modified_time\" content=\"2022-01-13T09:32:13+00:00\" \/>\n<meta name=\"twitter:card\" content=\"summary_large_image\" \/>\n<meta name=\"twitter:label1\" content=\"Tahmini okuma s\u00fcresi\" \/>\n\t<meta name=\"twitter:data1\" content=\"1 dakika\" \/>\n<script type=\"application\/ld+json\" class=\"yoast-schema-graph\">{\"@context\":\"https:\/\/schema.org\",\"@graph\":[{\"@type\":\"WebPage\",\"@id\":\"https:\/\/myvize.com.tr\/cibuti\/vize-islemleri\/vize-ucretleri\/\",\"url\":\"https:\/\/myvize.com.tr\/cibuti\/vize-islemleri\/vize-ucretleri\/\",\"name\":\"Cibuti Vize \u00dccretleri - Cibuti Vize Randevusu - MyVize\",\"isPartOf\":{\"@id\":\"https:\/\/myvize.com.tr\/cibuti\/#website\"},\"datePublished\":\"2021-01-21T09:45:16+00:00\",\"dateModified\":\"2022-01-13T09:32:13+00:00\",\"description\":\"Cibuti vize \u00fccretleri 2022 y\u0131l\u0131nda g\u00fcncellenecek mi? Cibuti vizesi ne kadar? En g\u00fcncel konsolosluk duyurular\u0131 ve vize \u00fccretleri tablosu...\",\"breadcrumb\":{\"@id\":\"https:\/\/myvize.com.tr\/cibuti\/vize-islemleri\/vize-ucretleri\/#breadcrumb\"},\"inLanguage\":\"tr\",\"potentialAction\":[{\"@type\":\"ReadAction\",\"target\":[\"https:\/\/myvize.com.tr\/cibuti\/vize-islemleri\/vize-ucretleri\/\"]}]},{\"@type\":\"BreadcrumbList\",\"@id\":\"https:\/\/myvize.com.tr\/cibuti\/vize-islemleri\/vize-ucretleri\/#breadcrumb\",\"itemListElement\":[{\"@type\":\"ListItem\",\"position\":1,\"name\":\"Anasayfa\",\"item\":\"https:\/\/myvize.com.tr\/cibuti\/\"},{\"@type\":\"ListItem\",\"position\":2,\"name\":\"V\u0130ZE \u0130\u015eLEMLER\u0130\",\"item\":\"https:\/\/myvize.com.tr\/cibuti\/vize-islemleri\/\"},{\"@type\":\"ListItem\",\"position\":3,\"name\":\"Cibuti Vize \u00dccretleri\"}]},{\"@type\":\"WebSite\",\"@id\":\"https:\/\/myvize.com.tr\/cibuti\/#website\",\"url\":\"https:\/\/myvize.com.tr\/cibuti\/\",\"name\":\"Cibuti Vizesi\",\"description\":\"\",\"potentialAction\":[{\"@type\":\"SearchAction\",\"target\":{\"@type\":\"EntryPoint\",\"urlTemplate\":\"https:\/\/myvize.com.tr\/cibuti\/?s={search_term_string}\"},\"query-input\":{\"@type\":\"PropertyValueSpecification\",\"valueRequired\":true,\"valueName\":\"search_term_string\"}}],\"inLanguage\":\"tr\"}]}<\/script>\n<!-- \/ Yoast SEO plugin. -->","yoast_head_json":{"title":"Cibuti Vize \u00dccretleri - Cibuti Vize Randevusu - MyVize","description":"Cibuti vize \u00fccretleri 2022 y\u0131l\u0131nda g\u00fcncellenecek mi? Cibuti vizesi ne kadar? En g\u00fcncel konsolosluk duyurular\u0131 ve vize \u00fccretleri tablosu...","robots":{"index":"index","follow":"follow","max-snippet":"max-snippet:-1","max-image-preview":"max-image-preview:large","max-video-preview":"max-video-preview:-1"},"canonical":"https:\/\/myvize.com.tr\/cibuti\/vize-islemleri\/vize-ucretleri\/","og_locale":"tr_TR","og_type":"article","og_title":"Cibuti Vize \u00dccretleri - Cibuti Vize Randevusu - MyVize","og_description":"Cibuti vize \u00fccretleri 2022 y\u0131l\u0131nda g\u00fcncellenecek mi? Cibuti vizesi ne kadar? En g\u00fcncel konsolosluk duyurular\u0131 ve vize \u00fccretleri tablosu...","og_url":"https:\/\/myvize.com.tr\/cibuti\/vize-islemleri\/vize-ucretleri\/","og_site_name":"Cibuti Vizesi","article_modified_time":"2022-01-13T09:32:13+00:00","twitter_card":"summary_large_image","twitter_misc":{"Tahmini okuma s\u00fcresi":"1 dakika"},"schema":{"@context":"https:\/\/schema.org","@graph":[{"@type":"WebPage","@id":"https:\/\/myvize.com.tr\/cibuti\/vize-islemleri\/vize-ucretleri\/","url":"https:\/\/myvize.com.tr\/cibuti\/vize-islemleri\/vize-ucretleri\/","name":"Cibuti Vize \u00dccretleri - Cibuti Vize Randevusu - MyVize","isPartOf":{"@id":"https:\/\/myvize.com.tr\/cibuti\/#website"},"datePublished":"2021-01-21T09:45:16+00:00","dateModified":"2022-01-13T09:32:13+00:00","description":"Cibuti vize \u00fccretleri 2022 y\u0131l\u0131nda g\u00fcncellenecek mi? Cibuti vizesi ne kadar? En g\u00fcncel konsolosluk duyurular\u0131 ve vize \u00fccretleri tablosu...","breadcrumb":{"@id":"https:\/\/myvize.com.tr\/cibuti\/vize-islemleri\/vize-ucretleri\/#breadcrumb"},"inLanguage":"tr","potentialAction":[{"@type":"ReadAction","target":["https:\/\/myvize.com.tr\/cibuti\/vize-islemleri\/vize-ucretleri\/"]}]},{"@type":"BreadcrumbList","@id":"https:\/\/myvize.com.tr\/cibuti\/vize-islemleri\/vize-ucretleri\/#breadcrumb","itemListElement":[{"@type":"ListItem","position":1,"name":"Anasayfa","item":"https:\/\/myvize.com.tr\/cibuti\/"},{"@type":"ListItem","position":2,"name":"V\u0130ZE \u0130\u015eLEMLER\u0130","item":"https:\/\/myvize.com.tr\/cibuti\/vize-islemleri\/"},{"@type":"ListItem","position":3,"name":"Cibuti Vize \u00dccretleri"}]},{"@type":"WebSite","@id":"https:\/\/myvize.com.tr\/cibuti\/#website","url":"https:\/\/myvize.com.tr\/cibuti\/","name":"Cibuti Vizesi","description":"","potentialAction":[{"@type":"SearchAction","target":{"@type":"EntryPoint","urlTemplate":"https:\/\/myvize.com.tr\/cibuti\/?s={search_term_string}"},"query-input":{"@type":"PropertyValueSpecification","valueRequired":true,"valueName":"search_term_string"}}],"inLanguage":"tr"}]}},"_links":{"self":[{"href":"https:\/\/myvize.com.tr\/cibuti\/wp-json\/wp\/v2\/pages\/304","targetHints":{"allow":["GET"]}}],"collection":[{"href":"https:\/\/myvize.com.tr\/cibuti\/wp-json\/wp\/v2\/pages"}],"about":[{"href":"https:\/\/myvize.com.tr\/cibuti\/wp-json\/wp\/v2\/types\/page"}],"author":[{"embeddable":true,"href":"https:\/\/myvize.com.tr\/cibuti\/wp-json\/wp\/v2\/users\/1"}],"replies":[{"embeddable":true,"href":"https:\/\/myvize.com.tr\/cibuti\/wp-json\/wp\/v2\/comments?post=304"}],"version-history":[{"count":3,"href":"https:\/\/myvize.com.tr\/cibuti\/wp-json\/wp\/v2\/pages\/304\/revisions"}],"predecessor-version":[{"id":381,"href":"https:\/\/myvize.com.tr\/cibuti\/wp-json\/wp\/v2\/pages\/304\/revisions\/381"}],"up":[{"embeddable":true,"href":"https:\/\/myvize.com.tr\/cibuti\/wp-json\/wp\/v2\/pages\/18"}],"wp:attachment":[{"href":"https:\/\/myvize.com.tr\/cibuti\/wp-json\/wp\/v2\/media?parent=304"}],"curies":[{"name":"wp","href":"https:\/\/api.w.org\/{rel}","templated":true}]}}