{"id":156,"date":"2021-01-15T16:14:31","date_gmt":"2021-01-15T13:14:31","guid":{"rendered":"https:\/\/myvize.com.tr\/cad\/?page_id=156"},"modified":"2022-01-13T14:26:08","modified_gmt":"2022-01-13T11:26:08","slug":"gaziantep","status":"publish","type":"page","link":"https:\/\/myvize.com.tr\/cad\/subelerimiz\/gaziantep\/","title":{"rendered":"\u00c7ad Vizesi , Gaziantep"},"content":{"rendered":"\n<h2 class=\"wp-block-heading\"><strong>\u00c7ad Vize Ba\u015fvuru Merkezi , Gaziantep<\/strong><\/h2>\n","protected":false},"excerpt":{"rendered":"<p>\u00c7ad Vize Ba\u015fvuru Merkezi , Gaziantep<\/p>\n","protected":false},"author":1,"featured_media":0,"parent":147,"menu_order":0,"comment_status":"closed","ping_status":"closed","template":"","meta":{"footnotes":""},"class_list":["post-156","page","type-page","status-publish","hentry"],"yoast_head":"<!-- This site is optimized with the Yoast SEO plugin v24.0 - https:\/\/yoast.com\/wordpress\/plugins\/seo\/ -->\n<title>\u00c7ad Vizesi Gaziantep Ba\u015fvuru Merkezimiz - MyVize<\/title>\n<meta name=\"description\" content=\"\u00c7ad vizesi Gaziantep&#039;ten nas\u0131l al\u0131n\u0131r? \u00c7ad vizesi i\u00e7in gerekli evraklar Gaziantep&#039;te nereye teslim edilmelidir? Hepsi ve daha fazlas\u0131 My...\" \/>\n<meta name=\"robots\" content=\"index, follow, max-snippet:-1, max-image-preview:large, max-video-preview:-1\" \/>\n<link rel=\"canonical\" href=\"https:\/\/myvize.com.tr\/cad\/subelerimiz\/gaziantep\/\" \/>\n<meta property=\"og:locale\" content=\"tr_TR\" \/>\n<meta property=\"og:type\" content=\"article\" \/>\n<meta property=\"og:title\" content=\"\u00c7ad Vizesi Gaziantep Ba\u015fvuru Merkezimiz - MyVize\" \/>\n<meta property=\"og:description\" content=\"\u00c7ad vizesi Gaziantep&#039;ten nas\u0131l al\u0131n\u0131r? \u00c7ad vizesi i\u00e7in gerekli evraklar Gaziantep&#039;te nereye teslim edilmelidir? Hepsi ve daha fazlas\u0131 My...\" \/>\n<meta property=\"og:url\" content=\"https:\/\/myvize.com.tr\/cad\/subelerimiz\/gaziantep\/\" \/>\n<meta property=\"og:site_name\" content=\"\u00c7ad Vizesi\" \/>\n<meta property=\"article:modified_time\" content=\"2022-01-13T11:26:08+00:00\" \/>\n<meta name=\"twitter:card\" content=\"summary_large_image\" \/>\n<meta name=\"twitter:label1\" content=\"Tahmini okuma s\u00fcresi\" \/>\n\t<meta name=\"twitter:data1\" content=\"1 dakika\" \/>\n<script type=\"application\/ld+json\" class=\"yoast-schema-graph\">{\"@context\":\"https:\/\/schema.org\",\"@graph\":[{\"@type\":\"WebPage\",\"@id\":\"https:\/\/myvize.com.tr\/cad\/subelerimiz\/gaziantep\/\",\"url\":\"https:\/\/myvize.com.tr\/cad\/subelerimiz\/gaziantep\/\",\"name\":\"\u00c7ad Vizesi Gaziantep Ba\u015fvuru Merkezimiz - MyVize\",\"isPartOf\":{\"@id\":\"https:\/\/myvize.com.tr\/cad\/#website\"},\"datePublished\":\"2021-01-15T13:14:31+00:00\",\"dateModified\":\"2022-01-13T11:26:08+00:00\",\"description\":\"\u00c7ad vizesi Gaziantep'ten nas\u0131l al\u0131n\u0131r? \u00c7ad vizesi i\u00e7in gerekli evraklar Gaziantep'te nereye teslim edilmelidir? Hepsi ve daha fazlas\u0131 My...\",\"breadcrumb\":{\"@id\":\"https:\/\/myvize.com.tr\/cad\/subelerimiz\/gaziantep\/#breadcrumb\"},\"inLanguage\":\"tr\",\"potentialAction\":[{\"@type\":\"ReadAction\",\"target\":[\"https:\/\/myvize.com.tr\/cad\/subelerimiz\/gaziantep\/\"]}]},{\"@type\":\"BreadcrumbList\",\"@id\":\"https:\/\/myvize.com.tr\/cad\/subelerimiz\/gaziantep\/#breadcrumb\",\"itemListElement\":[{\"@type\":\"ListItem\",\"position\":1,\"name\":\"Anasayfa\",\"item\":\"https:\/\/myvize.com.tr\/cad\/\"},{\"@type\":\"ListItem\",\"position\":2,\"name\":\"\u015eUBELER\u0130M\u0130Z\",\"item\":\"https:\/\/myvize.com.tr\/cad\/subelerimiz\/\"},{\"@type\":\"ListItem\",\"position\":3,\"name\":\"\u00c7ad Vizesi , Gaziantep\"}]},{\"@type\":\"WebSite\",\"@id\":\"https:\/\/myvize.com.tr\/cad\/#website\",\"url\":\"https:\/\/myvize.com.tr\/cad\/\",\"name\":\"\u00c7ad Vizesi\",\"description\":\"\",\"potentialAction\":[{\"@type\":\"SearchAction\",\"target\":{\"@type\":\"EntryPoint\",\"urlTemplate\":\"https:\/\/myvize.com.tr\/cad\/?s={search_term_string}\"},\"query-input\":{\"@type\":\"PropertyValueSpecification\",\"valueRequired\":true,\"valueName\":\"search_term_string\"}}],\"inLanguage\":\"tr\"}]}<\/script>\n<!-- \/ Yoast SEO plugin. -->","yoast_head_json":{"title":"\u00c7ad Vizesi Gaziantep Ba\u015fvuru Merkezimiz - MyVize","description":"\u00c7ad vizesi Gaziantep'ten nas\u0131l al\u0131n\u0131r? \u00c7ad vizesi i\u00e7in gerekli evraklar Gaziantep'te nereye teslim edilmelidir? Hepsi ve daha fazlas\u0131 My...","robots":{"index":"index","follow":"follow","max-snippet":"max-snippet:-1","max-image-preview":"max-image-preview:large","max-video-preview":"max-video-preview:-1"},"canonical":"https:\/\/myvize.com.tr\/cad\/subelerimiz\/gaziantep\/","og_locale":"tr_TR","og_type":"article","og_title":"\u00c7ad Vizesi Gaziantep Ba\u015fvuru Merkezimiz - MyVize","og_description":"\u00c7ad vizesi Gaziantep'ten nas\u0131l al\u0131n\u0131r? \u00c7ad vizesi i\u00e7in gerekli evraklar Gaziantep'te nereye teslim edilmelidir? Hepsi ve daha fazlas\u0131 My...","og_url":"https:\/\/myvize.com.tr\/cad\/subelerimiz\/gaziantep\/","og_site_name":"\u00c7ad Vizesi","article_modified_time":"2022-01-13T11:26:08+00:00","twitter_card":"summary_large_image","twitter_misc":{"Tahmini okuma s\u00fcresi":"1 dakika"},"schema":{"@context":"https:\/\/schema.org","@graph":[{"@type":"WebPage","@id":"https:\/\/myvize.com.tr\/cad\/subelerimiz\/gaziantep\/","url":"https:\/\/myvize.com.tr\/cad\/subelerimiz\/gaziantep\/","name":"\u00c7ad Vizesi Gaziantep Ba\u015fvuru Merkezimiz - MyVize","isPartOf":{"@id":"https:\/\/myvize.com.tr\/cad\/#website"},"datePublished":"2021-01-15T13:14:31+00:00","dateModified":"2022-01-13T11:26:08+00:00","description":"\u00c7ad vizesi Gaziantep'ten nas\u0131l al\u0131n\u0131r? \u00c7ad vizesi i\u00e7in gerekli evraklar Gaziantep'te nereye teslim edilmelidir? Hepsi ve daha fazlas\u0131 My...","breadcrumb":{"@id":"https:\/\/myvize.com.tr\/cad\/subelerimiz\/gaziantep\/#breadcrumb"},"inLanguage":"tr","potentialAction":[{"@type":"ReadAction","target":["https:\/\/myvize.com.tr\/cad\/subelerimiz\/gaziantep\/"]}]},{"@type":"BreadcrumbList","@id":"https:\/\/myvize.com.tr\/cad\/subelerimiz\/gaziantep\/#breadcrumb","itemListElement":[{"@type":"ListItem","position":1,"name":"Anasayfa","item":"https:\/\/myvize.com.tr\/cad\/"},{"@type":"ListItem","position":2,"name":"\u015eUBELER\u0130M\u0130Z","item":"https:\/\/myvize.com.tr\/cad\/subelerimiz\/"},{"@type":"ListItem","position":3,"name":"\u00c7ad Vizesi , Gaziantep"}]},{"@type":"WebSite","@id":"https:\/\/myvize.com.tr\/cad\/#website","url":"https:\/\/myvize.com.tr\/cad\/","name":"\u00c7ad Vizesi","description":"","potentialAction":[{"@type":"SearchAction","target":{"@type":"EntryPoint","urlTemplate":"https:\/\/myvize.com.tr\/cad\/?s={search_term_string}"},"query-input":{"@type":"PropertyValueSpecification","valueRequired":true,"valueName":"search_term_string"}}],"inLanguage":"tr"}]}},"_links":{"self":[{"href":"https:\/\/myvize.com.tr\/cad\/wp-json\/wp\/v2\/pages\/156","targetHints":{"allow":["GET"]}}],"collection":[{"href":"https:\/\/myvize.com.tr\/cad\/wp-json\/wp\/v2\/pages"}],"about":[{"href":"https:\/\/myvize.com.tr\/cad\/wp-json\/wp\/v2\/types\/page"}],"author":[{"embeddable":true,"href":"https:\/\/myvize.com.tr\/cad\/wp-json\/wp\/v2\/users\/1"}],"replies":[{"embeddable":true,"href":"https:\/\/myvize.com.tr\/cad\/wp-json\/wp\/v2\/comments?post=156"}],"version-history":[{"count":3,"href":"https:\/\/myvize.com.tr\/cad\/wp-json\/wp\/v2\/pages\/156\/revisions"}],"predecessor-version":[{"id":386,"href":"https:\/\/myvize.com.tr\/cad\/wp-json\/wp\/v2\/pages\/156\/revisions\/386"}],"up":[{"embeddable":true,"href":"https:\/\/myvize.com.tr\/cad\/wp-json\/wp\/v2\/pages\/147"}],"wp:attachment":[{"href":"https:\/\/myvize.com.tr\/cad\/wp-json\/wp\/v2\/media?parent=156"}],"curies":[{"name":"wp","href":"https:\/\/api.w.org\/{rel}","templated":true}]}}