{"id":282,"date":"2021-01-20T13:05:13","date_gmt":"2021-01-20T10:05:13","guid":{"rendered":"https:\/\/myvize.com.tr\/bosnahersek\/?page_id=282"},"modified":"2022-01-14T14:45:46","modified_gmt":"2022-01-14T11:45:46","slug":"bosna-hersek-baskons-istanbul","status":"publish","type":"page","link":"https:\/\/myvize.com.tr\/bosnahersek\/konsolosluklar\/bosna-hersek-baskons-istanbul\/","title":{"rendered":"Bosna Hersek Ba\u015fkonsoloslu\u011fu \u0130stanbul"},"content":{"rendered":"\n<h2 class=\"wp-block-heading\"><strong>Bosna Hersek Ba\u015fkonsoloslu\u011fu \u0130stanbul \u0130leti\u015fim Bilgileri<\/strong><\/h2>\n","protected":false},"excerpt":{"rendered":"<p>Bosna Hersek Ba\u015fkonsoloslu\u011fu \u0130stanbul \u0130leti\u015fim Bilgileri<\/p>\n","protected":false},"author":1,"featured_media":0,"parent":69,"menu_order":0,"comment_status":"closed","ping_status":"closed","template":"","meta":{"footnotes":""},"class_list":["post-282","page","type-page","status-publish","hentry"],"yoast_head":"<!-- This site is optimized with the Yoast SEO plugin v24.0 - https:\/\/yoast.com\/wordpress\/plugins\/seo\/ -->\n<title>Bosna Hersek Ba\u015fkonsoloslu\u011fu \u0130stanbul - MyVize<\/title>\n<meta name=\"description\" content=\"Bosna Hersek \u0130stanbul Ba\u015fkonsoloslu\u011fu \u00e7al\u0131\u015fma saatleri, ileti\u015fim bilgileri, randevu i\u015flemleri ve vize ba\u015fvuru s\u00fcre\u00e7leri ile ilgili...\" \/>\n<meta name=\"robots\" content=\"index, follow, max-snippet:-1, max-image-preview:large, max-video-preview:-1\" \/>\n<link rel=\"canonical\" href=\"https:\/\/myvize.com.tr\/bosnahersek\/konsolosluklar\/bosna-hersek-baskons-istanbul\/\" \/>\n<meta property=\"og:locale\" content=\"tr_TR\" \/>\n<meta property=\"og:type\" content=\"article\" \/>\n<meta property=\"og:title\" content=\"Bosna Hersek Ba\u015fkonsoloslu\u011fu \u0130stanbul - MyVize\" \/>\n<meta property=\"og:description\" content=\"Bosna Hersek \u0130stanbul Ba\u015fkonsoloslu\u011fu \u00e7al\u0131\u015fma saatleri, ileti\u015fim bilgileri, randevu i\u015flemleri ve vize ba\u015fvuru s\u00fcre\u00e7leri ile ilgili...\" \/>\n<meta property=\"og:url\" content=\"https:\/\/myvize.com.tr\/bosnahersek\/konsolosluklar\/bosna-hersek-baskons-istanbul\/\" \/>\n<meta property=\"og:site_name\" content=\"Bosna Hersek Vizesi\" \/>\n<meta property=\"article:modified_time\" content=\"2022-01-14T11:45:46+00:00\" \/>\n<meta name=\"twitter:card\" content=\"summary_large_image\" \/>\n<meta name=\"twitter:label1\" content=\"Tahmini okuma s\u00fcresi\" \/>\n\t<meta name=\"twitter:data1\" content=\"1 dakika\" \/>\n<script type=\"application\/ld+json\" class=\"yoast-schema-graph\">{\"@context\":\"https:\/\/schema.org\",\"@graph\":[{\"@type\":\"WebPage\",\"@id\":\"https:\/\/myvize.com.tr\/bosnahersek\/konsolosluklar\/bosna-hersek-baskons-istanbul\/\",\"url\":\"https:\/\/myvize.com.tr\/bosnahersek\/konsolosluklar\/bosna-hersek-baskons-istanbul\/\",\"name\":\"Bosna Hersek Ba\u015fkonsoloslu\u011fu \u0130stanbul - MyVize\",\"isPartOf\":{\"@id\":\"https:\/\/myvize.com.tr\/bosnahersek\/#website\"},\"datePublished\":\"2021-01-20T10:05:13+00:00\",\"dateModified\":\"2022-01-14T11:45:46+00:00\",\"description\":\"Bosna Hersek \u0130stanbul Ba\u015fkonsoloslu\u011fu \u00e7al\u0131\u015fma saatleri, ileti\u015fim bilgileri, randevu i\u015flemleri ve vize ba\u015fvuru s\u00fcre\u00e7leri ile ilgili...\",\"breadcrumb\":{\"@id\":\"https:\/\/myvize.com.tr\/bosnahersek\/konsolosluklar\/bosna-hersek-baskons-istanbul\/#breadcrumb\"},\"inLanguage\":\"tr\",\"potentialAction\":[{\"@type\":\"ReadAction\",\"target\":[\"https:\/\/myvize.com.tr\/bosnahersek\/konsolosluklar\/bosna-hersek-baskons-istanbul\/\"]}]},{\"@type\":\"BreadcrumbList\",\"@id\":\"https:\/\/myvize.com.tr\/bosnahersek\/konsolosluklar\/bosna-hersek-baskons-istanbul\/#breadcrumb\",\"itemListElement\":[{\"@type\":\"ListItem\",\"position\":1,\"name\":\"Anasayfa\",\"item\":\"https:\/\/myvize.com.tr\/bosnahersek\/\"},{\"@type\":\"ListItem\",\"position\":2,\"name\":\"KONSOLOSLUKLAR\",\"item\":\"https:\/\/myvize.com.tr\/bosnahersek\/konsolosluklar\/\"},{\"@type\":\"ListItem\",\"position\":3,\"name\":\"Bosna Hersek Ba\u015fkonsoloslu\u011fu \u0130stanbul\"}]},{\"@type\":\"WebSite\",\"@id\":\"https:\/\/myvize.com.tr\/bosnahersek\/#website\",\"url\":\"https:\/\/myvize.com.tr\/bosnahersek\/\",\"name\":\"Bosna Hersek Vizesi\",\"description\":\"\",\"potentialAction\":[{\"@type\":\"SearchAction\",\"target\":{\"@type\":\"EntryPoint\",\"urlTemplate\":\"https:\/\/myvize.com.tr\/bosnahersek\/?s={search_term_string}\"},\"query-input\":{\"@type\":\"PropertyValueSpecification\",\"valueRequired\":true,\"valueName\":\"search_term_string\"}}],\"inLanguage\":\"tr\"}]}<\/script>\n<!-- \/ Yoast SEO plugin. -->","yoast_head_json":{"title":"Bosna Hersek Ba\u015fkonsoloslu\u011fu \u0130stanbul - MyVize","description":"Bosna Hersek \u0130stanbul Ba\u015fkonsoloslu\u011fu \u00e7al\u0131\u015fma saatleri, ileti\u015fim bilgileri, randevu i\u015flemleri ve vize ba\u015fvuru s\u00fcre\u00e7leri ile ilgili...","robots":{"index":"index","follow":"follow","max-snippet":"max-snippet:-1","max-image-preview":"max-image-preview:large","max-video-preview":"max-video-preview:-1"},"canonical":"https:\/\/myvize.com.tr\/bosnahersek\/konsolosluklar\/bosna-hersek-baskons-istanbul\/","og_locale":"tr_TR","og_type":"article","og_title":"Bosna Hersek Ba\u015fkonsoloslu\u011fu \u0130stanbul - MyVize","og_description":"Bosna Hersek \u0130stanbul Ba\u015fkonsoloslu\u011fu \u00e7al\u0131\u015fma saatleri, ileti\u015fim bilgileri, randevu i\u015flemleri ve vize ba\u015fvuru s\u00fcre\u00e7leri ile ilgili...","og_url":"https:\/\/myvize.com.tr\/bosnahersek\/konsolosluklar\/bosna-hersek-baskons-istanbul\/","og_site_name":"Bosna Hersek Vizesi","article_modified_time":"2022-01-14T11:45:46+00:00","twitter_card":"summary_large_image","twitter_misc":{"Tahmini okuma s\u00fcresi":"1 dakika"},"schema":{"@context":"https:\/\/schema.org","@graph":[{"@type":"WebPage","@id":"https:\/\/myvize.com.tr\/bosnahersek\/konsolosluklar\/bosna-hersek-baskons-istanbul\/","url":"https:\/\/myvize.com.tr\/bosnahersek\/konsolosluklar\/bosna-hersek-baskons-istanbul\/","name":"Bosna Hersek Ba\u015fkonsoloslu\u011fu \u0130stanbul - MyVize","isPartOf":{"@id":"https:\/\/myvize.com.tr\/bosnahersek\/#website"},"datePublished":"2021-01-20T10:05:13+00:00","dateModified":"2022-01-14T11:45:46+00:00","description":"Bosna Hersek \u0130stanbul Ba\u015fkonsoloslu\u011fu \u00e7al\u0131\u015fma saatleri, ileti\u015fim bilgileri, randevu i\u015flemleri ve vize ba\u015fvuru s\u00fcre\u00e7leri ile ilgili...","breadcrumb":{"@id":"https:\/\/myvize.com.tr\/bosnahersek\/konsolosluklar\/bosna-hersek-baskons-istanbul\/#breadcrumb"},"inLanguage":"tr","potentialAction":[{"@type":"ReadAction","target":["https:\/\/myvize.com.tr\/bosnahersek\/konsolosluklar\/bosna-hersek-baskons-istanbul\/"]}]},{"@type":"BreadcrumbList","@id":"https:\/\/myvize.com.tr\/bosnahersek\/konsolosluklar\/bosna-hersek-baskons-istanbul\/#breadcrumb","itemListElement":[{"@type":"ListItem","position":1,"name":"Anasayfa","item":"https:\/\/myvize.com.tr\/bosnahersek\/"},{"@type":"ListItem","position":2,"name":"KONSOLOSLUKLAR","item":"https:\/\/myvize.com.tr\/bosnahersek\/konsolosluklar\/"},{"@type":"ListItem","position":3,"name":"Bosna Hersek Ba\u015fkonsoloslu\u011fu \u0130stanbul"}]},{"@type":"WebSite","@id":"https:\/\/myvize.com.tr\/bosnahersek\/#website","url":"https:\/\/myvize.com.tr\/bosnahersek\/","name":"Bosna Hersek Vizesi","description":"","potentialAction":[{"@type":"SearchAction","target":{"@type":"EntryPoint","urlTemplate":"https:\/\/myvize.com.tr\/bosnahersek\/?s={search_term_string}"},"query-input":{"@type":"PropertyValueSpecification","valueRequired":true,"valueName":"search_term_string"}}],"inLanguage":"tr"}]}},"_links":{"self":[{"href":"https:\/\/myvize.com.tr\/bosnahersek\/wp-json\/wp\/v2\/pages\/282","targetHints":{"allow":["GET"]}}],"collection":[{"href":"https:\/\/myvize.com.tr\/bosnahersek\/wp-json\/wp\/v2\/pages"}],"about":[{"href":"https:\/\/myvize.com.tr\/bosnahersek\/wp-json\/wp\/v2\/types\/page"}],"author":[{"embeddable":true,"href":"https:\/\/myvize.com.tr\/bosnahersek\/wp-json\/wp\/v2\/users\/1"}],"replies":[{"embeddable":true,"href":"https:\/\/myvize.com.tr\/bosnahersek\/wp-json\/wp\/v2\/comments?post=282"}],"version-history":[{"count":2,"href":"https:\/\/myvize.com.tr\/bosnahersek\/wp-json\/wp\/v2\/pages\/282\/revisions"}],"predecessor-version":[{"id":411,"href":"https:\/\/myvize.com.tr\/bosnahersek\/wp-json\/wp\/v2\/pages\/282\/revisions\/411"}],"up":[{"embeddable":true,"href":"https:\/\/myvize.com.tr\/bosnahersek\/wp-json\/wp\/v2\/pages\/69"}],"wp:attachment":[{"href":"https:\/\/myvize.com.tr\/bosnahersek\/wp-json\/wp\/v2\/media?parent=282"}],"curies":[{"name":"wp","href":"https:\/\/api.w.org\/{rel}","templated":true}]}}