{"id":6,"date":"2020-11-30T08:45:13","date_gmt":"2020-11-30T05:45:13","guid":{"rendered":"https:\/\/myvize.com.tr\/bhutan\/?page_id=6"},"modified":"2022-05-10T12:29:08","modified_gmt":"2022-05-10T09:29:08","slug":"bhutan-2","status":"publish","type":"page","link":"https:\/\/myvize.com.tr\/bhutan\/","title":{"rendered":"BHUTAN"},"content":{"rendered":"\n<h2 class=\"wp-block-heading\"><strong>Bhutan Vize \u0130\u015flemleri<\/strong><\/h2>\n","protected":false},"excerpt":{"rendered":"<p>Bhutan Vize \u0130\u015flemleri<\/p>\n","protected":false},"author":1,"featured_media":0,"parent":0,"menu_order":0,"comment_status":"closed","ping_status":"closed","template":"","meta":{"footnotes":""},"class_list":["post-6","page","type-page","status-publish","hentry"],"yoast_head":"<!-- This site is optimized with the Yoast SEO plugin v24.0 - https:\/\/yoast.com\/wordpress\/plugins\/seo\/ -->\n<title>Bhutan Vize \u0130\u015flemleri - Bhutan Vize Ba\u015fvurusu - MyVize<\/title>\n<meta name=\"description\" content=\"Bhutan Vizesi Nas\u0131l Al\u0131n\u0131r? Bhutan Vizesi Ba\u015fvurusu Nas\u0131l Yap\u0131l\u0131r? Bhutan Vize Ba\u015fvuru Evraklar\u0131 Nelerdir? Bhutan Vize Randevusu.\" \/>\n<meta name=\"robots\" content=\"index, follow, max-snippet:-1, max-image-preview:large, max-video-preview:-1\" \/>\n<link rel=\"canonical\" href=\"https:\/\/myvize.com.tr\/bhutan\/\" \/>\n<meta property=\"og:locale\" content=\"tr_TR\" \/>\n<meta property=\"og:type\" content=\"article\" \/>\n<meta property=\"og:title\" content=\"Bhutan Vize \u0130\u015flemleri - Bhutan Vize Ba\u015fvurusu - MyVize\" \/>\n<meta property=\"og:description\" content=\"Bhutan Vizesi Nas\u0131l Al\u0131n\u0131r? Bhutan Vizesi Ba\u015fvurusu Nas\u0131l Yap\u0131l\u0131r? Bhutan Vize Ba\u015fvuru Evraklar\u0131 Nelerdir? Bhutan Vize Randevusu.\" \/>\n<meta property=\"og:url\" content=\"https:\/\/myvize.com.tr\/bhutan\/\" \/>\n<meta property=\"og:site_name\" content=\"Bhutan Vizesi\" \/>\n<meta property=\"article:modified_time\" content=\"2022-05-10T09:29:08+00:00\" \/>\n<meta name=\"twitter:card\" content=\"summary_large_image\" \/>\n<meta name=\"twitter:label1\" content=\"Tahmini okuma s\u00fcresi\" \/>\n\t<meta name=\"twitter:data1\" content=\"1 dakika\" \/>\n<script type=\"application\/ld+json\" class=\"yoast-schema-graph\">{\"@context\":\"https:\/\/schema.org\",\"@graph\":[{\"@type\":\"WebPage\",\"@id\":\"https:\/\/myvize.com.tr\/bhutan\/\",\"url\":\"https:\/\/myvize.com.tr\/bhutan\/\",\"name\":\"Bhutan Vize \u0130\u015flemleri - Bhutan Vize Ba\u015fvurusu - MyVize\",\"isPartOf\":{\"@id\":\"https:\/\/myvize.com.tr\/bhutan\/#website\"},\"datePublished\":\"2020-11-30T05:45:13+00:00\",\"dateModified\":\"2022-05-10T09:29:08+00:00\",\"description\":\"Bhutan Vizesi Nas\u0131l Al\u0131n\u0131r? Bhutan Vizesi Ba\u015fvurusu Nas\u0131l Yap\u0131l\u0131r? Bhutan Vize Ba\u015fvuru Evraklar\u0131 Nelerdir? Bhutan Vize Randevusu.\",\"breadcrumb\":{\"@id\":\"https:\/\/myvize.com.tr\/bhutan\/#breadcrumb\"},\"inLanguage\":\"tr\",\"potentialAction\":[{\"@type\":\"ReadAction\",\"target\":[\"https:\/\/myvize.com.tr\/bhutan\/\"]}]},{\"@type\":\"BreadcrumbList\",\"@id\":\"https:\/\/myvize.com.tr\/bhutan\/#breadcrumb\",\"itemListElement\":[{\"@type\":\"ListItem\",\"position\":1,\"name\":\"Anasayfa\",\"item\":\"https:\/\/myvize.com.tr\/bhutan\/\"},{\"@type\":\"ListItem\",\"position\":2,\"name\":\"BHUTAN\"}]},{\"@type\":\"WebSite\",\"@id\":\"https:\/\/myvize.com.tr\/bhutan\/#website\",\"url\":\"https:\/\/myvize.com.tr\/bhutan\/\",\"name\":\"Bhutan Vizesi\",\"description\":\"\",\"potentialAction\":[{\"@type\":\"SearchAction\",\"target\":{\"@type\":\"EntryPoint\",\"urlTemplate\":\"https:\/\/myvize.com.tr\/bhutan\/?s={search_term_string}\"},\"query-input\":{\"@type\":\"PropertyValueSpecification\",\"valueRequired\":true,\"valueName\":\"search_term_string\"}}],\"inLanguage\":\"tr\"}]}<\/script>\n<!-- \/ Yoast SEO plugin. -->","yoast_head_json":{"title":"Bhutan Vize \u0130\u015flemleri - Bhutan Vize Ba\u015fvurusu - MyVize","description":"Bhutan Vizesi Nas\u0131l Al\u0131n\u0131r? Bhutan Vizesi Ba\u015fvurusu Nas\u0131l Yap\u0131l\u0131r? Bhutan Vize Ba\u015fvuru Evraklar\u0131 Nelerdir? Bhutan Vize Randevusu.","robots":{"index":"index","follow":"follow","max-snippet":"max-snippet:-1","max-image-preview":"max-image-preview:large","max-video-preview":"max-video-preview:-1"},"canonical":"https:\/\/myvize.com.tr\/bhutan\/","og_locale":"tr_TR","og_type":"article","og_title":"Bhutan Vize \u0130\u015flemleri - Bhutan Vize Ba\u015fvurusu - MyVize","og_description":"Bhutan Vizesi Nas\u0131l Al\u0131n\u0131r? Bhutan Vizesi Ba\u015fvurusu Nas\u0131l Yap\u0131l\u0131r? Bhutan Vize Ba\u015fvuru Evraklar\u0131 Nelerdir? Bhutan Vize Randevusu.","og_url":"https:\/\/myvize.com.tr\/bhutan\/","og_site_name":"Bhutan Vizesi","article_modified_time":"2022-05-10T09:29:08+00:00","twitter_card":"summary_large_image","twitter_misc":{"Tahmini okuma s\u00fcresi":"1 dakika"},"schema":{"@context":"https:\/\/schema.org","@graph":[{"@type":"WebPage","@id":"https:\/\/myvize.com.tr\/bhutan\/","url":"https:\/\/myvize.com.tr\/bhutan\/","name":"Bhutan Vize \u0130\u015flemleri - Bhutan Vize Ba\u015fvurusu - MyVize","isPartOf":{"@id":"https:\/\/myvize.com.tr\/bhutan\/#website"},"datePublished":"2020-11-30T05:45:13+00:00","dateModified":"2022-05-10T09:29:08+00:00","description":"Bhutan Vizesi Nas\u0131l Al\u0131n\u0131r? Bhutan Vizesi Ba\u015fvurusu Nas\u0131l Yap\u0131l\u0131r? Bhutan Vize Ba\u015fvuru Evraklar\u0131 Nelerdir? Bhutan Vize Randevusu.","breadcrumb":{"@id":"https:\/\/myvize.com.tr\/bhutan\/#breadcrumb"},"inLanguage":"tr","potentialAction":[{"@type":"ReadAction","target":["https:\/\/myvize.com.tr\/bhutan\/"]}]},{"@type":"BreadcrumbList","@id":"https:\/\/myvize.com.tr\/bhutan\/#breadcrumb","itemListElement":[{"@type":"ListItem","position":1,"name":"Anasayfa","item":"https:\/\/myvize.com.tr\/bhutan\/"},{"@type":"ListItem","position":2,"name":"BHUTAN"}]},{"@type":"WebSite","@id":"https:\/\/myvize.com.tr\/bhutan\/#website","url":"https:\/\/myvize.com.tr\/bhutan\/","name":"Bhutan Vizesi","description":"","potentialAction":[{"@type":"SearchAction","target":{"@type":"EntryPoint","urlTemplate":"https:\/\/myvize.com.tr\/bhutan\/?s={search_term_string}"},"query-input":{"@type":"PropertyValueSpecification","valueRequired":true,"valueName":"search_term_string"}}],"inLanguage":"tr"}]}},"_links":{"self":[{"href":"https:\/\/myvize.com.tr\/bhutan\/wp-json\/wp\/v2\/pages\/6","targetHints":{"allow":["GET"]}}],"collection":[{"href":"https:\/\/myvize.com.tr\/bhutan\/wp-json\/wp\/v2\/pages"}],"about":[{"href":"https:\/\/myvize.com.tr\/bhutan\/wp-json\/wp\/v2\/types\/page"}],"author":[{"embeddable":true,"href":"https:\/\/myvize.com.tr\/bhutan\/wp-json\/wp\/v2\/users\/1"}],"replies":[{"embeddable":true,"href":"https:\/\/myvize.com.tr\/bhutan\/wp-json\/wp\/v2\/comments?post=6"}],"version-history":[{"count":5,"href":"https:\/\/myvize.com.tr\/bhutan\/wp-json\/wp\/v2\/pages\/6\/revisions"}],"predecessor-version":[{"id":422,"href":"https:\/\/myvize.com.tr\/bhutan\/wp-json\/wp\/v2\/pages\/6\/revisions\/422"}],"wp:attachment":[{"href":"https:\/\/myvize.com.tr\/bhutan\/wp-json\/wp\/v2\/media?parent=6"}],"curies":[{"name":"wp","href":"https:\/\/api.w.org\/{rel}","templated":true}]}}