{"id":6,"date":"2020-11-30T08:45:13","date_gmt":"2020-11-30T05:45:13","guid":{"rendered":"https:\/\/myvize.com.tr\/belarus\/?page_id=6"},"modified":"2022-05-07T14:55:03","modified_gmt":"2022-05-07T11:55:03","slug":"belarus-2","status":"publish","type":"page","link":"https:\/\/myvize.com.tr\/belarus\/","title":{"rendered":"BELARUS"},"content":{"rendered":"\n<h2 class=\"wp-block-heading\"><strong>Belarus Vizesi<\/strong><\/h2>\n","protected":false},"excerpt":{"rendered":"<p>Belarus Vizesi<\/p>\n","protected":false},"author":1,"featured_media":0,"parent":0,"menu_order":0,"comment_status":"closed","ping_status":"closed","template":"","meta":{"footnotes":""},"class_list":["post-6","page","type-page","status-publish","hentry"],"yoast_head":"<!-- This site is optimized with the Yoast SEO plugin v24.0 - https:\/\/yoast.com\/wordpress\/plugins\/seo\/ -->\n<title>Belarus Vizesi - Belarus Vize Ba\u015fvuru \u0130\u015flemleri - MyVize<\/title>\n<meta name=\"description\" content=\"Belarus Vizesi Nas\u0131l Al\u0131n\u0131r? Belarus Vizesi Ba\u015fvurusu Nas\u0131l Yap\u0131l\u0131r? Belarus Vize \u00dccreti Nedir? Belarus Vize Ba\u015fvuru Formu 2022.\" \/>\n<meta name=\"robots\" content=\"index, follow, max-snippet:-1, max-image-preview:large, max-video-preview:-1\" \/>\n<link rel=\"canonical\" href=\"https:\/\/myvize.com.tr\/belarus\/\" \/>\n<meta property=\"og:locale\" content=\"tr_TR\" \/>\n<meta property=\"og:type\" content=\"article\" \/>\n<meta property=\"og:title\" content=\"Belarus Vizesi - Belarus Vize Ba\u015fvuru \u0130\u015flemleri - MyVize\" \/>\n<meta property=\"og:description\" content=\"Belarus Vizesi Nas\u0131l Al\u0131n\u0131r? Belarus Vizesi Ba\u015fvurusu Nas\u0131l Yap\u0131l\u0131r? Belarus Vize \u00dccreti Nedir? Belarus Vize Ba\u015fvuru Formu 2022.\" \/>\n<meta property=\"og:url\" content=\"https:\/\/myvize.com.tr\/belarus\/\" \/>\n<meta property=\"og:site_name\" content=\"Belarus Vizesi\" \/>\n<meta property=\"article:modified_time\" content=\"2022-05-07T11:55:03+00:00\" \/>\n<meta name=\"twitter:card\" content=\"summary_large_image\" \/>\n<meta name=\"twitter:label1\" content=\"Tahmini okuma s\u00fcresi\" \/>\n\t<meta name=\"twitter:data1\" content=\"1 dakika\" \/>\n<script type=\"application\/ld+json\" class=\"yoast-schema-graph\">{\"@context\":\"https:\/\/schema.org\",\"@graph\":[{\"@type\":\"WebPage\",\"@id\":\"https:\/\/myvize.com.tr\/belarus\/\",\"url\":\"https:\/\/myvize.com.tr\/belarus\/\",\"name\":\"Belarus Vizesi - Belarus Vize Ba\u015fvuru \u0130\u015flemleri - MyVize\",\"isPartOf\":{\"@id\":\"https:\/\/myvize.com.tr\/belarus\/#website\"},\"datePublished\":\"2020-11-30T05:45:13+00:00\",\"dateModified\":\"2022-05-07T11:55:03+00:00\",\"description\":\"Belarus Vizesi Nas\u0131l Al\u0131n\u0131r? Belarus Vizesi Ba\u015fvurusu Nas\u0131l Yap\u0131l\u0131r? Belarus Vize \u00dccreti Nedir? Belarus Vize Ba\u015fvuru Formu 2022.\",\"breadcrumb\":{\"@id\":\"https:\/\/myvize.com.tr\/belarus\/#breadcrumb\"},\"inLanguage\":\"tr\",\"potentialAction\":[{\"@type\":\"ReadAction\",\"target\":[\"https:\/\/myvize.com.tr\/belarus\/\"]}]},{\"@type\":\"BreadcrumbList\",\"@id\":\"https:\/\/myvize.com.tr\/belarus\/#breadcrumb\",\"itemListElement\":[{\"@type\":\"ListItem\",\"position\":1,\"name\":\"Anasayfa\",\"item\":\"https:\/\/myvize.com.tr\/belarus\/\"},{\"@type\":\"ListItem\",\"position\":2,\"name\":\"BELARUS\"}]},{\"@type\":\"WebSite\",\"@id\":\"https:\/\/myvize.com.tr\/belarus\/#website\",\"url\":\"https:\/\/myvize.com.tr\/belarus\/\",\"name\":\"Belarus Vizesi\",\"description\":\"\",\"potentialAction\":[{\"@type\":\"SearchAction\",\"target\":{\"@type\":\"EntryPoint\",\"urlTemplate\":\"https:\/\/myvize.com.tr\/belarus\/?s={search_term_string}\"},\"query-input\":{\"@type\":\"PropertyValueSpecification\",\"valueRequired\":true,\"valueName\":\"search_term_string\"}}],\"inLanguage\":\"tr\"}]}<\/script>\n<!-- \/ Yoast SEO plugin. -->","yoast_head_json":{"title":"Belarus Vizesi - Belarus Vize Ba\u015fvuru \u0130\u015flemleri - MyVize","description":"Belarus Vizesi Nas\u0131l Al\u0131n\u0131r? Belarus Vizesi Ba\u015fvurusu Nas\u0131l Yap\u0131l\u0131r? Belarus Vize \u00dccreti Nedir? Belarus Vize Ba\u015fvuru Formu 2022.","robots":{"index":"index","follow":"follow","max-snippet":"max-snippet:-1","max-image-preview":"max-image-preview:large","max-video-preview":"max-video-preview:-1"},"canonical":"https:\/\/myvize.com.tr\/belarus\/","og_locale":"tr_TR","og_type":"article","og_title":"Belarus Vizesi - Belarus Vize Ba\u015fvuru \u0130\u015flemleri - MyVize","og_description":"Belarus Vizesi Nas\u0131l Al\u0131n\u0131r? Belarus Vizesi Ba\u015fvurusu Nas\u0131l Yap\u0131l\u0131r? Belarus Vize \u00dccreti Nedir? Belarus Vize Ba\u015fvuru Formu 2022.","og_url":"https:\/\/myvize.com.tr\/belarus\/","og_site_name":"Belarus Vizesi","article_modified_time":"2022-05-07T11:55:03+00:00","twitter_card":"summary_large_image","twitter_misc":{"Tahmini okuma s\u00fcresi":"1 dakika"},"schema":{"@context":"https:\/\/schema.org","@graph":[{"@type":"WebPage","@id":"https:\/\/myvize.com.tr\/belarus\/","url":"https:\/\/myvize.com.tr\/belarus\/","name":"Belarus Vizesi - Belarus Vize Ba\u015fvuru \u0130\u015flemleri - MyVize","isPartOf":{"@id":"https:\/\/myvize.com.tr\/belarus\/#website"},"datePublished":"2020-11-30T05:45:13+00:00","dateModified":"2022-05-07T11:55:03+00:00","description":"Belarus Vizesi Nas\u0131l Al\u0131n\u0131r? Belarus Vizesi Ba\u015fvurusu Nas\u0131l Yap\u0131l\u0131r? Belarus Vize \u00dccreti Nedir? Belarus Vize Ba\u015fvuru Formu 2022.","breadcrumb":{"@id":"https:\/\/myvize.com.tr\/belarus\/#breadcrumb"},"inLanguage":"tr","potentialAction":[{"@type":"ReadAction","target":["https:\/\/myvize.com.tr\/belarus\/"]}]},{"@type":"BreadcrumbList","@id":"https:\/\/myvize.com.tr\/belarus\/#breadcrumb","itemListElement":[{"@type":"ListItem","position":1,"name":"Anasayfa","item":"https:\/\/myvize.com.tr\/belarus\/"},{"@type":"ListItem","position":2,"name":"BELARUS"}]},{"@type":"WebSite","@id":"https:\/\/myvize.com.tr\/belarus\/#website","url":"https:\/\/myvize.com.tr\/belarus\/","name":"Belarus Vizesi","description":"","potentialAction":[{"@type":"SearchAction","target":{"@type":"EntryPoint","urlTemplate":"https:\/\/myvize.com.tr\/belarus\/?s={search_term_string}"},"query-input":{"@type":"PropertyValueSpecification","valueRequired":true,"valueName":"search_term_string"}}],"inLanguage":"tr"}]}},"_links":{"self":[{"href":"https:\/\/myvize.com.tr\/belarus\/wp-json\/wp\/v2\/pages\/6","targetHints":{"allow":["GET"]}}],"collection":[{"href":"https:\/\/myvize.com.tr\/belarus\/wp-json\/wp\/v2\/pages"}],"about":[{"href":"https:\/\/myvize.com.tr\/belarus\/wp-json\/wp\/v2\/types\/page"}],"author":[{"embeddable":true,"href":"https:\/\/myvize.com.tr\/belarus\/wp-json\/wp\/v2\/users\/1"}],"replies":[{"embeddable":true,"href":"https:\/\/myvize.com.tr\/belarus\/wp-json\/wp\/v2\/comments?post=6"}],"version-history":[{"count":5,"href":"https:\/\/myvize.com.tr\/belarus\/wp-json\/wp\/v2\/pages\/6\/revisions"}],"predecessor-version":[{"id":460,"href":"https:\/\/myvize.com.tr\/belarus\/wp-json\/wp\/v2\/pages\/6\/revisions\/460"}],"wp:attachment":[{"href":"https:\/\/myvize.com.tr\/belarus\/wp-json\/wp\/v2\/media?parent=6"}],"curies":[{"name":"wp","href":"https:\/\/api.w.org\/{rel}","templated":true}]}}