{"id":285,"date":"2021-01-19T15:48:03","date_gmt":"2021-01-19T12:48:03","guid":{"rendered":"https:\/\/myvize.com.tr\/belarus\/?page_id=285"},"modified":"2022-01-10T17:46:54","modified_gmt":"2022-01-10T14:46:54","slug":"belarus-fahri-kons-izmir","status":"publish","type":"page","link":"https:\/\/myvize.com.tr\/belarus\/konsolosluklar\/belarus-fahri-kons-izmir\/","title":{"rendered":"Belarus Fahri Konsoloslu\u011fu \u0130zmir"},"content":{"rendered":"\n<h2 class=\"wp-block-heading\"><strong>Belarus Fahri Konsoloslu\u011fu \u0130zmir \u0130leti\u015fim Bilgileri<\/strong><\/h2>\n","protected":false},"excerpt":{"rendered":"<p>Belarus Fahri Konsoloslu\u011fu \u0130zmir \u0130leti\u015fim Bilgileri<\/p>\n","protected":false},"author":1,"featured_media":0,"parent":69,"menu_order":0,"comment_status":"closed","ping_status":"closed","template":"","meta":{"footnotes":""},"class_list":["post-285","page","type-page","status-publish","hentry"],"yoast_head":"<!-- This site is optimized with the Yoast SEO plugin v24.0 - https:\/\/yoast.com\/wordpress\/plugins\/seo\/ -->\n<title>Belarus \u0130zmir Fahri Konsoloslu\u011fu Vize \u0130\u015flemleri - MyVize<\/title>\n<meta name=\"description\" content=\"Belarus \u0130zmir Fahri Konsoloslu\u011fu Vize \u0130\u015flemleri Nelerdir? Belarus \u0130zmir Fahri Konsoloslu\u011fu Nerededir? Bilgi \u0130\u00e7in Bizi Aray\u0131n: 0850 346 84 93\" \/>\n<meta name=\"robots\" content=\"index, follow, max-snippet:-1, max-image-preview:large, max-video-preview:-1\" \/>\n<link rel=\"canonical\" href=\"https:\/\/myvize.com.tr\/belarus\/konsolosluklar\/belarus-fahri-kons-izmir\/\" \/>\n<meta property=\"og:locale\" content=\"tr_TR\" \/>\n<meta property=\"og:type\" content=\"article\" \/>\n<meta property=\"og:title\" content=\"Belarus \u0130zmir Fahri Konsoloslu\u011fu Vize \u0130\u015flemleri - MyVize\" \/>\n<meta property=\"og:description\" content=\"Belarus \u0130zmir Fahri Konsoloslu\u011fu Vize \u0130\u015flemleri Nelerdir? Belarus \u0130zmir Fahri Konsoloslu\u011fu Nerededir? Bilgi \u0130\u00e7in Bizi Aray\u0131n: 0850 346 84 93\" \/>\n<meta property=\"og:url\" content=\"https:\/\/myvize.com.tr\/belarus\/konsolosluklar\/belarus-fahri-kons-izmir\/\" \/>\n<meta property=\"og:site_name\" content=\"Belarus Vizesi\" \/>\n<meta property=\"article:modified_time\" content=\"2022-01-10T14:46:54+00:00\" \/>\n<meta name=\"twitter:card\" content=\"summary_large_image\" \/>\n<meta name=\"twitter:label1\" content=\"Tahmini okuma s\u00fcresi\" \/>\n\t<meta name=\"twitter:data1\" content=\"1 dakika\" \/>\n<script type=\"application\/ld+json\" class=\"yoast-schema-graph\">{\"@context\":\"https:\/\/schema.org\",\"@graph\":[{\"@type\":\"WebPage\",\"@id\":\"https:\/\/myvize.com.tr\/belarus\/konsolosluklar\/belarus-fahri-kons-izmir\/\",\"url\":\"https:\/\/myvize.com.tr\/belarus\/konsolosluklar\/belarus-fahri-kons-izmir\/\",\"name\":\"Belarus \u0130zmir Fahri Konsoloslu\u011fu Vize \u0130\u015flemleri - MyVize\",\"isPartOf\":{\"@id\":\"https:\/\/myvize.com.tr\/belarus\/#website\"},\"datePublished\":\"2021-01-19T12:48:03+00:00\",\"dateModified\":\"2022-01-10T14:46:54+00:00\",\"description\":\"Belarus \u0130zmir Fahri Konsoloslu\u011fu Vize \u0130\u015flemleri Nelerdir? Belarus \u0130zmir Fahri Konsoloslu\u011fu Nerededir? Bilgi \u0130\u00e7in Bizi Aray\u0131n: 0850 346 84 93\",\"breadcrumb\":{\"@id\":\"https:\/\/myvize.com.tr\/belarus\/konsolosluklar\/belarus-fahri-kons-izmir\/#breadcrumb\"},\"inLanguage\":\"tr\",\"potentialAction\":[{\"@type\":\"ReadAction\",\"target\":[\"https:\/\/myvize.com.tr\/belarus\/konsolosluklar\/belarus-fahri-kons-izmir\/\"]}]},{\"@type\":\"BreadcrumbList\",\"@id\":\"https:\/\/myvize.com.tr\/belarus\/konsolosluklar\/belarus-fahri-kons-izmir\/#breadcrumb\",\"itemListElement\":[{\"@type\":\"ListItem\",\"position\":1,\"name\":\"Anasayfa\",\"item\":\"https:\/\/myvize.com.tr\/belarus\/\"},{\"@type\":\"ListItem\",\"position\":2,\"name\":\"KONSOLOSLUKLAR\",\"item\":\"https:\/\/myvize.com.tr\/belarus\/konsolosluklar\/\"},{\"@type\":\"ListItem\",\"position\":3,\"name\":\"Belarus Fahri Konsoloslu\u011fu \u0130zmir\"}]},{\"@type\":\"WebSite\",\"@id\":\"https:\/\/myvize.com.tr\/belarus\/#website\",\"url\":\"https:\/\/myvize.com.tr\/belarus\/\",\"name\":\"Belarus Vizesi\",\"description\":\"\",\"potentialAction\":[{\"@type\":\"SearchAction\",\"target\":{\"@type\":\"EntryPoint\",\"urlTemplate\":\"https:\/\/myvize.com.tr\/belarus\/?s={search_term_string}\"},\"query-input\":{\"@type\":\"PropertyValueSpecification\",\"valueRequired\":true,\"valueName\":\"search_term_string\"}}],\"inLanguage\":\"tr\"}]}<\/script>\n<!-- \/ Yoast SEO plugin. -->","yoast_head_json":{"title":"Belarus \u0130zmir Fahri Konsoloslu\u011fu Vize \u0130\u015flemleri - MyVize","description":"Belarus \u0130zmir Fahri Konsoloslu\u011fu Vize \u0130\u015flemleri Nelerdir? Belarus \u0130zmir Fahri Konsoloslu\u011fu Nerededir? Bilgi \u0130\u00e7in Bizi Aray\u0131n: 0850 346 84 93","robots":{"index":"index","follow":"follow","max-snippet":"max-snippet:-1","max-image-preview":"max-image-preview:large","max-video-preview":"max-video-preview:-1"},"canonical":"https:\/\/myvize.com.tr\/belarus\/konsolosluklar\/belarus-fahri-kons-izmir\/","og_locale":"tr_TR","og_type":"article","og_title":"Belarus \u0130zmir Fahri Konsoloslu\u011fu Vize \u0130\u015flemleri - MyVize","og_description":"Belarus \u0130zmir Fahri Konsoloslu\u011fu Vize \u0130\u015flemleri Nelerdir? Belarus \u0130zmir Fahri Konsoloslu\u011fu Nerededir? Bilgi \u0130\u00e7in Bizi Aray\u0131n: 0850 346 84 93","og_url":"https:\/\/myvize.com.tr\/belarus\/konsolosluklar\/belarus-fahri-kons-izmir\/","og_site_name":"Belarus Vizesi","article_modified_time":"2022-01-10T14:46:54+00:00","twitter_card":"summary_large_image","twitter_misc":{"Tahmini okuma s\u00fcresi":"1 dakika"},"schema":{"@context":"https:\/\/schema.org","@graph":[{"@type":"WebPage","@id":"https:\/\/myvize.com.tr\/belarus\/konsolosluklar\/belarus-fahri-kons-izmir\/","url":"https:\/\/myvize.com.tr\/belarus\/konsolosluklar\/belarus-fahri-kons-izmir\/","name":"Belarus \u0130zmir Fahri Konsoloslu\u011fu Vize \u0130\u015flemleri - MyVize","isPartOf":{"@id":"https:\/\/myvize.com.tr\/belarus\/#website"},"datePublished":"2021-01-19T12:48:03+00:00","dateModified":"2022-01-10T14:46:54+00:00","description":"Belarus \u0130zmir Fahri Konsoloslu\u011fu Vize \u0130\u015flemleri Nelerdir? Belarus \u0130zmir Fahri Konsoloslu\u011fu Nerededir? Bilgi \u0130\u00e7in Bizi Aray\u0131n: 0850 346 84 93","breadcrumb":{"@id":"https:\/\/myvize.com.tr\/belarus\/konsolosluklar\/belarus-fahri-kons-izmir\/#breadcrumb"},"inLanguage":"tr","potentialAction":[{"@type":"ReadAction","target":["https:\/\/myvize.com.tr\/belarus\/konsolosluklar\/belarus-fahri-kons-izmir\/"]}]},{"@type":"BreadcrumbList","@id":"https:\/\/myvize.com.tr\/belarus\/konsolosluklar\/belarus-fahri-kons-izmir\/#breadcrumb","itemListElement":[{"@type":"ListItem","position":1,"name":"Anasayfa","item":"https:\/\/myvize.com.tr\/belarus\/"},{"@type":"ListItem","position":2,"name":"KONSOLOSLUKLAR","item":"https:\/\/myvize.com.tr\/belarus\/konsolosluklar\/"},{"@type":"ListItem","position":3,"name":"Belarus Fahri Konsoloslu\u011fu \u0130zmir"}]},{"@type":"WebSite","@id":"https:\/\/myvize.com.tr\/belarus\/#website","url":"https:\/\/myvize.com.tr\/belarus\/","name":"Belarus Vizesi","description":"","potentialAction":[{"@type":"SearchAction","target":{"@type":"EntryPoint","urlTemplate":"https:\/\/myvize.com.tr\/belarus\/?s={search_term_string}"},"query-input":{"@type":"PropertyValueSpecification","valueRequired":true,"valueName":"search_term_string"}}],"inLanguage":"tr"}]}},"_links":{"self":[{"href":"https:\/\/myvize.com.tr\/belarus\/wp-json\/wp\/v2\/pages\/285","targetHints":{"allow":["GET"]}}],"collection":[{"href":"https:\/\/myvize.com.tr\/belarus\/wp-json\/wp\/v2\/pages"}],"about":[{"href":"https:\/\/myvize.com.tr\/belarus\/wp-json\/wp\/v2\/types\/page"}],"author":[{"embeddable":true,"href":"https:\/\/myvize.com.tr\/belarus\/wp-json\/wp\/v2\/users\/1"}],"replies":[{"embeddable":true,"href":"https:\/\/myvize.com.tr\/belarus\/wp-json\/wp\/v2\/comments?post=285"}],"version-history":[{"count":3,"href":"https:\/\/myvize.com.tr\/belarus\/wp-json\/wp\/v2\/pages\/285\/revisions"}],"predecessor-version":[{"id":423,"href":"https:\/\/myvize.com.tr\/belarus\/wp-json\/wp\/v2\/pages\/285\/revisions\/423"}],"up":[{"embeddable":true,"href":"https:\/\/myvize.com.tr\/belarus\/wp-json\/wp\/v2\/pages\/69"}],"wp:attachment":[{"href":"https:\/\/myvize.com.tr\/belarus\/wp-json\/wp\/v2\/media?parent=285"}],"curies":[{"name":"wp","href":"https:\/\/api.w.org\/{rel}","templated":true}]}}