{"id":370,"date":"2021-07-04T00:09:13","date_gmt":"2021-07-03T21:09:13","guid":{"rendered":"https:\/\/myvize.com.tr\/bae\/?page_id=370"},"modified":"2021-07-04T00:09:15","modified_gmt":"2021-07-03T21:09:15","slug":"bae-izmir-konsoloslugu","status":"publish","type":"page","link":"https:\/\/myvize.com.tr\/bae\/bae-izmir-konsoloslugu\/","title":{"rendered":"BAE \u0130zmir Konsoloslu\u011fu"},"content":{"rendered":"\n<p>Bu makale de sizlere BAE \u0130zmir Fahri Konsoloslu\u011fu ile ilgili; g\u00f6rev b\u00f6lgesi ve \u00e7al\u0131\u015fma saatleri hakk\u0131nda bilgi verece\u011fiz. Ayn\u0131 zamanda konsoloslu\u011fun&nbsp;ne demek oldu\u011fu ve BAE vize gereklilikleri hakk\u0131nda da bilgi verece\u011fiz.<\/p>\n\n\n\n<p>BAE \u0130zmir Konsolosluk<br>Ula\u015f\u0131m, t\u0131bbi, kanuni, yurtd\u0131\u015f\u0131nda \u00f6l\u00fcm, do\u011fum, evlilik gibi olaylarla alakadar olan birime konsolosluk deniliyor.<\/p>\n\n\n\n<p>BAE \u0130zmir Konsolosluk G\u00f6rev B\u00f6lgesi<br>Birle\u015fik Arap Emirlikleri vize ba\u015fvurunuzu yapmak i\u00e7in gerekli evraklar\u0131 haz\u0131rlayarak kargo veya e-posta ile g\u00f6ndererek ba\u015fvuru i\u015fleminizi&nbsp;yapabiliyorsunuz. Birle\u015fik Arap Emirlikleri vizesi e-vize oldu\u011fundan dolay\u0131 dijital ortamda al\u0131nan bir vize t\u00fcr\u00fcd\u00fcr. E-vize ba\u015fvurunuzu Vize Merkezi Birle\u015fik Arap&nbsp;Emirlikleri sayfas\u0131ndan gerekli evraklar\u0131 sisteme aktararak ger\u00e7ekle\u015ftirebiliyorsunuz.Birle\u015fik Arap Emirlikleri e-vize i\u015flemi online olarak yap\u0131l\u0131yor. Birle\u015fik Arap Emirlikleri e-vizesine ba\u015fvuru yapmak i\u00e7inba\u015fvuru formunun doldurulmas\u0131 gerekiyor. Formda istenen bilgileri yanl\u0131\u015fs\u0131z&nbsp;olarak doldurup ba\u015fvuru yap\u0131labiliyorsunuz.Birle\u015fik Arap Emirlikleri vizesi i\u00e7in direkt&nbsp; gidip konsoloslu\u011fa ba\u015fvuruda bulunmak gerekmiyor.&nbsp;Parmak izi verme zorunlulu\u011fu da yoktur.&nbsp;\u0130stenen evraklar\u0131 ilgili yerlere g\u00f6ndererek ya da Vize Merkezi\u2019nin Birle\u015fik Arap Emirlikleri sayfas\u0131ndan online ba\u015fvuruda bulunabiliyorsunuz.<\/p>\n","protected":false},"excerpt":{"rendered":"<p>Bu makale de sizlere BAE \u0130zmir Fahri Konsoloslu\u011fu ile ilgili; g\u00f6rev b\u00f6lgesi ve \u00e7al\u0131\u015fma saatleri hakk\u0131nda bilgi verece\u011fiz. Ayn\u0131 zamanda konsoloslu\u011fun&nbsp;ne demek oldu\u011fu ve BAE vize gereklilikleri hakk\u0131nda da bilgi verece\u011fiz. BAE \u0130zmir KonsoloslukUla\u015f\u0131m, t\u0131bbi, kanuni, yurtd\u0131\u015f\u0131nda \u00f6l\u00fcm, do\u011fum, evlilik gibi olaylarla alakadar olan birime konsolosluk deniliyor. BAE \u0130zmir Konsolosluk G\u00f6rev B\u00f6lgesiBirle\u015fik Arap Emirlikleri vize<\/p>\n","protected":false},"author":1,"featured_media":0,"parent":0,"menu_order":0,"comment_status":"closed","ping_status":"closed","template":"","meta":[],"yoast_head":"<!-- This site is optimized with the Yoast SEO plugin v16.4 - https:\/\/yoast.com\/wordpress\/plugins\/seo\/ -->\n<title>BAE \u0130zmir Konsoloslu\u011fu - BAE Vizesi<\/title>\n<meta name=\"robots\" content=\"index, follow, max-snippet:-1, max-image-preview:large, max-video-preview:-1\" \/>\n<link rel=\"canonical\" href=\"https:\/\/myvize.com.tr\/bae\/bae-izmir-konsoloslugu\/\" \/>\n<meta property=\"og:locale\" content=\"tr_TR\" \/>\n<meta property=\"og:type\" content=\"article\" \/>\n<meta property=\"og:title\" content=\"BAE \u0130zmir Konsoloslu\u011fu - BAE Vizesi\" \/>\n<meta property=\"og:description\" content=\"Bu makale de sizlere BAE \u0130zmir Fahri Konsoloslu\u011fu ile ilgili; g\u00f6rev b\u00f6lgesi ve \u00e7al\u0131\u015fma saatleri hakk\u0131nda bilgi verece\u011fiz. Ayn\u0131 zamanda konsoloslu\u011fun&nbsp;ne demek oldu\u011fu ve BAE vize gereklilikleri hakk\u0131nda da bilgi verece\u011fiz. BAE \u0130zmir KonsoloslukUla\u015f\u0131m, t\u0131bbi, kanuni, yurtd\u0131\u015f\u0131nda \u00f6l\u00fcm, do\u011fum, evlilik gibi olaylarla alakadar olan birime konsolosluk deniliyor. BAE \u0130zmir Konsolosluk G\u00f6rev B\u00f6lgesiBirle\u015fik Arap Emirlikleri vize\" \/>\n<meta property=\"og:url\" content=\"https:\/\/myvize.com.tr\/bae\/bae-izmir-konsoloslugu\/\" \/>\n<meta property=\"og:site_name\" content=\"BAE Vizesi\" \/>\n<meta property=\"article:modified_time\" content=\"2021-07-03T21:09:15+00:00\" \/>\n<meta name=\"twitter:card\" content=\"summary_large_image\" \/>\n<meta name=\"twitter:label1\" content=\"Tahmini okuma s\u00fcresi\" \/>\n\t<meta name=\"twitter:data1\" content=\"1 dakika\" \/>\n<script type=\"application\/ld+json\" class=\"yoast-schema-graph\">{\"@context\":\"https:\/\/schema.org\",\"@graph\":[{\"@type\":\"WebSite\",\"@id\":\"https:\/\/myvize.com.tr\/bae\/#website\",\"url\":\"https:\/\/myvize.com.tr\/bae\/\",\"name\":\"BAE Vizesi\",\"description\":\"\",\"potentialAction\":[{\"@type\":\"SearchAction\",\"target\":\"https:\/\/myvize.com.tr\/bae\/?s={search_term_string}\",\"query-input\":\"required name=search_term_string\"}],\"inLanguage\":\"tr\"},{\"@type\":\"WebPage\",\"@id\":\"https:\/\/myvize.com.tr\/bae\/bae-izmir-konsoloslugu\/#webpage\",\"url\":\"https:\/\/myvize.com.tr\/bae\/bae-izmir-konsoloslugu\/\",\"name\":\"BAE \\u0130zmir Konsoloslu\\u011fu - BAE Vizesi\",\"isPartOf\":{\"@id\":\"https:\/\/myvize.com.tr\/bae\/#website\"},\"datePublished\":\"2021-07-03T21:09:13+00:00\",\"dateModified\":\"2021-07-03T21:09:15+00:00\",\"breadcrumb\":{\"@id\":\"https:\/\/myvize.com.tr\/bae\/bae-izmir-konsoloslugu\/#breadcrumb\"},\"inLanguage\":\"tr\",\"potentialAction\":[{\"@type\":\"ReadAction\",\"target\":[\"https:\/\/myvize.com.tr\/bae\/bae-izmir-konsoloslugu\/\"]}]},{\"@type\":\"BreadcrumbList\",\"@id\":\"https:\/\/myvize.com.tr\/bae\/bae-izmir-konsoloslugu\/#breadcrumb\",\"itemListElement\":[{\"@type\":\"ListItem\",\"position\":1,\"item\":{\"@type\":\"WebPage\",\"@id\":\"https:\/\/myvize.com.tr\/bae\/\",\"url\":\"https:\/\/myvize.com.tr\/bae\/\",\"name\":\"Anasayfa\"}},{\"@type\":\"ListItem\",\"position\":2,\"item\":{\"@id\":\"https:\/\/myvize.com.tr\/bae\/bae-izmir-konsoloslugu\/#webpage\"}}]}]}<\/script>\n<!-- \/ Yoast SEO plugin. -->","_links":{"self":[{"href":"https:\/\/myvize.com.tr\/bae\/wp-json\/wp\/v2\/pages\/370"}],"collection":[{"href":"https:\/\/myvize.com.tr\/bae\/wp-json\/wp\/v2\/pages"}],"about":[{"href":"https:\/\/myvize.com.tr\/bae\/wp-json\/wp\/v2\/types\/page"}],"author":[{"embeddable":true,"href":"https:\/\/myvize.com.tr\/bae\/wp-json\/wp\/v2\/users\/1"}],"replies":[{"embeddable":true,"href":"https:\/\/myvize.com.tr\/bae\/wp-json\/wp\/v2\/comments?post=370"}],"version-history":[{"count":1,"href":"https:\/\/myvize.com.tr\/bae\/wp-json\/wp\/v2\/pages\/370\/revisions"}],"predecessor-version":[{"id":372,"href":"https:\/\/myvize.com.tr\/bae\/wp-json\/wp\/v2\/pages\/370\/revisions\/372"}],"wp:attachment":[{"href":"https:\/\/myvize.com.tr\/bae\/wp-json\/wp\/v2\/media?parent=370"}],"curies":[{"name":"wp","href":"https:\/\/api.w.org\/{rel}","templated":true}]}}