{"id":326,"date":"2021-01-19T13:21:23","date_gmt":"2021-01-19T10:21:23","guid":{"rendered":"https:\/\/myvize.com.tr\/bae\/?page_id=326"},"modified":"2021-01-19T13:21:25","modified_gmt":"2021-01-19T10:21:25","slug":"ticari-vize-dilekce-ornegi","status":"publish","type":"page","link":"https:\/\/myvize.com.tr\/bae\/form-ve-dilekce\/ticari-vize-dilekce-ornegi\/","title":{"rendered":"Ticari Vize Dilek\u00e7e \u00d6rne\u011fi"},"content":{"rendered":"","protected":false},"excerpt":{"rendered":"","protected":false},"author":1,"featured_media":0,"parent":144,"menu_order":0,"comment_status":"closed","ping_status":"closed","template":"","meta":[],"yoast_head":"<!-- This site is optimized with the Yoast SEO plugin v16.4 - https:\/\/yoast.com\/wordpress\/plugins\/seo\/ -->\n<title>Ticari Vize Dilek\u00e7e \u00d6rne\u011fi - BAE Vizesi<\/title>\n<meta name=\"robots\" content=\"index, follow, max-snippet:-1, max-image-preview:large, max-video-preview:-1\" \/>\n<link rel=\"canonical\" href=\"https:\/\/myvize.com.tr\/bae\/form-ve-dilekce\/ticari-vize-dilekce-ornegi\/\" \/>\n<meta property=\"og:locale\" content=\"tr_TR\" \/>\n<meta property=\"og:type\" content=\"article\" \/>\n<meta property=\"og:title\" content=\"Ticari Vize Dilek\u00e7e \u00d6rne\u011fi - BAE Vizesi\" \/>\n<meta property=\"og:url\" content=\"https:\/\/myvize.com.tr\/bae\/form-ve-dilekce\/ticari-vize-dilekce-ornegi\/\" \/>\n<meta property=\"og:site_name\" content=\"BAE Vizesi\" \/>\n<meta property=\"article:modified_time\" content=\"2021-01-19T10:21:25+00:00\" \/>\n<meta name=\"twitter:card\" content=\"summary_large_image\" \/>\n<script type=\"application\/ld+json\" class=\"yoast-schema-graph\">{\"@context\":\"https:\/\/schema.org\",\"@graph\":[{\"@type\":\"WebSite\",\"@id\":\"https:\/\/myvize.com.tr\/bae\/#website\",\"url\":\"https:\/\/myvize.com.tr\/bae\/\",\"name\":\"BAE Vizesi\",\"description\":\"\",\"potentialAction\":[{\"@type\":\"SearchAction\",\"target\":\"https:\/\/myvize.com.tr\/bae\/?s={search_term_string}\",\"query-input\":\"required name=search_term_string\"}],\"inLanguage\":\"tr\"},{\"@type\":\"WebPage\",\"@id\":\"https:\/\/myvize.com.tr\/bae\/form-ve-dilekce\/ticari-vize-dilekce-ornegi\/#webpage\",\"url\":\"https:\/\/myvize.com.tr\/bae\/form-ve-dilekce\/ticari-vize-dilekce-ornegi\/\",\"name\":\"Ticari Vize Dilek\\u00e7e \\u00d6rne\\u011fi - BAE Vizesi\",\"isPartOf\":{\"@id\":\"https:\/\/myvize.com.tr\/bae\/#website\"},\"datePublished\":\"2021-01-19T10:21:23+00:00\",\"dateModified\":\"2021-01-19T10:21:25+00:00\",\"breadcrumb\":{\"@id\":\"https:\/\/myvize.com.tr\/bae\/form-ve-dilekce\/ticari-vize-dilekce-ornegi\/#breadcrumb\"},\"inLanguage\":\"tr\",\"potentialAction\":[{\"@type\":\"ReadAction\",\"target\":[\"https:\/\/myvize.com.tr\/bae\/form-ve-dilekce\/ticari-vize-dilekce-ornegi\/\"]}]},{\"@type\":\"BreadcrumbList\",\"@id\":\"https:\/\/myvize.com.tr\/bae\/form-ve-dilekce\/ticari-vize-dilekce-ornegi\/#breadcrumb\",\"itemListElement\":[{\"@type\":\"ListItem\",\"position\":1,\"item\":{\"@type\":\"WebPage\",\"@id\":\"https:\/\/myvize.com.tr\/bae\/\",\"url\":\"https:\/\/myvize.com.tr\/bae\/\",\"name\":\"Anasayfa\"}},{\"@type\":\"ListItem\",\"position\":2,\"item\":{\"@type\":\"WebPage\",\"@id\":\"https:\/\/myvize.com.tr\/bae\/form-ve-dilekce\/\",\"url\":\"https:\/\/myvize.com.tr\/bae\/form-ve-dilekce\/\",\"name\":\"FORM VE D\\u0130LEK\\u00c7E\"}},{\"@type\":\"ListItem\",\"position\":3,\"item\":{\"@id\":\"https:\/\/myvize.com.tr\/bae\/form-ve-dilekce\/ticari-vize-dilekce-ornegi\/#webpage\"}}]}]}<\/script>\n<!-- \/ Yoast SEO plugin. -->","_links":{"self":[{"href":"https:\/\/myvize.com.tr\/bae\/wp-json\/wp\/v2\/pages\/326"}],"collection":[{"href":"https:\/\/myvize.com.tr\/bae\/wp-json\/wp\/v2\/pages"}],"about":[{"href":"https:\/\/myvize.com.tr\/bae\/wp-json\/wp\/v2\/types\/page"}],"author":[{"embeddable":true,"href":"https:\/\/myvize.com.tr\/bae\/wp-json\/wp\/v2\/users\/1"}],"replies":[{"embeddable":true,"href":"https:\/\/myvize.com.tr\/bae\/wp-json\/wp\/v2\/comments?post=326"}],"version-history":[{"count":1,"href":"https:\/\/myvize.com.tr\/bae\/wp-json\/wp\/v2\/pages\/326\/revisions"}],"predecessor-version":[{"id":327,"href":"https:\/\/myvize.com.tr\/bae\/wp-json\/wp\/v2\/pages\/326\/revisions\/327"}],"up":[{"embeddable":true,"href":"https:\/\/myvize.com.tr\/bae\/wp-json\/wp\/v2\/pages\/144"}],"wp:attachment":[{"href":"https:\/\/myvize.com.tr\/bae\/wp-json\/wp\/v2\/media?parent=326"}],"curies":[{"name":"wp","href":"https:\/\/api.w.org\/{rel}","templated":true}]}}