{"id":355,"date":"2021-06-18T12:00:00","date_gmt":"2021-06-18T09:00:00","guid":{"rendered":"https:\/\/myvize.com.tr\/afganistan\/?page_id=355"},"modified":"2022-03-19T11:58:12","modified_gmt":"2022-03-19T08:58:12","slug":"afganistan-vizesi","status":"publish","type":"page","link":"https:\/\/myvize.com.tr\/afganistan\/afganistan-vizesi\/","title":{"rendered":"Afganistan Vizesi"},"content":{"rendered":"<p><span style=\"font-family: Roboto;\"><\/span><\/p>\r\n<p><span style=\"font-family: Roboto; font-size: 14px;\">Afganistan\u2019a gidecek vatanda\u015flar\u0131n vize almalar\u0131 gerekmektedir.\u00a0 Diplomatik pasaport sahipleri vizeden muaft\u0131r. Vize s\u00fcresi en fazla 30 g\u00fcn i\u00e7inde dolmaktad\u0131r.<\/span><\/p>\r\n<p><span style=\"font-family: Roboto; font-size: 14px;\">\r\n\r\n<\/span><\/p>\r\n<h2><span style=\"font-family: Roboto; font-size: 27px;\"><strong>Afganistan Vize T\u00fcrleri<\/strong><\/span><\/h2>\r\n<p><span style=\"font-family: Roboto; font-size: 14px;\">\r\n\r\n<\/span><\/p>\r\n<ol class=\"wp-block-list\">\r\n<li><span style=\"font-family: Roboto; font-size: 14px;\">Afganistan turistik vize<\/span><\/li>\r\n<li><span style=\"font-family: Roboto; font-size: 14px;\">Afganistan ticari vize<\/span><\/li>\r\n<li><span style=\"font-family: Roboto; font-size: 14px;\">Afganistan aile ziyareti vizesi<\/span><\/li>\r\n<\/ol>\r\n<p><span style=\"font-family: Roboto; font-size: 14px;\"><\/span><\/p>\r\n<p><span style=\"font-family: Roboto; font-size: 14px;\"><img decoding=\"async\" src=\"https:\/\/myvize.com.tr\/afganistan\/wp-content\/uploads\/2021\/09\/5.jpg\" \/><\/span><\/p>\r\n<p><span style=\"font-family: Roboto; font-size: 14px;\"><\/span><\/p>\r\n<h2><span style=\"font-family: Roboto; font-size: 27px;\"><strong>Afganistan Vizesi \u0130\u00e7in Gerekli Belgeler<\/strong><\/span><\/h2>\r\n<p><span style=\"font-family: Roboto; font-size: 14px;\">\r\n\r\n<\/span><\/p>\r\n<ol class=\"wp-block-list\">\r\n<li><span style=\"font-family: Roboto; font-size: 14px;\">Vize i\u00e7in i\u015fverenden onayl\u0131 evraklar<\/span><\/li>\r\n<li><span style=\"font-family: Roboto; font-size: 14px;\">Pasaport al\u0131nmas\u0131 gerekmektedir. Bir \u015fart olarak d\u00f6n\u00fc\u015f tarihinden sonra \u00fc\u00e7 ay daha ge\u00e7erlili\u011fi olmas\u0131 gerekmektedir.<\/span><\/li>\r\n<li><span style=\"font-family: Roboto; font-size: 14px;\">Afganistan vize ba\u015fvuru formu eksiksiz bir \u015fekilde doldurulmal\u0131d\u0131r.<\/span><\/li>\r\n<li><span style=\"font-family: Roboto; font-size: 14px;\">Son 6 ayda \u00e7ekilmi\u015f iki adet biometrik foto\u011fraf haz\u0131rlanmal\u0131d\u0131r.<\/span><\/li>\r\n<li><span style=\"font-family: Roboto; font-size: 14px;\">Afganistan seyahat s\u00fcresi boyunca kal\u0131nacak otel veya evlerin adresleri ve u\u00e7ak biletlerinin \u00e7\u0131kt\u0131s\u0131 dosyalar\u0131n i\u00e7inde olmal\u0131d\u0131r.<\/span><\/li>\r\n<li><span style=\"font-family: Roboto; font-size: 14px;\">Davet mektuplar\u0131 da dosyalar\u0131n i\u00e7inde olmal\u0131d\u0131r.<\/span><\/li>\r\n<li><span style=\"font-family: Roboto; font-size: 14px;\">Kimlik kart\u0131 d\u0131\u015f\u0131nda kimlik kart\u0131 fotokopisi gerekmektedir.<\/span><\/li>\r\n<li><span style=\"font-family: Roboto; font-size: 14px;\">\u0130kametgah belgesi<\/span><\/li>\r\n<li><span style=\"font-family: Roboto; font-size: 14px;\">N\u00fcfus kay\u0131t \u00f6rne\u011fi<\/span><\/li>\r\n<li><span style=\"font-family: Roboto; font-size: 14px;\">Doktor onayl\u0131 H1 &#8211; \u00a0N1 vir\u00fcs\u00fcn\u00fcn ta\u015f\u0131nmad\u0131\u011f\u0131na dair belge<\/span><\/li>\r\n<li><span style=\"font-family: Roboto; font-size: 14px;\">Sahip oldu\u011funuz i\u015fverenin imza belgesi<\/span><\/li>\r\n<li><span style=\"font-family: Roboto; font-size: 14px;\">Vergi belgesinin fotokopisi<\/span><\/li>\r\n<li><span style=\"font-family: Roboto; font-size: 14px;\">Ticaret i\u00e7in sicil belgesi al\u0131nmal\u0131d\u0131r.<\/span><\/li>\r\n<li><span style=\"font-family: Roboto; font-size: 14px;\">E- devlet \u00fczerinden al\u0131nan Ba\u011fkur prim d\u00f6k\u00fcm\u00fc belgesi<\/span><\/li>\r\n<li><span style=\"font-family: Roboto; font-size: 14px;\">Seyahat d\u00f6n\u00fc\u015f\u00fc 6 ay ge\u00e7erli olan pasaport<\/span><\/li>\r\n<li><span style=\"font-family: Roboto; font-size: 14px;\">SSK d\u00f6k\u00fcm formu<\/span><\/li>\r\n<li><span style=\"font-family: Roboto; font-size: 14px;\">3 ayl\u0131k maa\u015f bordrosu<\/span><\/li>\r\n<\/ol>\r\n<p><span style=\"font-family: Roboto; font-size: 14px;\">\r\n\r\n<\/span><\/p>\r\n<p><span style=\"font-family: Roboto; font-size: 14px;\">Maddeler hem ticari vize i\u00e7in hem de seyahat i\u00e7in ge\u00e7erlidir.\u00a0 Kar\u0131\u015f\u0131k halde yaz\u0131lm\u0131\u015ft\u0131r. Turistik ama\u00e7l\u0131 seyahat edenler i\u015fveren ve \u00e7al\u0131\u015fma ile alakal\u0131 maddeleri uygulamayacakt\u0131r. Konsolosluk olduk\u00e7a yo\u011fundur. Ortalama bir hafta i\u00e7inde vizeleri sonu\u00e7land\u0131rmaktad\u0131r.\u00a0 Seyahat edilecek g\u00fcnden 1 ay \u00f6nce ba\u015fvuru yapman\u0131z h\u0131z a\u00e7\u0131s\u0131ndan daha i\u015fe yarar bir yoldur.\u00a0 Vize ba\u015fvurular\u0131 ile alakal\u0131 en net bilgiyi internet sitesi \u00fczerinden veya dan\u0131\u015fma hatt\u0131ndan \u00f6\u011frenebilirsiniz.<\/span><\/p>\r\n<p><span style=\"font-family: Roboto; font-size: 14px;\">\r\n\r\n<\/span><\/p>\r\n<h2><span style=\"font-family: Roboto; font-size: 27px;\"><strong>Afganistan Vize \u00dccretleri<\/strong><\/span><\/h2>\r\n<p><span style=\"font-family: Roboto; font-size: 14px;\">\r\n\r\n<\/span><\/p>\r\n<p><span style=\"font-family: Roboto; font-size: 14px;\"><strong>Afganistan ticari vize harc\u0131:<\/strong>\u00a0100 USD<\/span><\/p>\r\n<p><span style=\"font-family: Roboto; font-size: 14px;\">\r\n\r\n<\/span><\/p>\r\n<p><span style=\"font-family: Roboto; font-size: 14px;\"><strong>Afganistan turistik vize harc\u0131:\u00a0<\/strong>100 USD<\/span><\/p>\r\n<p><span style=\"font-family: Roboto; font-size: 14px;\">\r\n\r\n<\/span><\/p>\r\n<p><span style=\"font-family: Roboto; font-size: 14px;\"><strong>Afganistan s\u0131n\u0131r kap\u0131s\u0131 harc\u0131:\u00a0<\/strong>\u00a0100 USD<\/span><\/p>\r\n<p><span style=\"font-family: Roboto; font-size: 14px;\">\r\n\r\n<\/span><\/p>\r\n<p><span style=\"font-family: Roboto; font-size: 14px;\">\u00dccretler kal\u0131nacak g\u00fcne de\u011fi\u015fiklik g\u00f6stermektedir. G\u00fcn s\u00fcresine g\u00f6re art\u0131p azalabilir. S\u0131n\u0131r kap\u0131s\u0131 harc\u0131 Afganistan \u00fclkesi taraf\u0131ndan al\u0131nmaktad\u0131r. Muaf de\u011fildir.<\/span><\/p>\r\n<h2><span style=\"font-family: Roboto; font-size: 27px;\"><strong>Afganistan Vizesi<\/strong><\/span><\/h2>\r\n<p><span style=\"font-family: Roboto; font-size: 14px;\">Afganistan seyahatini yapacak <strong>T\u00fcrkiye vatanda\u015f\u0131<\/strong>n\u0131n seyahati \u00f6ncesi <strong>Afganistan vizesi<\/strong> almas\u0131 zorunludur. <strong>Afganistan Devleti<\/strong> ve <strong>T\u00fcrkiye Devleti<\/strong> aras\u0131nda vize uygulama gere\u011fince Afganistan turistik vize maksimum 1 ayl\u0131k bir s\u00fcreyi kapsamakta. 2 \u00fclke resm\u00ee pasaporta sahip ki\u015filer ise Afganistan vizesi i\u015fleminden muaft\u0131r.<\/span><br \/><span style=\"font-family: Roboto; font-size: 14px;\">Vize uygulamas\u0131 yabanc\u0131 \u00fclke vatanda\u015f\u0131n\u0131n \u00fclkeye giri\u015f \u00e7\u0131k\u0131\u015f\u0131n\u0131n kontrol edilmesini sa\u011flarken, evrak\u0131n organize edilmesi ile olu\u015fan resm\u00ee s\u00fcre\u00e7tir. Afganistan seyahati gerek\u00e7elere ba\u011fl\u0131 olarak ilgili vize kategorisi se\u00e7ilmesi gerekmekte.<\/span><br \/><span style=\"font-family: Roboto; font-size: 14px;\"><span style=\"color: #2acec2;\"><strong><a style=\"color: #2acec2;\" href=\"https:\/\/myvize.com.tr\/afganistan\/vize-islemleri\/turistik-vize\/\" target=\"_blank\" rel=\"noopener\">Afganistan Turistik Vize<\/a><\/strong><\/span>, <strong>Afganistan Ticari Vize<\/strong>, <strong>Afganistan Aile Ziyareti Vize<\/strong>, <span style=\"color: #2acec2;\"><a style=\"color: #2acec2;\" href=\"https:\/\/myvize.com.tr\/afganistan\/vize-islemleri\/afganistan-transit-vize\/\" target=\"_blank\" rel=\"noopener\">Afganistan Transit Vize<\/a><\/span> dahil t\u00fcm vize kategorisinde 3 aya kadar k\u0131sa s\u00fcre seyahat i\u00e7in vize ba\u015fvurular\u0131 ger\u00e7ekle\u015ftirilmekte.<\/span><br \/><span style=\"font-family: Roboto; font-size: 14px;\"><span style=\"color: #2acec2;\"><strong><a style=\"color: #2acec2;\" href=\"https:\/\/myvize.com.tr\/afganistan\/form-ve-dilekce\/vize-basvuru-formu\/\" target=\"_blank\" rel=\"noopener\">Afganistan vize ba\u015fvuru formu<\/a><\/strong><\/span>, <strong>Afganistan Konsolosluklar\u0131<\/strong> taraf\u0131ndan haz\u0131rlanm\u0131\u015f olan bir form. Afganistan vize ba\u015fvuru form, Afganistan Konsolosluklar\u0131n\u0131 ba\u015fvuru sahipleri hakk\u0131nda bilgi edinmesi sa\u011flarken, <strong>Afganistan Vizesi<\/strong> talebinde bulunuldu\u011fu g\u00f6steren resm\u00ee belgedir.<\/span><br \/><span style=\"font-family: Roboto; font-size: 14px;\">Afganistan Konsolosluklar\u0131, pasaporta sahip olmayan ba\u015fvuru sahibinin vize i\u015flemini ger\u00e7ekle\u015ftirmemekte. Pasaport ba\u015fvurusu \u015fahsen yap\u0131lmal\u0131d\u0131r, randevulu ya da randevusuz olarak ba\u015fvurular i\u015flem s\u00fcrd\u00fcr\u00fclebilmekte.<\/span><br \/><span style=\"font-family: Roboto; font-size: 14px;\">Afganistan seyahatlerinin i\u00e7eriklerine g\u00f6re de\u011fi\u015fiklikler g\u00f6sterecektir. Afganistan turistik vizesi, Afganistan ziyaret vize, Afganistan ticari vizesi Afganistan seyahatin i\u00e7eri\u011fi belirleyen vize \u00e7e\u015fididir. Vize talebi gerek\u00e7esine ba\u011fl\u0131 olarak ba\u015fvuru evrak\u0131 da farkl\u0131l\u0131k g\u00f6stermektedir.<\/span><\/p>\r\n<h2><span style=\"font-family: Roboto; font-size: 27px;\"><strong>Afganistan Vizesi \u0130le \u0130lgili<\/strong><\/span><\/h2>\r\n<p><span style=\"font-family: Roboto; font-size: 14px;\">Afganistan seyahatini yapacak T\u00fcrkiye vatanda\u015f\u0131n\u0131n seyahati \u00f6ncesi Afganistan vizesi almas\u0131 zorunludur. <strong>Afganistan devleti<\/strong> ve T\u00fcrkiye devleti aras\u0131nda vize uygulama gere\u011fince Afganistan turistik vize maksimum 1 ayl\u0131k bir s\u00fcreyi kapsamakta. 2 \u00fclke resm\u00ee pasaporta sahip ki\u015filer ise <strong>Afganistan vizesi<\/strong> i\u015fleminden muaft\u0131r.<\/span><br \/><span style=\"font-family: Roboto; font-size: 14px;\">Vize uygulamas\u0131 yabanc\u0131 \u00fclke vatanda\u015f\u0131n\u0131n \u00fclkeye giri\u015f \u00e7\u0131k\u0131\u015f\u0131n\u0131n kontrol edilmesini sa\u011flarken, evrak\u0131n organize edilmesi ile olu\u015fan resm\u00ee s\u00fcre\u00e7tir. Afganistan seyahati gerek\u00e7elere ba\u011fl\u0131 olarak ilgili vize kategorisi se\u00e7ilmesi gerekmekte.<\/span><br \/><span style=\"font-family: Roboto; font-size: 14px;\">Afganistan Turistik Vize, <strong>Afganistan Ticari Vize<\/strong>, Afganistan Aile Ziyareti Vize, <strong>Afganistan Transit Vize<\/strong> dahil t\u00fcm vize kategorisinde 3 aya kadar k\u0131sa s\u00fcre seyahat i\u00e7in vize ba\u015fvurular\u0131 ger\u00e7ekle\u015ftirilmekte.<\/span><br \/><span style=\"font-family: Roboto; font-size: 14px;\">Afganistan vize ba\u015fvuru form, Afganistan Konsolosluklar\u0131 taraf\u0131ndan haz\u0131rlanm\u0131\u015f olan bir form. Afganistan vize ba\u015fvuru form, Afganistan Konsolosluklar\u0131n\u0131 ba\u015fvuru sahipleri hakk\u0131nda bilgi edinmesi sa\u011flarken, <strong>Afganistan Vizesi<\/strong> talebinde bulunuldu\u011fu g\u00f6steren resm\u00ee belgedir.<\/span><br \/><span style=\"font-family: Roboto; font-size: 14px;\"><strong>Afganistan Konsolosluklar\u0131<\/strong>, pasaporta sahip olmayan ba\u015fvuru sahibinin vize i\u015flemini ger\u00e7ekle\u015ftirmemekte. Pasaport ba\u015fvurusu \u015fahsen yap\u0131lmal\u0131d\u0131r, randevulu ya da randevusuz olarak ba\u015fvurular i\u015flem s\u00fcrd\u00fcr\u00fclebilmekte.<\/span><br \/><span style=\"font-family: Roboto; font-size: 14px;\">Afganistan seyahatlerinin i\u00e7eriklerine g\u00f6re de\u011fi\u015fiklikler g\u00f6sterecektir. Afganistan turistik vizesi, <strong>Afganistan ziyaret vize,<\/strong> Afganistan ticari vizesi Afganistan seyahatin i\u00e7eri\u011fi belirleyen vize \u00e7e\u015fididir. Vize talebi gerek\u00e7esine ba\u011fl\u0131 olarak ba\u015fvuru evrak\u0131 da farkl\u0131l\u0131k g\u00f6stermektedir.<\/span><\/p>\r\n<p><span style=\"font-family: Roboto;\"><\/span><\/p>","protected":false},"excerpt":{"rendered":"<p>Afganistan\u2019a gidecek vatanda\u015flar\u0131n vize almalar\u0131 gerekmektedir.\u00a0 Diplomatik pasaport sahipleri vizeden muaft\u0131r. Vize s\u00fcresi en fazla 30 g\u00fcn i\u00e7inde dolmaktad\u0131r. Afganistan Vize T\u00fcrleri Afganistan turistik vize Afganistan ticari vize Afganistan aile ziyareti vizesi Afganistan Vizesi \u0130\u00e7in Gerekli Belgeler Vize i\u00e7in i\u015fverenden onayl\u0131 evraklar Pasaport al\u0131nmas\u0131 gerekmektedir. Bir \u015fart olarak d\u00f6n\u00fc\u015f tarihinden sonra \u00fc\u00e7 ay daha ge\u00e7erlili\u011fi<\/p>\n","protected":false},"author":1,"featured_media":0,"parent":0,"menu_order":0,"comment_status":"open","ping_status":"closed","template":"","meta":{"footnotes":""},"class_list":["post-355","page","type-page","status-publish","hentry"],"yoast_head":"<!-- This site is optimized with the Yoast SEO plugin v24.0 - https:\/\/yoast.com\/wordpress\/plugins\/seo\/ -->\n<title>Afganistan Vizesi - Afganistan Vizesi<\/title>\n<meta name=\"description\" content=\"Afganistan vizesi nas\u0131l al\u0131n\u0131r? Afganistan vizesi almak i\u00e7in gerekli evraklar nelerdir? Afganistan vize ba\u015fvurusu hakk\u0131nda ayr\u0131nt\u0131l\u0131 bilgi...\" \/>\n<meta name=\"robots\" content=\"index, follow, max-snippet:-1, max-image-preview:large, max-video-preview:-1\" \/>\n<link rel=\"canonical\" href=\"https:\/\/myvize.com.tr\/afganistan\/afganistan-vizesi\/\" \/>\n<meta property=\"og:locale\" content=\"tr_TR\" \/>\n<meta property=\"og:type\" content=\"article\" \/>\n<meta property=\"og:title\" content=\"Afganistan Vizesi - Afganistan Vizesi\" \/>\n<meta property=\"og:description\" content=\"Afganistan vizesi nas\u0131l al\u0131n\u0131r? Afganistan vizesi almak i\u00e7in gerekli evraklar nelerdir? Afganistan vize ba\u015fvurusu hakk\u0131nda ayr\u0131nt\u0131l\u0131 bilgi...\" \/>\n<meta property=\"og:url\" content=\"https:\/\/myvize.com.tr\/afganistan\/afganistan-vizesi\/\" \/>\n<meta property=\"og:site_name\" content=\"Afganistan Vizesi\" \/>\n<meta property=\"article:modified_time\" content=\"2022-03-19T08:58:12+00:00\" \/>\n<meta property=\"og:image\" content=\"https:\/\/myvize.com.tr\/afganistan\/wp-content\/uploads\/2021\/09\/5.jpg\" \/>\n<meta name=\"twitter:card\" content=\"summary_large_image\" \/>\n<meta name=\"twitter:label1\" content=\"Tahmini okuma s\u00fcresi\" \/>\n\t<meta name=\"twitter:data1\" content=\"3 dakika\" \/>\n<script type=\"application\/ld+json\" class=\"yoast-schema-graph\">{\"@context\":\"https:\/\/schema.org\",\"@graph\":[{\"@type\":\"WebPage\",\"@id\":\"https:\/\/myvize.com.tr\/afganistan\/afganistan-vizesi\/\",\"url\":\"https:\/\/myvize.com.tr\/afganistan\/afganistan-vizesi\/\",\"name\":\"Afganistan Vizesi - Afganistan Vizesi\",\"isPartOf\":{\"@id\":\"https:\/\/myvize.com.tr\/afganistan\/#website\"},\"primaryImageOfPage\":{\"@id\":\"https:\/\/myvize.com.tr\/afganistan\/afganistan-vizesi\/#primaryimage\"},\"image\":{\"@id\":\"https:\/\/myvize.com.tr\/afganistan\/afganistan-vizesi\/#primaryimage\"},\"thumbnailUrl\":\"https:\/\/myvize.com.tr\/afganistan\/wp-content\/uploads\/2021\/09\/5.jpg\",\"datePublished\":\"2021-06-18T09:00:00+00:00\",\"dateModified\":\"2022-03-19T08:58:12+00:00\",\"description\":\"Afganistan vizesi nas\u0131l al\u0131n\u0131r? Afganistan vizesi almak i\u00e7in gerekli evraklar nelerdir? Afganistan vize ba\u015fvurusu hakk\u0131nda ayr\u0131nt\u0131l\u0131 bilgi...\",\"breadcrumb\":{\"@id\":\"https:\/\/myvize.com.tr\/afganistan\/afganistan-vizesi\/#breadcrumb\"},\"inLanguage\":\"tr\",\"potentialAction\":[{\"@type\":\"ReadAction\",\"target\":[\"https:\/\/myvize.com.tr\/afganistan\/afganistan-vizesi\/\"]}]},{\"@type\":\"ImageObject\",\"inLanguage\":\"tr\",\"@id\":\"https:\/\/myvize.com.tr\/afganistan\/afganistan-vizesi\/#primaryimage\",\"url\":\"https:\/\/myvize.com.tr\/afganistan\/wp-content\/uploads\/2021\/09\/5.jpg\",\"contentUrl\":\"https:\/\/myvize.com.tr\/afganistan\/wp-content\/uploads\/2021\/09\/5.jpg\",\"width\":800,\"height\":500,\"caption\":\"Afganistan\"},{\"@type\":\"BreadcrumbList\",\"@id\":\"https:\/\/myvize.com.tr\/afganistan\/afganistan-vizesi\/#breadcrumb\",\"itemListElement\":[{\"@type\":\"ListItem\",\"position\":1,\"name\":\"Anasayfa\",\"item\":\"https:\/\/myvize.com.tr\/afganistan\/\"},{\"@type\":\"ListItem\",\"position\":2,\"name\":\"Afganistan Vizesi\"}]},{\"@type\":\"WebSite\",\"@id\":\"https:\/\/myvize.com.tr\/afganistan\/#website\",\"url\":\"https:\/\/myvize.com.tr\/afganistan\/\",\"name\":\"Afganistan Vizesi\",\"description\":\"\",\"potentialAction\":[{\"@type\":\"SearchAction\",\"target\":{\"@type\":\"EntryPoint\",\"urlTemplate\":\"https:\/\/myvize.com.tr\/afganistan\/?s={search_term_string}\"},\"query-input\":{\"@type\":\"PropertyValueSpecification\",\"valueRequired\":true,\"valueName\":\"search_term_string\"}}],\"inLanguage\":\"tr\"}]}<\/script>\n<!-- \/ Yoast SEO plugin. -->","yoast_head_json":{"title":"Afganistan Vizesi - Afganistan Vizesi","description":"Afganistan vizesi nas\u0131l al\u0131n\u0131r? Afganistan vizesi almak i\u00e7in gerekli evraklar nelerdir? Afganistan vize ba\u015fvurusu hakk\u0131nda ayr\u0131nt\u0131l\u0131 bilgi...","robots":{"index":"index","follow":"follow","max-snippet":"max-snippet:-1","max-image-preview":"max-image-preview:large","max-video-preview":"max-video-preview:-1"},"canonical":"https:\/\/myvize.com.tr\/afganistan\/afganistan-vizesi\/","og_locale":"tr_TR","og_type":"article","og_title":"Afganistan Vizesi - Afganistan Vizesi","og_description":"Afganistan vizesi nas\u0131l al\u0131n\u0131r? Afganistan vizesi almak i\u00e7in gerekli evraklar nelerdir? Afganistan vize ba\u015fvurusu hakk\u0131nda ayr\u0131nt\u0131l\u0131 bilgi...","og_url":"https:\/\/myvize.com.tr\/afganistan\/afganistan-vizesi\/","og_site_name":"Afganistan Vizesi","article_modified_time":"2022-03-19T08:58:12+00:00","og_image":[{"url":"https:\/\/myvize.com.tr\/afganistan\/wp-content\/uploads\/2021\/09\/5.jpg","type":"","width":"","height":""}],"twitter_card":"summary_large_image","twitter_misc":{"Tahmini okuma s\u00fcresi":"3 dakika"},"schema":{"@context":"https:\/\/schema.org","@graph":[{"@type":"WebPage","@id":"https:\/\/myvize.com.tr\/afganistan\/afganistan-vizesi\/","url":"https:\/\/myvize.com.tr\/afganistan\/afganistan-vizesi\/","name":"Afganistan Vizesi - Afganistan Vizesi","isPartOf":{"@id":"https:\/\/myvize.com.tr\/afganistan\/#website"},"primaryImageOfPage":{"@id":"https:\/\/myvize.com.tr\/afganistan\/afganistan-vizesi\/#primaryimage"},"image":{"@id":"https:\/\/myvize.com.tr\/afganistan\/afganistan-vizesi\/#primaryimage"},"thumbnailUrl":"https:\/\/myvize.com.tr\/afganistan\/wp-content\/uploads\/2021\/09\/5.jpg","datePublished":"2021-06-18T09:00:00+00:00","dateModified":"2022-03-19T08:58:12+00:00","description":"Afganistan vizesi nas\u0131l al\u0131n\u0131r? Afganistan vizesi almak i\u00e7in gerekli evraklar nelerdir? Afganistan vize ba\u015fvurusu hakk\u0131nda ayr\u0131nt\u0131l\u0131 bilgi...","breadcrumb":{"@id":"https:\/\/myvize.com.tr\/afganistan\/afganistan-vizesi\/#breadcrumb"},"inLanguage":"tr","potentialAction":[{"@type":"ReadAction","target":["https:\/\/myvize.com.tr\/afganistan\/afganistan-vizesi\/"]}]},{"@type":"ImageObject","inLanguage":"tr","@id":"https:\/\/myvize.com.tr\/afganistan\/afganistan-vizesi\/#primaryimage","url":"https:\/\/myvize.com.tr\/afganistan\/wp-content\/uploads\/2021\/09\/5.jpg","contentUrl":"https:\/\/myvize.com.tr\/afganistan\/wp-content\/uploads\/2021\/09\/5.jpg","width":800,"height":500,"caption":"Afganistan"},{"@type":"BreadcrumbList","@id":"https:\/\/myvize.com.tr\/afganistan\/afganistan-vizesi\/#breadcrumb","itemListElement":[{"@type":"ListItem","position":1,"name":"Anasayfa","item":"https:\/\/myvize.com.tr\/afganistan\/"},{"@type":"ListItem","position":2,"name":"Afganistan Vizesi"}]},{"@type":"WebSite","@id":"https:\/\/myvize.com.tr\/afganistan\/#website","url":"https:\/\/myvize.com.tr\/afganistan\/","name":"Afganistan Vizesi","description":"","potentialAction":[{"@type":"SearchAction","target":{"@type":"EntryPoint","urlTemplate":"https:\/\/myvize.com.tr\/afganistan\/?s={search_term_string}"},"query-input":{"@type":"PropertyValueSpecification","valueRequired":true,"valueName":"search_term_string"}}],"inLanguage":"tr"}]}},"_links":{"self":[{"href":"https:\/\/myvize.com.tr\/afganistan\/wp-json\/wp\/v2\/pages\/355","targetHints":{"allow":["GET"]}}],"collection":[{"href":"https:\/\/myvize.com.tr\/afganistan\/wp-json\/wp\/v2\/pages"}],"about":[{"href":"https:\/\/myvize.com.tr\/afganistan\/wp-json\/wp\/v2\/types\/page"}],"author":[{"embeddable":true,"href":"https:\/\/myvize.com.tr\/afganistan\/wp-json\/wp\/v2\/users\/1"}],"replies":[{"embeddable":true,"href":"https:\/\/myvize.com.tr\/afganistan\/wp-json\/wp\/v2\/comments?post=355"}],"version-history":[{"count":6,"href":"https:\/\/myvize.com.tr\/afganistan\/wp-json\/wp\/v2\/pages\/355\/revisions"}],"predecessor-version":[{"id":660,"href":"https:\/\/myvize.com.tr\/afganistan\/wp-json\/wp\/v2\/pages\/355\/revisions\/660"}],"wp:attachment":[{"href":"https:\/\/myvize.com.tr\/afganistan\/wp-json\/wp\/v2\/media?parent=355"}],"curies":[{"name":"wp","href":"https:\/\/api.w.org\/{rel}","templated":true}]}}