{"id":311,"date":"2021-01-25T13:28:27","date_gmt":"2021-01-25T10:28:27","guid":{"rendered":"http:\/\/myvize.com.tr\/afganistan\/?page_id=311"},"modified":"2022-06-13T16:07:46","modified_gmt":"2022-06-13T13:07:46","slug":"kabil-buyukelciligi","status":"publish","type":"page","link":"https:\/\/myvize.com.tr\/afganistan\/konsolosluklar\/kabil-buyukelciligi\/","title":{"rendered":"Afganistan Kabil B\u00fcy\u00fckel\u00e7ili\u011fi"},"content":{"rendered":"<h2><span style=\"font-family: Roboto; font-size: 27px;\">Afganistan Kabil B\u00fcy\u00fckel\u00e7isi Kimdir?<\/span><\/h2>\n<p><span style=\"font-family: Roboto; font-size: 14px;\">B\u00dcY\u00dcKEL\u00c7\u0130 C\u0130HAD ERG\u0130NAY<\/span><\/p>\n<p><span style=\"font-family: Roboto; font-size: 14px;\">Ad\u0131, Soyad\u0131:Cihad Erginay<\/span><\/p>\n<p><span style=\"font-family: Roboto; font-size: 14px;\">Do\u011fum Yeri ve Y\u0131l\u0131: Kabil &#8211; 24\/09\/1966<\/span><\/p>\n<p><span style=\"font-family: Roboto; font-size: 14px;\">Medeni Durumu:Evli , 2 \u00c7ocuk babas\u0131<\/span><\/p>\n<p><span style=\"font-family: Roboto; font-size: 14px;\">Bildi\u011fi Yabanc\u0131 Diller:\u0130ngilizce<\/span><\/p>\n<p><span style=\"font-family: Roboto; font-size: 14px;\">E\u011fitim Ge\u00e7mi\u015fi:<\/span><\/p>\n<p><span style=\"font-family: Roboto; font-size: 14px;\">1981 Ortaokul: Whitefild, Londra<\/span><\/p>\n<p><span style=\"font-family: Roboto; font-size: 14px;\">1984 Lise: Whitefied, Londra<\/span><\/p>\n<p><span style=\"font-family: Roboto; font-size: 14px;\">1988 Orta Do\u011fu Teknik \u00dcniversite &#8211; \u0130ktisadi ve \u0130dari Bilimler Fak\u00fcltesi &#8211; Uluslararas\u0131 \u0130li\u015fki<\/span><\/p>\n<p><span style=\"font-family: Roboto; font-size: 14px;\">2021- Kabil B\u00fcy\u00fckel\u00e7iki &#8211; B\u00fcy\u00fckel\u00e7i<\/span><\/p>\n<p><span style=\"font-family: Roboto; font-size: 14px;\">2019 &#8211; 2021 Madrid B\u00fcy\u00fckel\u00e7iliki &#8211; B\u00fcy\u00fckel\u00e7i<\/span><\/p>\n<p><span style=\"font-family: Roboto; font-size: 14px;\">2016 &#8211; 2018 \u0130dari ve Mali \u0130\u015fler &#8211; M\u00fcste\u015far Yard\u0131mc\u0131l\u0131\u011f\u0131, B\u00fcy\u00fckel\u00e7i<\/span><\/p>\n<p><span style=\"font-family: Roboto; font-size: 14px;\">2014 &#8211; 2016 Saraybosna B\u00fcy\u00fckel\u00e7ili\u011fi &#8211; B\u00fcy\u00fckel\u00e7isi<\/span><\/p>\n<p><span style=\"font-family: Roboto; font-size: 14px;\">2011 &#8211; 2014 Prag B\u00fcy\u00fckel\u00e7ili\u011fi &#8211; B\u00fcy\u00fckel\u00e7isi<\/span><\/p>\n<p><span style=\"font-family: Roboto; font-size: 14px;\">2009 &#8211; 2011 B\u00d6ZM Bakan \u00d6zel M\u00fc\u015favirli<\/span><\/p>\n<p><span style=\"font-family: Roboto; font-size: 14px;\">2008 &#8211; 2009 Riyad B\u00fcy\u00fckel\u00e7iliki &#8211; B\u00fcy\u00fckel\u00e7ilik Birinci M\u00fcste\u015far\u0131<\/span><\/p>\n<p><span style=\"font-family: Roboto; font-size: 14px;\">2004 &#8211; 2008 NATO Daimi Temsilciliki &#8211; M\u00fcste\u015far, B\u00fcy\u00fckel\u00e7ilik Birinci M\u00fcste\u015far\u0131<\/span><\/p>\n<p><span style=\"font-family: Roboto; font-size: 14px;\">2002 &#8211; 2004 Amerikan Dairesi, Daire Ba\u015fkanl\u0131k\u0131 &#8211; \u015eube M\u00fcd\u00fcr\u00fc<\/span><\/p>\n<p><span style=\"font-family: Roboto; font-size: 14px;\">2000 &#8211; 2002 Va\u015fington B\u00fcy\u00fckel\u00e7iliki &#8211; Ba\u015fkatip, M\u00fcste\u015far<\/span><\/p>\n<p><span style=\"font-family: Roboto; font-size: 14px;\">1998 &#8211; 2000 Kuveyt B\u00fcy\u00fckel\u00e7iliki &#8211; Ba\u015fkatip<\/span><\/p>\n<p><span style=\"font-family: Roboto; font-size: 14px;\">1989 &#8211; 1990 Do\u011fu Avrupa Daire &#8211; \u00dc\u00e7\u00fcnc\u00fc Katip<\/span><\/p>\n<p><span style=\"font-family: Roboto; font-size: 14px;\">1988 &#8211; 1989 Personel Dairesi Ba\u015fkanl\u0131k\u0131 &#8211; \u00dc\u00e7\u00fcnc\u00fc Katip<\/span><\/p>\n<h2><strong><span style=\"font-family: Roboto; font-size: 27px;\">Afganistan Kabil B\u00fcy\u00fckel\u00e7ili\u011fi Vize \u0130\u015flemleri<\/span><\/strong><\/h2>\n<p><span style=\"font-family: Roboto; font-size: 14px;\"><strong>Afganistan&#8217;a seyahat etmek<\/strong> i\u00e7in vize alacak olan ki\u015fi, Afganistan Kabil B\u00fcy\u00fckel\u00e7ili\u011fi vize ba\u015fvurusu yapmal\u0131. Afganistan Kabil B\u00fcy\u00fckel\u00e7ili\u011fi vize ba\u015fvurusu yapacak olan ki\u015fi, Afganistan Kabil B\u00fcy\u00fckel\u00e7ili\u011fi vize i\u015flemleri hakk\u0131nda ara\u015ft\u0131rmalar yapmaktad\u0131r. Bu yaz\u0131 da Afganistan Kabil B\u00fcy\u00fckel\u00e7ili\u011fi vize i\u015flemleri hakk\u0131nda bilgiler verilmi\u015ftir.<\/span><\/p>\n<p><span style=\"font-family: Roboto; font-size: 14px;\"><strong>Afganistan Kabil B\u00fcy\u00fckel\u00e7ili\u011fi<\/strong> vize ba\u015fvurusunda bulunacak olan ki\u015fi, Afganistan vize t\u00fcr\u00fcn\u00fc belirmeli. <strong>Afganistan Kabil B\u00fcy\u00fckel\u00e7ili\u011fi vize i\u015flemleri<\/strong> i\u00e7in vize t\u00fcr\u00fcn\u00fc belirleyen ki\u015fi vize ba\u015fvurusunda bulunmas\u0131 i\u00e7in randevu almal\u0131d\u0131r.<\/span><\/p>\n<p><span style=\"font-family: Roboto; font-size: 14px;\">K\u0131sa s\u00fcreli vize ba\u015fvurular\u0131 vize ba\u015fvuru merkezlerine, uzun s\u00fcreli Afganistan Kabil B\u00fcy\u00fckel\u00e7ili\u011fi vize i\u015flemleri ise Afganistan temsilcili\u011fe yap\u0131lmal\u0131d\u0131r.<\/span><\/p>\n<p><span style=\"font-family: Roboto; font-size: 14px;\">Afganistan Kabil B\u00fcy\u00fckel\u00e7ili\u011fi vize randevusuna kadar gerekli olan vize evrak\u0131 eksiksiz olarak haz\u0131rlanmal\u0131. Haz\u0131rlanan vize evrak\u0131 randevu tarihlerinde yetkiliye teslim edilerek biyometrik parmak izini verisi verilmelidir.<\/span><\/p>\n<h2><strong><span style=\"font-family: Roboto; font-size: 27px;\">Afganistan Kabil B\u00fcy\u00fckel\u00e7ili\u011fi Vize Ba\u015fvurusu<\/span><\/strong><\/h2>\n<p><span style=\"font-family: Roboto; font-size: 14px;\"><strong>Afganistan Kabil B\u00fcy\u00fckel\u00e7ili\u011fi i\u015flemleri<\/strong> olan ve Kabil \u00e7evresi ikamet eden T\u00fcrkiye Cumhuriyeti, Afganistan ile T\u00fcrkiye\u2019de yasal olarak bulunan di\u011fer \u00fclke vatanda\u015f\u0131 i\u015flemini Afganistan Kabil\u00a0 B\u00fcy\u00fckel\u00e7ili\u011fine yapabilmekte.\u00a0<strong> Afganistan Kabil\u00a0 B\u00fcy\u00fckel\u00e7ili\u011fi ba\u015fvuru i\u015flemleri<\/strong> yapacak olan ki\u015finin randevu almas\u0131na gerek yokdur. Ancak vize ba\u015fvurular\u0131 i\u00e7in randevu al\u0131nmal\u0131. Ba\u015fvuru yapacak olan ki\u015fi \u00f6ncelikle yapaca\u011f\u0131 i\u015flemlere dair belgeyi eksiksiz haz\u0131rlamas\u0131 ve Afganistan Kabil\u00a0 B\u00fcy\u00fckel\u00e7ili\u011fini ziyaret etmelidir. Afganistan vatanda\u015f\u0131 Afganistan Kabil\u00a0 B\u00fcy\u00fckel\u00e7ili\u011fi ile Afganistan Kabil B\u00fcy\u00fckel\u00e7ili\u011fi i\u015flemi, noterlik i\u015flemi, Afganistan oy kullanma i\u015flemi, <span style=\"color: #2acec2;\"><strong><a style=\"color: #2acec2;\" href=\"https:\/\/myvize.com.tr\/afganistan\/vatandaslik\/\" target=\"_blank\" rel=\"noopener\">Afganistan vatanda\u015fl\u0131k i\u015flemi,<\/a><\/strong><\/span> Afganistan n\u00fcfus i\u015flemi ve Afganistan vergi \u00f6deme i\u015flemini yerine getirebilir.\u00a0 Afganistan&#8217;a seyahat edecek olan ki\u015fi Afganistan Kabil\u00a0 B\u00fcy\u00fckel\u00e7ili\u011fine vize ba\u015fvurusunu yapabilir. Afganistan Kabil\u00a0 B\u00fcy\u00fckel\u00e7ili\u011fine i\u015flem yapacak olan ki\u015fi gerekli olan evrak\u0131 eksiksiz olarak haz\u0131rlamas\u0131 ve Afganistan Kabil\u00a0 B\u00fcy\u00fckel\u00e7ili\u011finden randevu al\u0131narak el\u00e7ili\u011fi ziyaret etmeli.\u00a0<\/span><\/p>\n<h2><strong><span style=\"font-family: Roboto; font-size: 27px;\">Afganistan Kabil B\u00fcy\u00fckel\u00e7ili\u011fi Vize Randevusu<\/span><\/strong><\/h2>\n<p><span style=\"font-family: Roboto; font-size: 14px;\">Afganistan Kabil B\u00fcy\u00fckel\u00e7ili\u011fi i\u015flemleri yapacak olan ve Kabil \u00e7evresine ikamet eden ki\u015fi i\u015flemini Afganistan Kabil\u00a0 B\u00fcy\u00fckel\u00e7ili\u011fine yapabilir. Afganistan Kabil\u00a0 B\u00fcy\u00fckel\u00e7ili\u011fi i\u015flemi yapacak olan ki\u015filerin i\u015flemini yerine getirme i\u00e7in randevu almalar\u0131na gerek yoktur. Ancak <strong>Afganistan vize<\/strong> ba\u015fvurusunu yapacak olan ki\u015fi randevu almal\u0131d\u0131r. Afganistan Kabil\u00a0 B\u00fcy\u00fckel\u00e7ili\u011finde i\u015flem yap\u0131lmadan \u00f6nce konsolosluk ile ileti\u015fime ge\u00e7erek randevular al\u0131n\u0131p al\u0131nmayaca\u011f\u0131 hakk\u0131nda bilgileri alabilirsiniz. Afganistan Kabil\u00a0 B\u00fcy\u00fckel\u00e7ili\u011fine, Afganistan vatanda\u015f\u0131n\u0131n yapaca\u011f\u0131 i\u015flem i\u00e7in randevu al\u0131nmas\u0131na gerek yoktur. Afganistan vatanda\u015f\u0131 Afganistan Kabil\u00a0 B\u00fcy\u00fckel\u00e7iliki; konsolosluk, n\u00fcfus ve noter i\u015flemlerde randevu al\u0131nmas\u0131 gerekmemekte. Afganistan&#8217;a seyahat edecek olanlar ve Kabil \u00e7evresinde ikamet eden ki\u015finin i\u015flemi i\u00e7in Afganistan Kabil\u00a0 B\u00fcy\u00fckel\u00e7ili\u011finde yapabilir. Ayr\u0131ca Afganistan Kabil\u00a0 B\u00fcy\u00fckel\u00e7ili\u011fine vize ba\u015fvurusu yapacak olan ki\u015finin <strong>Afganistan Kabil\u00a0 B\u00fcy\u00fckel\u00e7ilik randevu i\u015flemleri<\/strong> yapmal\u0131d\u0131r.\u00a0<\/span><\/p>\n<h3><span style=\"font-family: Roboto; font-size: 24px;\"><strong>Afganistan Kabil B\u00fcy\u00fckel\u00e7ili\u011fi \u0130leti\u015fim Bilgileri<\/strong><\/span><\/h3>\n<p><span style=\"font-family: Roboto; font-size: 14px;\"><strong>Kabil B\u00fcy\u00fckel\u00e7ili\u011fi Adres:<\/strong> Shah Mahmoud Ghazi Street No: 134 Kabul-Afganistan<\/span><br \/>\n<span style=\"font-family: Roboto; font-size: 14px;\">Kabil B\u00fcy\u00fckel\u00e7ili\u011fi Cumartesi &#8211; \u00c7ar\u015famba (08.00 -17.00) saatleri aras\u0131nda hizmet vermektedir.<\/span><br \/>\n<span style=\"font-family: Roboto; font-size: 14px;\"><strong>T\u00fcrkiye B\u00fcy\u00fckel\u00e7ili\u011fi<\/strong> &#8211; Kabil\u2019de 2 y\u00f6nl\u00fc bir g\u00f6revi var ve Afganistan\u2019a olan T\u00fcrk ilgisini desteklemektedir.<\/span><br \/>\n<span style=\"font-family: Roboto; font-size: 14px;\">B\u00fcy\u00fckel\u00e7ilik ayr\u0131ca, k\u00fclt\u00fcrel ili\u015fkinin geli\u015ftirilmesine \u00f6nemli bir rol oynar ve yerel bas\u0131n ile ileti\u015fimi sa\u011flar.<\/span><br \/>\n<span style=\"font-family: Roboto; font-size: 14px;\">T\u00fcm T\u00fcrk b\u00fcy\u00fckel\u00e7ili\u011finin aktivitesi genellikle <strong>D\u0131\u015f \u0130li\u015fkiler Bakanl\u0131\u011f\u0131<\/strong>\u2019nca koordine edilir. T\u00fcrkiye, Avrupa ve Asya k\u0131tas\u0131n\u0131 birbirine ba\u011flad\u0131\u011f\u0131 gibi <strong>Afganistan<\/strong>\u2019da Asya kalbidir, bu da iki \u00fclke aras\u0131 say\u0131s\u0131z ekonomi ve k\u00fclt\u00fcr ili\u015fkiler alan\u0131 yaratmaktad\u0131r.<\/span><br \/>\n<span style=\"font-family: Roboto; font-size: 14px;\">\u0130ki dost ile karde\u015f \u00fclke aras\u0131ndaki ekonomi ve k\u00fclt\u00fcrel ili\u015fkisi g\u00fc\u00e7lendirme ve derinle\u015ftirme i\u00e7in \u00e7al\u0131\u015fmakta.<\/span><br \/>\n<strong><span style=\"font-family: Roboto; font-size: 14px;\">Resmi Tatil G\u00fcnleri:<\/span><\/strong><br \/>\n<span style=\"font-family: Roboto; font-size: 14px;\">1 Ocak Y\u0131lba\u015f\u0131<\/span><br \/>\n<span style=\"font-family: Roboto; font-size: 14px;\">21 Mart Nevruz<\/span><br \/>\n<span style=\"font-family: Roboto; font-size: 14px;\">23 Nisan Ulusal Egemenlik ve \u00c7ocuk Bayram\u0131<\/span><br \/>\n<span style=\"font-family: Roboto; font-size: 14px;\">28 Nisan Zafer Bayram\u0131<\/span><br \/>\n<span style=\"font-family: Roboto; font-size: 14px;\">1 May\u0131s \u0130\u015f\u00e7i Bayram\u0131<\/span><br \/>\n<span style=\"font-family: Roboto; font-size: 14px;\">12-13-15 May\u0131s Ramazan\u00a0<\/span><br \/>\n<span style=\"font-family: Roboto; font-size: 14px;\">15 Temmuz \u00a0Demokrasi Milli Birlik G\u00fcn\u00fc<\/span><br \/>\n<span style=\"font-family: Roboto; font-size: 14px;\">19-20-21-23 Temmuz Kurban Bayram\u0131<\/span><br \/>\n<span style=\"font-family: Roboto; font-size: 14px;\">30 A\u011fustos Zafer Bayram\u0131<\/span><br \/>\n<span style=\"font-family: Roboto; font-size: 14px;\">29 Ekim Cumhuriyet Bayram\u0131<\/span><br \/>\n<span style=\"font-family: Roboto; font-size: 14px;\">\u0130ki \u00fclke bayramlar\u0131 resmi tatil kabul edilmektedir.<\/span><\/p>\n<p><span style=\"font-family: Roboto; font-size: 14px;\"><span style=\"color: #2acec2;\"><strong><a style=\"color: #2acec2;\" href=\"https:\/\/myvize.com.tr\/afganistan\/form-ve-dilekce\/vize-basvuru-formu\/\" target=\"_blank\" rel=\"noopener\">Afganistan Vize Ba\u015fvuru Formu<\/a><\/strong><\/span> ile ilgili bilgi almak i\u00e7in bizi aray\u0131n\u0131z.<\/span><\/p>\n<h3><strong><span style=\"font-family: Roboto; font-size: 24px;\">Afganistan Kabil B\u00fcy\u00fckel\u00e7ili\u011fi Adres ve \u0130leti\u015fim Bilgileri<\/span><\/strong><\/h3>\n<p><span style=\"font-family: Roboto; font-size: 14px;\">Adres : Karte-i Mevlana Celaledin Muhammed Belhi, Muhaberat-PTT, P.O. Box: 9, Mezar-e Sharif<\/span><\/p>\n<p><span style=\"font-family: Roboto; font-size: 14px;\">Telefon : +9350 204 6131<\/span><\/p>\n<p><span style=\"font-family: Roboto; font-size: 14px;\">E-Posta : consulate.msharif@mfa.gov.tr<\/span><\/p>\n<p><span style=\"font-family: Roboto; font-size: 14px;\"><strong>\u00a0Afganistan Kabil B\u00fcy\u00fckel\u00e7ili\u011fi,<\/strong> Uluslararas\u0131 hukuk team\u00fcline uygun olarak T\u00fcrkiye&#8217;nin ba\u015fkenti Kabil da bulunmaktad\u0131r. Afganistan Kabil B\u00fcy\u00fckel\u00e7ili\u011fi Afganistan&#8217;n\u0131n T\u00fcrkiye&#8217;de ki resmi diplomat temsilcili\u011fi pozisyonundadr. T\u00fcrkiye ile Afganistan aras\u0131ndaki politik, ekonomi, k\u00fclt\u00fcrel ve diplomatik ili\u015fkinin geli\u015ftirilmesi ile g\u00f6revli olan Afganistan Kabil B\u00fcy\u00fckel\u00e7ili\u011fi, ayn\u0131 zamanda b\u00fcnyesinde ki konsolosluk ve vize b\u00f6l\u00fcm ile Afganistan&#8217;ya seyahat etmesini isteyen T\u00fcrkiye Cumhuriyeti vatanda\u015f\u0131n\u0131n vize i\u015flemi ile T\u00fcrkiye&#8217;de ikamet eden Afganistan vatanda\u015f\u0131n\u0131n konsolosluk i\u015flemini yerine getirmekle g\u00f6revlidir.<\/span><\/p>\n<p><span style=\"font-family: Roboto; font-size: 14px;\">T\u00fcrkiye&#8217;de ya\u015fayan Afganistan vatanda\u015f\u0131 pasaport- kimlik yenilemek, noterlik i\u015flemleri, do\u011fum, \u00f6l\u00fcm ve evlilik i\u015flemi konusunda Afganistan Kabil B\u00fcy\u00fckel\u00e7ili\u011finden, Afganistan \u0130stanbul Ba\u015fkonsoloslu\u011fundan ve di\u011fer Afganistan Konsoloslu\u011fundan destek alabilmektedir.<\/span><\/p>\n<p><span style=\"font-family: Roboto; font-size: 14px;\"><img decoding=\"async\" src=\"https:\/\/myvize.com.tr\/afganistan\/wp-content\/uploads\/2021\/09\/20.jpg\" \/><\/span><\/p>\n","protected":false},"excerpt":{"rendered":"<p>Afganistan Kabil B\u00fcy\u00fckel\u00e7isi Kimdir? B\u00dcY\u00dcKEL\u00c7\u0130 C\u0130HAD ERG\u0130NAY Ad\u0131, Soyad\u0131:Cihad Erginay Do\u011fum Yeri ve Y\u0131l\u0131: Kabil &#8211; 24\/09\/1966 Medeni Durumu:Evli , 2 \u00c7ocuk babas\u0131 Bildi\u011fi Yabanc\u0131 Diller:\u0130ngilizce E\u011fitim Ge\u00e7mi\u015fi: 1981 Ortaokul: Whitefild, Londra 1984 Lise: Whitefied, Londra 1988 Orta Do\u011fu Teknik \u00dcniversite &#8211; \u0130ktisadi ve \u0130dari Bilimler Fak\u00fcltesi &#8211; Uluslararas\u0131 \u0130li\u015fki 2021- Kabil B\u00fcy\u00fckel\u00e7iki &#8211; B\u00fcy\u00fckel\u00e7i<\/p>\n","protected":false},"author":1,"featured_media":0,"parent":69,"menu_order":0,"comment_status":"open","ping_status":"closed","template":"","meta":{"footnotes":""},"class_list":["post-311","page","type-page","status-publish","hentry"],"yoast_head":"<!-- This site is optimized with the Yoast SEO plugin v24.0 - https:\/\/yoast.com\/wordpress\/plugins\/seo\/ -->\n<title>Afganistan Kabil B\u00fcy\u00fckel\u00e7ili\u011fi Vize \u0130\u015flemleri - MyVize<\/title>\n<meta name=\"description\" content=\"Afganistan Kabil B\u00fcy\u00fckel\u00e7ili\u011fi \u0130leti\u015fim Bilgileri Telefon Numaras\u0131 Mail Adresi Bilgilerini \u0130\u00e7erir. Afganistan Vize Dano\u015fman\u0131 \u0130\u00e7in Hemen Ara.\" \/>\n<meta name=\"robots\" content=\"index, follow, max-snippet:-1, max-image-preview:large, max-video-preview:-1\" \/>\n<link rel=\"canonical\" href=\"https:\/\/myvize.com.tr\/afganistan\/konsolosluklar\/kabil-buyukelciligi\/\" \/>\n<meta property=\"og:locale\" content=\"tr_TR\" \/>\n<meta property=\"og:type\" content=\"article\" \/>\n<meta property=\"og:title\" content=\"Afganistan Kabil B\u00fcy\u00fckel\u00e7ili\u011fi Vize \u0130\u015flemleri - MyVize\" \/>\n<meta property=\"og:description\" content=\"Afganistan Kabil B\u00fcy\u00fckel\u00e7ili\u011fi \u0130leti\u015fim Bilgileri Telefon Numaras\u0131 Mail Adresi Bilgilerini \u0130\u00e7erir. Afganistan Vize Dano\u015fman\u0131 \u0130\u00e7in Hemen Ara.\" \/>\n<meta property=\"og:url\" content=\"https:\/\/myvize.com.tr\/afganistan\/konsolosluklar\/kabil-buyukelciligi\/\" \/>\n<meta property=\"og:site_name\" content=\"Afganistan Vizesi\" \/>\n<meta property=\"article:modified_time\" content=\"2022-06-13T13:07:46+00:00\" \/>\n<meta property=\"og:image\" content=\"https:\/\/myvize.com.tr\/afganistan\/wp-content\/uploads\/2021\/09\/20.jpg\" \/>\n<meta name=\"twitter:card\" content=\"summary_large_image\" \/>\n<meta name=\"twitter:label1\" content=\"Tahmini okuma s\u00fcresi\" \/>\n\t<meta name=\"twitter:data1\" content=\"4 dakika\" \/>\n<script type=\"application\/ld+json\" class=\"yoast-schema-graph\">{\"@context\":\"https:\/\/schema.org\",\"@graph\":[{\"@type\":\"WebPage\",\"@id\":\"https:\/\/myvize.com.tr\/afganistan\/konsolosluklar\/kabil-buyukelciligi\/\",\"url\":\"https:\/\/myvize.com.tr\/afganistan\/konsolosluklar\/kabil-buyukelciligi\/\",\"name\":\"Afganistan Kabil B\u00fcy\u00fckel\u00e7ili\u011fi Vize \u0130\u015flemleri - MyVize\",\"isPartOf\":{\"@id\":\"https:\/\/myvize.com.tr\/afganistan\/#website\"},\"primaryImageOfPage\":{\"@id\":\"https:\/\/myvize.com.tr\/afganistan\/konsolosluklar\/kabil-buyukelciligi\/#primaryimage\"},\"image\":{\"@id\":\"https:\/\/myvize.com.tr\/afganistan\/konsolosluklar\/kabil-buyukelciligi\/#primaryimage\"},\"thumbnailUrl\":\"https:\/\/myvize.com.tr\/afganistan\/wp-content\/uploads\/2021\/09\/20.jpg\",\"datePublished\":\"2021-01-25T10:28:27+00:00\",\"dateModified\":\"2022-06-13T13:07:46+00:00\",\"description\":\"Afganistan Kabil B\u00fcy\u00fckel\u00e7ili\u011fi \u0130leti\u015fim Bilgileri Telefon Numaras\u0131 Mail Adresi Bilgilerini \u0130\u00e7erir. Afganistan Vize Dano\u015fman\u0131 \u0130\u00e7in Hemen Ara.\",\"breadcrumb\":{\"@id\":\"https:\/\/myvize.com.tr\/afganistan\/konsolosluklar\/kabil-buyukelciligi\/#breadcrumb\"},\"inLanguage\":\"tr\",\"potentialAction\":[{\"@type\":\"ReadAction\",\"target\":[\"https:\/\/myvize.com.tr\/afganistan\/konsolosluklar\/kabil-buyukelciligi\/\"]}]},{\"@type\":\"ImageObject\",\"inLanguage\":\"tr\",\"@id\":\"https:\/\/myvize.com.tr\/afganistan\/konsolosluklar\/kabil-buyukelciligi\/#primaryimage\",\"url\":\"https:\/\/myvize.com.tr\/afganistan\/wp-content\/uploads\/2021\/09\/20.jpg\",\"contentUrl\":\"https:\/\/myvize.com.tr\/afganistan\/wp-content\/uploads\/2021\/09\/20.jpg\",\"width\":800,\"height\":500,\"caption\":\"Afganistan\"},{\"@type\":\"BreadcrumbList\",\"@id\":\"https:\/\/myvize.com.tr\/afganistan\/konsolosluklar\/kabil-buyukelciligi\/#breadcrumb\",\"itemListElement\":[{\"@type\":\"ListItem\",\"position\":1,\"name\":\"Anasayfa\",\"item\":\"https:\/\/myvize.com.tr\/afganistan\/\"},{\"@type\":\"ListItem\",\"position\":2,\"name\":\"KONSOLOSLUKLAR\",\"item\":\"https:\/\/myvize.com.tr\/afganistan\/konsolosluklar\/\"},{\"@type\":\"ListItem\",\"position\":3,\"name\":\"Afganistan Kabil B\u00fcy\u00fckel\u00e7ili\u011fi\"}]},{\"@type\":\"WebSite\",\"@id\":\"https:\/\/myvize.com.tr\/afganistan\/#website\",\"url\":\"https:\/\/myvize.com.tr\/afganistan\/\",\"name\":\"Afganistan Vizesi\",\"description\":\"\",\"potentialAction\":[{\"@type\":\"SearchAction\",\"target\":{\"@type\":\"EntryPoint\",\"urlTemplate\":\"https:\/\/myvize.com.tr\/afganistan\/?s={search_term_string}\"},\"query-input\":{\"@type\":\"PropertyValueSpecification\",\"valueRequired\":true,\"valueName\":\"search_term_string\"}}],\"inLanguage\":\"tr\"}]}<\/script>\n<!-- \/ Yoast SEO plugin. -->","yoast_head_json":{"title":"Afganistan Kabil B\u00fcy\u00fckel\u00e7ili\u011fi Vize \u0130\u015flemleri - MyVize","description":"Afganistan Kabil B\u00fcy\u00fckel\u00e7ili\u011fi \u0130leti\u015fim Bilgileri Telefon Numaras\u0131 Mail Adresi Bilgilerini \u0130\u00e7erir. Afganistan Vize Dano\u015fman\u0131 \u0130\u00e7in Hemen Ara.","robots":{"index":"index","follow":"follow","max-snippet":"max-snippet:-1","max-image-preview":"max-image-preview:large","max-video-preview":"max-video-preview:-1"},"canonical":"https:\/\/myvize.com.tr\/afganistan\/konsolosluklar\/kabil-buyukelciligi\/","og_locale":"tr_TR","og_type":"article","og_title":"Afganistan Kabil B\u00fcy\u00fckel\u00e7ili\u011fi Vize \u0130\u015flemleri - MyVize","og_description":"Afganistan Kabil B\u00fcy\u00fckel\u00e7ili\u011fi \u0130leti\u015fim Bilgileri Telefon Numaras\u0131 Mail Adresi Bilgilerini \u0130\u00e7erir. Afganistan Vize Dano\u015fman\u0131 \u0130\u00e7in Hemen Ara.","og_url":"https:\/\/myvize.com.tr\/afganistan\/konsolosluklar\/kabil-buyukelciligi\/","og_site_name":"Afganistan Vizesi","article_modified_time":"2022-06-13T13:07:46+00:00","og_image":[{"url":"https:\/\/myvize.com.tr\/afganistan\/wp-content\/uploads\/2021\/09\/20.jpg","type":"","width":"","height":""}],"twitter_card":"summary_large_image","twitter_misc":{"Tahmini okuma s\u00fcresi":"4 dakika"},"schema":{"@context":"https:\/\/schema.org","@graph":[{"@type":"WebPage","@id":"https:\/\/myvize.com.tr\/afganistan\/konsolosluklar\/kabil-buyukelciligi\/","url":"https:\/\/myvize.com.tr\/afganistan\/konsolosluklar\/kabil-buyukelciligi\/","name":"Afganistan Kabil B\u00fcy\u00fckel\u00e7ili\u011fi Vize \u0130\u015flemleri - MyVize","isPartOf":{"@id":"https:\/\/myvize.com.tr\/afganistan\/#website"},"primaryImageOfPage":{"@id":"https:\/\/myvize.com.tr\/afganistan\/konsolosluklar\/kabil-buyukelciligi\/#primaryimage"},"image":{"@id":"https:\/\/myvize.com.tr\/afganistan\/konsolosluklar\/kabil-buyukelciligi\/#primaryimage"},"thumbnailUrl":"https:\/\/myvize.com.tr\/afganistan\/wp-content\/uploads\/2021\/09\/20.jpg","datePublished":"2021-01-25T10:28:27+00:00","dateModified":"2022-06-13T13:07:46+00:00","description":"Afganistan Kabil B\u00fcy\u00fckel\u00e7ili\u011fi \u0130leti\u015fim Bilgileri Telefon Numaras\u0131 Mail Adresi Bilgilerini \u0130\u00e7erir. Afganistan Vize Dano\u015fman\u0131 \u0130\u00e7in Hemen Ara.","breadcrumb":{"@id":"https:\/\/myvize.com.tr\/afganistan\/konsolosluklar\/kabil-buyukelciligi\/#breadcrumb"},"inLanguage":"tr","potentialAction":[{"@type":"ReadAction","target":["https:\/\/myvize.com.tr\/afganistan\/konsolosluklar\/kabil-buyukelciligi\/"]}]},{"@type":"ImageObject","inLanguage":"tr","@id":"https:\/\/myvize.com.tr\/afganistan\/konsolosluklar\/kabil-buyukelciligi\/#primaryimage","url":"https:\/\/myvize.com.tr\/afganistan\/wp-content\/uploads\/2021\/09\/20.jpg","contentUrl":"https:\/\/myvize.com.tr\/afganistan\/wp-content\/uploads\/2021\/09\/20.jpg","width":800,"height":500,"caption":"Afganistan"},{"@type":"BreadcrumbList","@id":"https:\/\/myvize.com.tr\/afganistan\/konsolosluklar\/kabil-buyukelciligi\/#breadcrumb","itemListElement":[{"@type":"ListItem","position":1,"name":"Anasayfa","item":"https:\/\/myvize.com.tr\/afganistan\/"},{"@type":"ListItem","position":2,"name":"KONSOLOSLUKLAR","item":"https:\/\/myvize.com.tr\/afganistan\/konsolosluklar\/"},{"@type":"ListItem","position":3,"name":"Afganistan Kabil B\u00fcy\u00fckel\u00e7ili\u011fi"}]},{"@type":"WebSite","@id":"https:\/\/myvize.com.tr\/afganistan\/#website","url":"https:\/\/myvize.com.tr\/afganistan\/","name":"Afganistan Vizesi","description":"","potentialAction":[{"@type":"SearchAction","target":{"@type":"EntryPoint","urlTemplate":"https:\/\/myvize.com.tr\/afganistan\/?s={search_term_string}"},"query-input":{"@type":"PropertyValueSpecification","valueRequired":true,"valueName":"search_term_string"}}],"inLanguage":"tr"}]}},"_links":{"self":[{"href":"https:\/\/myvize.com.tr\/afganistan\/wp-json\/wp\/v2\/pages\/311","targetHints":{"allow":["GET"]}}],"collection":[{"href":"https:\/\/myvize.com.tr\/afganistan\/wp-json\/wp\/v2\/pages"}],"about":[{"href":"https:\/\/myvize.com.tr\/afganistan\/wp-json\/wp\/v2\/types\/page"}],"author":[{"embeddable":true,"href":"https:\/\/myvize.com.tr\/afganistan\/wp-json\/wp\/v2\/users\/1"}],"replies":[{"embeddable":true,"href":"https:\/\/myvize.com.tr\/afganistan\/wp-json\/wp\/v2\/comments?post=311"}],"version-history":[{"count":6,"href":"https:\/\/myvize.com.tr\/afganistan\/wp-json\/wp\/v2\/pages\/311\/revisions"}],"predecessor-version":[{"id":705,"href":"https:\/\/myvize.com.tr\/afganistan\/wp-json\/wp\/v2\/pages\/311\/revisions\/705"}],"up":[{"embeddable":true,"href":"https:\/\/myvize.com.tr\/afganistan\/wp-json\/wp\/v2\/pages\/69"}],"wp:attachment":[{"href":"https:\/\/myvize.com.tr\/afganistan\/wp-json\/wp\/v2\/media?parent=311"}],"curies":[{"name":"wp","href":"https:\/\/api.w.org\/{rel}","templated":true}]}}