{"id":276,"date":"2021-01-20T15:13:36","date_gmt":"2021-01-20T12:13:36","guid":{"rendered":"http:\/\/myvize.com.tr\/afganistan\/?page_id=276"},"modified":"2022-03-19T12:06:03","modified_gmt":"2022-03-19T09:06:03","slug":"turistik-vize-dilekce-ornegi","status":"publish","type":"page","link":"https:\/\/myvize.com.tr\/afganistan\/form-ve-dilekce\/turistik-vize-dilekce-ornegi\/","title":{"rendered":"Afganistan Turistik Vize Dilek\u00e7e \u00d6rne\u011fi"},"content":{"rendered":"<h2><span style=\"font-family: Roboto; font-size: 27px;\"><strong>Afganistan Turistik Vize Dilek\u00e7e \u00d6rne\u011fi Hakk\u0131nda<\/strong><\/span><\/h2>\n<p><span style=\"font-family: Roboto; font-size: 14px;\">Afganistan Konsoloslu\u011fu\u2019na Turistik vizesi ba\u015fvurusunda sunulan belge ile Afganistan Turistik vizesi talep dilek\u00e7esinde yer verilen ifadenin birbirini destekleyici olmas\u0131 dikkat edilmelidir.<\/span><\/p>\n<p><strong><span style=\"font-family: Roboto; font-size: 14px;\">\u0130ki Dilek\u00e7e gerektiren durum:<\/span><\/strong><\/p>\n<p><span style=\"font-family: Roboto; font-size: 14px;\"><span style=\"color: #2acec2;\"><strong><a style=\"color: #2acec2;\" href=\"https:\/\/myvize.com.tr\/afganistan\/vize-islemleri\/turistik-vize\/\" target=\"_blank\" rel=\"noopener\">Afganistan Turistik Vize<\/a><\/strong><\/span> ba\u015fvurusunda bulunacak ki\u015filer SGK\u2019l\u0131 \u00e7al\u0131\u015fan ise, ki\u015finin \u00e7al\u0131\u015ft\u0131\u011f\u0131 firmalar\u0131n yetkilisi taraf\u0131ndan, \u015firket antetli ka\u011f\u0131d\u0131na ki\u015fi seyahat tarihinde izinli oldu\u011funa beyan edildi\u011fi Afganistan turistik vize talep dilek\u00e7esi yaz\u0131lmal\u0131. Dilek\u00e7ede \u015firket yetkilisi ka\u015fe ve imza bulunmal\u0131d\u0131r.<\/span><\/p>\n<p><span style=\"font-family: Roboto; font-size: 14px;\"><strong>Afganistan Turistik Vize ba\u015fvurusu<\/strong>nda bulunacak ki\u015filer \u00f6\u011frenci ya da ev han\u0131mlar\u0131 ise, seyahat masraf\u0131n\u0131n kar\u015f\u0131lanmas\u0131 i\u00e7in sponsorlara ihtiyac\u0131 olacakt\u0131r. Bu ki\u015finin birinci derece yak\u0131n\u0131 (anne-baba, e\u015f, \u00e7ocuk) <strong>Afganistan Konsoloslu\u011fu<\/strong> taraf\u0131nda sponsor olarak kabul edilmekte. Afganistan&#8217;a Turistik ama\u00e7 ile seyahat edecek ki\u015finin \u00fclkeye yapaca\u011f\u0131 seyahatlere ili\u015fkin Afganistan \u0130stanbul Ba\u015fkonsoloslu\u011fa hitaben Afganistan <strong>Turistik Vize talep dilek\u00e7eleri<\/strong> yazmal\u0131d\u0131r. <strong>Afganistan Turistik vize<\/strong> talep dilek\u00e7esi yaz\u0131l\u0131rken dikkat edilme gereken husus a\u015fa\u011f\u0131daki gibidir.<\/span><\/p>\n<p><span style=\"font-family: Roboto; font-size: 14px;\">\u00dclkeye yap\u0131lacak seyahatlerin amac\u0131 net olarak ifade edilmeli.<\/span><\/p>\n<p><span style=\"font-family: Roboto; font-size: 14px;\">Seyahat tarihi a\u00e7\u0131k\u00e7a yaz\u0131lmal\u0131.<strong> Afganistan Turistik Vize ba\u015fvurusu<\/strong>nda bulunacak ki\u015fiyi Afganistan Turistik vize talep dilek\u00e7esinde \u00fclkeye giri\u015f yapaca\u011f\u0131 tarihi yazmal\u0131d\u0131r.<\/span><\/p>\n<p><span style=\"font-family: Roboto; font-size: 14px;\"><span style=\"color: #2acec2;\"><strong><a style=\"color: #2acec2;\" href=\"https:\/\/myvize.com.tr\/afganistan\/form-ve-dilekce\/vize-basvuru-formu\/\" target=\"_blank\" rel=\"noopener\">Afganistan Vize Ba\u015fvuru Formu<\/a><\/strong><\/span> ile ilgili bilgi almak i\u00e7in bizi aray\u0131n\u0131z.<\/span><\/p>\n<p><span style=\"font-family: Roboto; font-size: 14px;\"><img loading=\"lazy\" decoding=\"async\" src=\"..\/..\/..\/romanya\/wp-content\/uploads\/2021\/07\/aDOBE-LOGO-1.png\" width=\"75\" height=\"75\" \/> \u00a0<\/span><span style=\"font-family: Roboto; font-size: 22px;\"> Afganistan Turistik Vize Dilek\u00e7e \u00d6rne\u011fi\u00a0 <span style=\"color: #2acec2;\"><a style=\"color: #2acec2;\" href=\"https:\/\/myvize.com.tr\/afganistan\/wp-content\/uploads\/2021\/12\/afganistan-turistik-vize-dilekce.pdf\" target=\"_blank\" rel=\"noreferrer noopener\">(\u0130ndirmek \u0130\u00e7in T\u0131klay\u0131n\u0131z!!)<\/a><\/span><\/span><\/p>\n<p><span style=\"font-family: Roboto; font-size: 14px;\"><img decoding=\"async\" src=\"https:\/\/myvize.com.tr\/afganistan\/wp-content\/uploads\/2021\/09\/16.jpg\" \/><\/span><\/p>\n","protected":false},"excerpt":{"rendered":"<p>Afganistan Turistik Vize Dilek\u00e7e \u00d6rne\u011fi Hakk\u0131nda Afganistan Konsoloslu\u011fu\u2019na Turistik vizesi ba\u015fvurusunda sunulan belge ile Afganistan Turistik vizesi talep dilek\u00e7esinde yer verilen ifadenin birbirini destekleyici olmas\u0131 dikkat edilmelidir. \u0130ki Dilek\u00e7e gerektiren durum: Afganistan Turistik Vize ba\u015fvurusunda bulunacak ki\u015filer SGK\u2019l\u0131 \u00e7al\u0131\u015fan ise, ki\u015finin \u00e7al\u0131\u015ft\u0131\u011f\u0131 firmalar\u0131n yetkilisi taraf\u0131ndan, \u015firket antetli ka\u011f\u0131d\u0131na ki\u015fi seyahat tarihinde izinli oldu\u011funa beyan edildi\u011fi<\/p>\n","protected":false},"author":1,"featured_media":0,"parent":144,"menu_order":0,"comment_status":"open","ping_status":"closed","template":"","meta":{"footnotes":""},"class_list":["post-276","page","type-page","status-publish","hentry"],"yoast_head":"<!-- This site is optimized with the Yoast SEO plugin v24.0 - https:\/\/yoast.com\/wordpress\/plugins\/seo\/ -->\n<title>Afganistan Turistik Vize Dilek\u00e7e \u00d6rnekleri - MyVize<\/title>\n<meta name=\"description\" content=\"Afganistan Turistik Vize Dilek\u00e7e \u00d6rne\u011fi Nas\u0131l Yaz\u0131l\u0131r? Afganistan Turistik Vize Dilek\u00e7esi nas\u0131l olmal\u0131d\u0131r? Bilgi \u0130\u00e7in Aray\u0131n: 0850 346 84 93\" \/>\n<meta name=\"robots\" content=\"index, follow, max-snippet:-1, max-image-preview:large, max-video-preview:-1\" \/>\n<link rel=\"canonical\" href=\"https:\/\/myvize.com.tr\/afganistan\/form-ve-dilekce\/turistik-vize-dilekce-ornegi\/\" \/>\n<meta property=\"og:locale\" content=\"tr_TR\" \/>\n<meta property=\"og:type\" content=\"article\" \/>\n<meta property=\"og:title\" content=\"Afganistan Turistik Vize Dilek\u00e7e \u00d6rnekleri - MyVize\" \/>\n<meta property=\"og:description\" content=\"Afganistan Turistik Vize Dilek\u00e7e \u00d6rne\u011fi Nas\u0131l Yaz\u0131l\u0131r? Afganistan Turistik Vize Dilek\u00e7esi nas\u0131l olmal\u0131d\u0131r? Bilgi \u0130\u00e7in Aray\u0131n: 0850 346 84 93\" \/>\n<meta property=\"og:url\" content=\"https:\/\/myvize.com.tr\/afganistan\/form-ve-dilekce\/turistik-vize-dilekce-ornegi\/\" \/>\n<meta property=\"og:site_name\" content=\"Afganistan Vizesi\" \/>\n<meta property=\"article:modified_time\" content=\"2022-03-19T09:06:03+00:00\" \/>\n<meta property=\"og:image\" content=\"https:\/\/myvize.com.tr\/afganistan\/wp-content\/uploads\/2021\/09\/16.jpg\" \/>\n<meta name=\"twitter:card\" content=\"summary_large_image\" \/>\n<meta name=\"twitter:label1\" content=\"Tahmini okuma s\u00fcresi\" \/>\n\t<meta name=\"twitter:data1\" content=\"2 dakika\" \/>\n<script type=\"application\/ld+json\" class=\"yoast-schema-graph\">{\"@context\":\"https:\/\/schema.org\",\"@graph\":[{\"@type\":\"WebPage\",\"@id\":\"https:\/\/myvize.com.tr\/afganistan\/form-ve-dilekce\/turistik-vize-dilekce-ornegi\/\",\"url\":\"https:\/\/myvize.com.tr\/afganistan\/form-ve-dilekce\/turistik-vize-dilekce-ornegi\/\",\"name\":\"Afganistan Turistik Vize Dilek\u00e7e \u00d6rnekleri - MyVize\",\"isPartOf\":{\"@id\":\"https:\/\/myvize.com.tr\/afganistan\/#website\"},\"primaryImageOfPage\":{\"@id\":\"https:\/\/myvize.com.tr\/afganistan\/form-ve-dilekce\/turistik-vize-dilekce-ornegi\/#primaryimage\"},\"image\":{\"@id\":\"https:\/\/myvize.com.tr\/afganistan\/form-ve-dilekce\/turistik-vize-dilekce-ornegi\/#primaryimage\"},\"thumbnailUrl\":\"https:\/\/myvize.com.tr\/afganistan\/wp-content\/uploads\/2021\/09\/16.jpg\",\"datePublished\":\"2021-01-20T12:13:36+00:00\",\"dateModified\":\"2022-03-19T09:06:03+00:00\",\"description\":\"Afganistan Turistik Vize Dilek\u00e7e \u00d6rne\u011fi Nas\u0131l Yaz\u0131l\u0131r? Afganistan Turistik Vize Dilek\u00e7esi nas\u0131l olmal\u0131d\u0131r? Bilgi \u0130\u00e7in Aray\u0131n: 0850 346 84 93\",\"breadcrumb\":{\"@id\":\"https:\/\/myvize.com.tr\/afganistan\/form-ve-dilekce\/turistik-vize-dilekce-ornegi\/#breadcrumb\"},\"inLanguage\":\"tr\",\"potentialAction\":[{\"@type\":\"ReadAction\",\"target\":[\"https:\/\/myvize.com.tr\/afganistan\/form-ve-dilekce\/turistik-vize-dilekce-ornegi\/\"]}]},{\"@type\":\"ImageObject\",\"inLanguage\":\"tr\",\"@id\":\"https:\/\/myvize.com.tr\/afganistan\/form-ve-dilekce\/turistik-vize-dilekce-ornegi\/#primaryimage\",\"url\":\"https:\/\/myvize.com.tr\/afganistan\/wp-content\/uploads\/2021\/09\/16.jpg\",\"contentUrl\":\"https:\/\/myvize.com.tr\/afganistan\/wp-content\/uploads\/2021\/09\/16.jpg\",\"width\":800,\"height\":500,\"caption\":\"Afganistan\"},{\"@type\":\"BreadcrumbList\",\"@id\":\"https:\/\/myvize.com.tr\/afganistan\/form-ve-dilekce\/turistik-vize-dilekce-ornegi\/#breadcrumb\",\"itemListElement\":[{\"@type\":\"ListItem\",\"position\":1,\"name\":\"Anasayfa\",\"item\":\"https:\/\/myvize.com.tr\/afganistan\/\"},{\"@type\":\"ListItem\",\"position\":2,\"name\":\"FORM VE D\u0130LEK\u00c7E\",\"item\":\"https:\/\/myvize.com.tr\/afganistan\/form-ve-dilekce\/\"},{\"@type\":\"ListItem\",\"position\":3,\"name\":\"Afganistan Turistik Vize Dilek\u00e7e \u00d6rne\u011fi\"}]},{\"@type\":\"WebSite\",\"@id\":\"https:\/\/myvize.com.tr\/afganistan\/#website\",\"url\":\"https:\/\/myvize.com.tr\/afganistan\/\",\"name\":\"Afganistan Vizesi\",\"description\":\"\",\"potentialAction\":[{\"@type\":\"SearchAction\",\"target\":{\"@type\":\"EntryPoint\",\"urlTemplate\":\"https:\/\/myvize.com.tr\/afganistan\/?s={search_term_string}\"},\"query-input\":{\"@type\":\"PropertyValueSpecification\",\"valueRequired\":true,\"valueName\":\"search_term_string\"}}],\"inLanguage\":\"tr\"}]}<\/script>\n<!-- \/ Yoast SEO plugin. -->","yoast_head_json":{"title":"Afganistan Turistik Vize Dilek\u00e7e \u00d6rnekleri - MyVize","description":"Afganistan Turistik Vize Dilek\u00e7e \u00d6rne\u011fi Nas\u0131l Yaz\u0131l\u0131r? Afganistan Turistik Vize Dilek\u00e7esi nas\u0131l olmal\u0131d\u0131r? Bilgi \u0130\u00e7in Aray\u0131n: 0850 346 84 93","robots":{"index":"index","follow":"follow","max-snippet":"max-snippet:-1","max-image-preview":"max-image-preview:large","max-video-preview":"max-video-preview:-1"},"canonical":"https:\/\/myvize.com.tr\/afganistan\/form-ve-dilekce\/turistik-vize-dilekce-ornegi\/","og_locale":"tr_TR","og_type":"article","og_title":"Afganistan Turistik Vize Dilek\u00e7e \u00d6rnekleri - MyVize","og_description":"Afganistan Turistik Vize Dilek\u00e7e \u00d6rne\u011fi Nas\u0131l Yaz\u0131l\u0131r? Afganistan Turistik Vize Dilek\u00e7esi nas\u0131l olmal\u0131d\u0131r? Bilgi \u0130\u00e7in Aray\u0131n: 0850 346 84 93","og_url":"https:\/\/myvize.com.tr\/afganistan\/form-ve-dilekce\/turistik-vize-dilekce-ornegi\/","og_site_name":"Afganistan Vizesi","article_modified_time":"2022-03-19T09:06:03+00:00","og_image":[{"url":"https:\/\/myvize.com.tr\/afganistan\/wp-content\/uploads\/2021\/09\/16.jpg","type":"","width":"","height":""}],"twitter_card":"summary_large_image","twitter_misc":{"Tahmini okuma s\u00fcresi":"2 dakika"},"schema":{"@context":"https:\/\/schema.org","@graph":[{"@type":"WebPage","@id":"https:\/\/myvize.com.tr\/afganistan\/form-ve-dilekce\/turistik-vize-dilekce-ornegi\/","url":"https:\/\/myvize.com.tr\/afganistan\/form-ve-dilekce\/turistik-vize-dilekce-ornegi\/","name":"Afganistan Turistik Vize Dilek\u00e7e \u00d6rnekleri - MyVize","isPartOf":{"@id":"https:\/\/myvize.com.tr\/afganistan\/#website"},"primaryImageOfPage":{"@id":"https:\/\/myvize.com.tr\/afganistan\/form-ve-dilekce\/turistik-vize-dilekce-ornegi\/#primaryimage"},"image":{"@id":"https:\/\/myvize.com.tr\/afganistan\/form-ve-dilekce\/turistik-vize-dilekce-ornegi\/#primaryimage"},"thumbnailUrl":"https:\/\/myvize.com.tr\/afganistan\/wp-content\/uploads\/2021\/09\/16.jpg","datePublished":"2021-01-20T12:13:36+00:00","dateModified":"2022-03-19T09:06:03+00:00","description":"Afganistan Turistik Vize Dilek\u00e7e \u00d6rne\u011fi Nas\u0131l Yaz\u0131l\u0131r? Afganistan Turistik Vize Dilek\u00e7esi nas\u0131l olmal\u0131d\u0131r? Bilgi \u0130\u00e7in Aray\u0131n: 0850 346 84 93","breadcrumb":{"@id":"https:\/\/myvize.com.tr\/afganistan\/form-ve-dilekce\/turistik-vize-dilekce-ornegi\/#breadcrumb"},"inLanguage":"tr","potentialAction":[{"@type":"ReadAction","target":["https:\/\/myvize.com.tr\/afganistan\/form-ve-dilekce\/turistik-vize-dilekce-ornegi\/"]}]},{"@type":"ImageObject","inLanguage":"tr","@id":"https:\/\/myvize.com.tr\/afganistan\/form-ve-dilekce\/turistik-vize-dilekce-ornegi\/#primaryimage","url":"https:\/\/myvize.com.tr\/afganistan\/wp-content\/uploads\/2021\/09\/16.jpg","contentUrl":"https:\/\/myvize.com.tr\/afganistan\/wp-content\/uploads\/2021\/09\/16.jpg","width":800,"height":500,"caption":"Afganistan"},{"@type":"BreadcrumbList","@id":"https:\/\/myvize.com.tr\/afganistan\/form-ve-dilekce\/turistik-vize-dilekce-ornegi\/#breadcrumb","itemListElement":[{"@type":"ListItem","position":1,"name":"Anasayfa","item":"https:\/\/myvize.com.tr\/afganistan\/"},{"@type":"ListItem","position":2,"name":"FORM VE D\u0130LEK\u00c7E","item":"https:\/\/myvize.com.tr\/afganistan\/form-ve-dilekce\/"},{"@type":"ListItem","position":3,"name":"Afganistan Turistik Vize Dilek\u00e7e \u00d6rne\u011fi"}]},{"@type":"WebSite","@id":"https:\/\/myvize.com.tr\/afganistan\/#website","url":"https:\/\/myvize.com.tr\/afganistan\/","name":"Afganistan Vizesi","description":"","potentialAction":[{"@type":"SearchAction","target":{"@type":"EntryPoint","urlTemplate":"https:\/\/myvize.com.tr\/afganistan\/?s={search_term_string}"},"query-input":{"@type":"PropertyValueSpecification","valueRequired":true,"valueName":"search_term_string"}}],"inLanguage":"tr"}]}},"_links":{"self":[{"href":"https:\/\/myvize.com.tr\/afganistan\/wp-json\/wp\/v2\/pages\/276","targetHints":{"allow":["GET"]}}],"collection":[{"href":"https:\/\/myvize.com.tr\/afganistan\/wp-json\/wp\/v2\/pages"}],"about":[{"href":"https:\/\/myvize.com.tr\/afganistan\/wp-json\/wp\/v2\/types\/page"}],"author":[{"embeddable":true,"href":"https:\/\/myvize.com.tr\/afganistan\/wp-json\/wp\/v2\/users\/1"}],"replies":[{"embeddable":true,"href":"https:\/\/myvize.com.tr\/afganistan\/wp-json\/wp\/v2\/comments?post=276"}],"version-history":[{"count":5,"href":"https:\/\/myvize.com.tr\/afganistan\/wp-json\/wp\/v2\/pages\/276\/revisions"}],"predecessor-version":[{"id":667,"href":"https:\/\/myvize.com.tr\/afganistan\/wp-json\/wp\/v2\/pages\/276\/revisions\/667"}],"up":[{"embeddable":true,"href":"https:\/\/myvize.com.tr\/afganistan\/wp-json\/wp\/v2\/pages\/144"}],"wp:attachment":[{"href":"https:\/\/myvize.com.tr\/afganistan\/wp-json\/wp\/v2\/media?parent=276"}],"curies":[{"name":"wp","href":"https:\/\/api.w.org\/{rel}","templated":true}]}}