{"id":18,"date":"2020-11-30T08:50:13","date_gmt":"2020-11-30T05:50:13","guid":{"rendered":"http:\/\/myvize.com.tr\/afganistan\/?page_id=18"},"modified":"2022-03-19T11:48:21","modified_gmt":"2022-03-19T08:48:21","slug":"vize-islemleri","status":"publish","type":"page","link":"https:\/\/myvize.com.tr\/afganistan\/vize-islemleri\/","title":{"rendered":"V\u0130ZE \u0130\u015eLEMLER\u0130"},"content":{"rendered":"<h2><span style=\"font-family: Roboto; font-size: 27px;\"><strong>Afganistan Vize \u0130\u015flemleri<\/strong><\/span><\/h2>\n<p><span style=\"font-family: Roboto; font-size: 14px;\">Afganistan seyahatini yapacak T\u00fcrkiye vatanda\u015f\u0131n\u0131n seyahati \u00f6ncesi <span style=\"color: #2acec2;\"><strong><a style=\"color: #2acec2;\" href=\"https:\/\/myvize.com.tr\/afganistan\/afganistan-vizesi\/\" target=\"_blank\" rel=\"noopener\">Afganistan vizesi<\/a><\/strong><\/span> almas\u0131 zorunludur. Afganistan devleti ve T\u00fcrkiye devleti aras\u0131nda vize uygulama gere\u011fince <span style=\"color: #2acec2;\"><strong><a style=\"color: #2acec2;\" href=\"https:\/\/myvize.com.tr\/afganistan\/vize-islemleri\/turistik-vize\/\" target=\"_blank\" rel=\"noopener\">Afganistan turistik vize<\/a><\/strong><\/span> maksimum 1 ayl\u0131k bir s\u00fcreyi kapsamakta. 2 \u00fclke resm\u00ee pasaporta sahip ki\u015filer ise Afganistan vizesi i\u015fleminden muaft\u0131r.<\/span><br \/>\n<span style=\"font-family: Roboto; font-size: 14px;\">Vize uygulamas\u0131 yabanc\u0131 \u00fclke vatanda\u015f\u0131n\u0131n \u00fclkeye giri\u015f \u00e7\u0131k\u0131\u015f\u0131n\u0131n kontrol edilmesini sa\u011flarken, evrak\u0131n organize edilmesi ile olu\u015fan resm\u00ee s\u00fcre\u00e7tir. Afganistan seyahati gerek\u00e7elere ba\u011fl\u0131 olarak ilgili vize kategorisi se\u00e7ilmesi gerekmekte.<\/span><br \/>\n<span style=\"font-family: Roboto; font-size: 14px;\">Afganistan Turistik Vize, Afganistan Ticari Vize,<strong> Afganistan Aile Ziyareti Vize<\/strong>, <span style=\"color: #2acec2;\"><strong><a style=\"color: #2acec2;\" href=\"https:\/\/myvize.com.tr\/afganistan\/vize-islemleri\/afganistan-transit-vize\/\" target=\"_blank\" rel=\"noopener\">Afganistan Transit Vize<\/a><\/strong><\/span> dahil t\u00fcm vize kategorisinde 3 aya kadar k\u0131sa s\u00fcre seyahat i\u00e7in vize ba\u015fvurular\u0131 ger\u00e7ekle\u015ftirilmekte.<\/span><br \/>\n<span style=\"font-family: Roboto; font-size: 14px;\"><strong>Afganistan vize ba\u015fvuru formu<\/strong>, <strong>Afganistan Konsolosluklar\u0131<\/strong> taraf\u0131ndan haz\u0131rlanm\u0131\u015f olan bir form. Afganistan vize ba\u015fvuru form, Afganistan Konsolosluklar\u0131n\u0131 ba\u015fvuru sahipleri hakk\u0131nda bilgi edinmesi sa\u011flarken, Afganistan Vizesi talebinde bulunuldu\u011fu g\u00f6steren resm\u00ee belgedir.<\/span><br \/>\n<span style=\"font-family: Roboto; font-size: 14px;\">Afganistan Konsolosluklar\u0131, pasaporta sahip olmayan ba\u015fvuru sahibinin vize i\u015flemini ger\u00e7ekle\u015ftirmemekte. Pasaport ba\u015fvurusu \u015fahsen yap\u0131lmal\u0131d\u0131r, randevulu ya da randevusuz olarak ba\u015fvurular i\u015flem s\u00fcrd\u00fcr\u00fclebilmekte.<\/span><br \/>\n<span style=\"font-family: Roboto; font-size: 14px;\">Afganistan seyahatlerinin i\u00e7eriklerine g\u00f6re de\u011fi\u015fiklikler g\u00f6sterecektir. <strong>Afganistan turistik vizesi<\/strong>, Afganistan ziyaret vize, <strong>Afganistan ticari vizesi<\/strong> Afganistan seyahatin i\u00e7eri\u011fi belirleyen vize \u00e7e\u015fididir. Vize talebi gerek\u00e7esine ba\u011fl\u0131 olarak ba\u015fvuru evrak\u0131 da farkl\u0131l\u0131k g\u00f6stermektedir.<\/span><\/p>\n<p><span style=\"font-family: Roboto; font-size: 14px;\"><img decoding=\"async\" src=\"https:\/\/myvize.com.tr\/afganistan\/wp-content\/uploads\/2021\/09\/11.jpg\" \/><\/span><\/p>\n","protected":false},"excerpt":{"rendered":"<p>Afganistan Vize \u0130\u015flemleri Afganistan seyahatini yapacak T\u00fcrkiye vatanda\u015f\u0131n\u0131n seyahati \u00f6ncesi Afganistan vizesi almas\u0131 zorunludur. Afganistan devleti ve T\u00fcrkiye devleti aras\u0131nda vize uygulama gere\u011fince Afganistan turistik vize maksimum 1 ayl\u0131k bir s\u00fcreyi kapsamakta. 2 \u00fclke resm\u00ee pasaporta sahip ki\u015filer ise Afganistan vizesi i\u015fleminden muaft\u0131r. Vize uygulamas\u0131 yabanc\u0131 \u00fclke vatanda\u015f\u0131n\u0131n \u00fclkeye giri\u015f \u00e7\u0131k\u0131\u015f\u0131n\u0131n kontrol edilmesini sa\u011flarken, evrak\u0131n<\/p>\n","protected":false},"author":1,"featured_media":0,"parent":0,"menu_order":0,"comment_status":"open","ping_status":"closed","template":"","meta":{"footnotes":""},"class_list":["post-18","page","type-page","status-publish","hentry"],"yoast_head":"<!-- This site is optimized with the Yoast SEO plugin v24.0 - https:\/\/yoast.com\/wordpress\/plugins\/seo\/ -->\n<title>Afganistan Vize \u0130\u015flemleri - Afganistan Vizesi - MyVize<\/title>\n<meta name=\"description\" content=\"Afganistan Vize \u0130\u015flemleri Nas\u0131l Yap\u0131l\u0131r? Afganistan Vize \u0130\u015flemleri Nelerdir? Afganistan Vize \u0130\u015flemleri 2022 G\u00fcncel Bilgiler.\" \/>\n<meta name=\"robots\" content=\"index, follow, max-snippet:-1, max-image-preview:large, max-video-preview:-1\" \/>\n<link rel=\"canonical\" href=\"https:\/\/myvize.com.tr\/afganistan\/vize-islemleri\/\" \/>\n<meta property=\"og:locale\" content=\"tr_TR\" \/>\n<meta property=\"og:type\" content=\"article\" \/>\n<meta property=\"og:title\" content=\"Afganistan Vize \u0130\u015flemleri - Afganistan Vizesi - MyVize\" \/>\n<meta property=\"og:description\" content=\"Afganistan Vize \u0130\u015flemleri Nas\u0131l Yap\u0131l\u0131r? Afganistan Vize \u0130\u015flemleri Nelerdir? Afganistan Vize \u0130\u015flemleri 2022 G\u00fcncel Bilgiler.\" \/>\n<meta property=\"og:url\" content=\"https:\/\/myvize.com.tr\/afganistan\/vize-islemleri\/\" \/>\n<meta property=\"og:site_name\" content=\"Afganistan Vizesi\" \/>\n<meta property=\"article:modified_time\" content=\"2022-03-19T08:48:21+00:00\" \/>\n<meta property=\"og:image\" content=\"https:\/\/myvize.com.tr\/afganistan\/wp-content\/uploads\/2021\/09\/11.jpg\" \/>\n<meta name=\"twitter:card\" content=\"summary_large_image\" \/>\n<meta name=\"twitter:label1\" content=\"Tahmini okuma s\u00fcresi\" \/>\n\t<meta name=\"twitter:data1\" content=\"1 dakika\" \/>\n<script type=\"application\/ld+json\" class=\"yoast-schema-graph\">{\"@context\":\"https:\/\/schema.org\",\"@graph\":[{\"@type\":\"WebPage\",\"@id\":\"https:\/\/myvize.com.tr\/afganistan\/vize-islemleri\/\",\"url\":\"https:\/\/myvize.com.tr\/afganistan\/vize-islemleri\/\",\"name\":\"Afganistan Vize \u0130\u015flemleri - Afganistan Vizesi - MyVize\",\"isPartOf\":{\"@id\":\"https:\/\/myvize.com.tr\/afganistan\/#website\"},\"primaryImageOfPage\":{\"@id\":\"https:\/\/myvize.com.tr\/afganistan\/vize-islemleri\/#primaryimage\"},\"image\":{\"@id\":\"https:\/\/myvize.com.tr\/afganistan\/vize-islemleri\/#primaryimage\"},\"thumbnailUrl\":\"https:\/\/myvize.com.tr\/afganistan\/wp-content\/uploads\/2021\/09\/11.jpg\",\"datePublished\":\"2020-11-30T05:50:13+00:00\",\"dateModified\":\"2022-03-19T08:48:21+00:00\",\"description\":\"Afganistan Vize \u0130\u015flemleri Nas\u0131l Yap\u0131l\u0131r? Afganistan Vize \u0130\u015flemleri Nelerdir? Afganistan Vize \u0130\u015flemleri 2022 G\u00fcncel Bilgiler.\",\"breadcrumb\":{\"@id\":\"https:\/\/myvize.com.tr\/afganistan\/vize-islemleri\/#breadcrumb\"},\"inLanguage\":\"tr\",\"potentialAction\":[{\"@type\":\"ReadAction\",\"target\":[\"https:\/\/myvize.com.tr\/afganistan\/vize-islemleri\/\"]}]},{\"@type\":\"ImageObject\",\"inLanguage\":\"tr\",\"@id\":\"https:\/\/myvize.com.tr\/afganistan\/vize-islemleri\/#primaryimage\",\"url\":\"https:\/\/myvize.com.tr\/afganistan\/wp-content\/uploads\/2021\/09\/11.jpg\",\"contentUrl\":\"https:\/\/myvize.com.tr\/afganistan\/wp-content\/uploads\/2021\/09\/11.jpg\",\"width\":800,\"height\":500,\"caption\":\"Afganistan\"},{\"@type\":\"BreadcrumbList\",\"@id\":\"https:\/\/myvize.com.tr\/afganistan\/vize-islemleri\/#breadcrumb\",\"itemListElement\":[{\"@type\":\"ListItem\",\"position\":1,\"name\":\"Anasayfa\",\"item\":\"https:\/\/myvize.com.tr\/afganistan\/\"},{\"@type\":\"ListItem\",\"position\":2,\"name\":\"V\u0130ZE \u0130\u015eLEMLER\u0130\"}]},{\"@type\":\"WebSite\",\"@id\":\"https:\/\/myvize.com.tr\/afganistan\/#website\",\"url\":\"https:\/\/myvize.com.tr\/afganistan\/\",\"name\":\"Afganistan Vizesi\",\"description\":\"\",\"potentialAction\":[{\"@type\":\"SearchAction\",\"target\":{\"@type\":\"EntryPoint\",\"urlTemplate\":\"https:\/\/myvize.com.tr\/afganistan\/?s={search_term_string}\"},\"query-input\":{\"@type\":\"PropertyValueSpecification\",\"valueRequired\":true,\"valueName\":\"search_term_string\"}}],\"inLanguage\":\"tr\"}]}<\/script>\n<!-- \/ Yoast SEO plugin. -->","yoast_head_json":{"title":"Afganistan Vize \u0130\u015flemleri - Afganistan Vizesi - MyVize","description":"Afganistan Vize \u0130\u015flemleri Nas\u0131l Yap\u0131l\u0131r? Afganistan Vize \u0130\u015flemleri Nelerdir? Afganistan Vize \u0130\u015flemleri 2022 G\u00fcncel Bilgiler.","robots":{"index":"index","follow":"follow","max-snippet":"max-snippet:-1","max-image-preview":"max-image-preview:large","max-video-preview":"max-video-preview:-1"},"canonical":"https:\/\/myvize.com.tr\/afganistan\/vize-islemleri\/","og_locale":"tr_TR","og_type":"article","og_title":"Afganistan Vize \u0130\u015flemleri - Afganistan Vizesi - MyVize","og_description":"Afganistan Vize \u0130\u015flemleri Nas\u0131l Yap\u0131l\u0131r? Afganistan Vize \u0130\u015flemleri Nelerdir? Afganistan Vize \u0130\u015flemleri 2022 G\u00fcncel Bilgiler.","og_url":"https:\/\/myvize.com.tr\/afganistan\/vize-islemleri\/","og_site_name":"Afganistan Vizesi","article_modified_time":"2022-03-19T08:48:21+00:00","og_image":[{"url":"https:\/\/myvize.com.tr\/afganistan\/wp-content\/uploads\/2021\/09\/11.jpg","type":"","width":"","height":""}],"twitter_card":"summary_large_image","twitter_misc":{"Tahmini okuma s\u00fcresi":"1 dakika"},"schema":{"@context":"https:\/\/schema.org","@graph":[{"@type":"WebPage","@id":"https:\/\/myvize.com.tr\/afganistan\/vize-islemleri\/","url":"https:\/\/myvize.com.tr\/afganistan\/vize-islemleri\/","name":"Afganistan Vize \u0130\u015flemleri - Afganistan Vizesi - MyVize","isPartOf":{"@id":"https:\/\/myvize.com.tr\/afganistan\/#website"},"primaryImageOfPage":{"@id":"https:\/\/myvize.com.tr\/afganistan\/vize-islemleri\/#primaryimage"},"image":{"@id":"https:\/\/myvize.com.tr\/afganistan\/vize-islemleri\/#primaryimage"},"thumbnailUrl":"https:\/\/myvize.com.tr\/afganistan\/wp-content\/uploads\/2021\/09\/11.jpg","datePublished":"2020-11-30T05:50:13+00:00","dateModified":"2022-03-19T08:48:21+00:00","description":"Afganistan Vize \u0130\u015flemleri Nas\u0131l Yap\u0131l\u0131r? Afganistan Vize \u0130\u015flemleri Nelerdir? Afganistan Vize \u0130\u015flemleri 2022 G\u00fcncel Bilgiler.","breadcrumb":{"@id":"https:\/\/myvize.com.tr\/afganistan\/vize-islemleri\/#breadcrumb"},"inLanguage":"tr","potentialAction":[{"@type":"ReadAction","target":["https:\/\/myvize.com.tr\/afganistan\/vize-islemleri\/"]}]},{"@type":"ImageObject","inLanguage":"tr","@id":"https:\/\/myvize.com.tr\/afganistan\/vize-islemleri\/#primaryimage","url":"https:\/\/myvize.com.tr\/afganistan\/wp-content\/uploads\/2021\/09\/11.jpg","contentUrl":"https:\/\/myvize.com.tr\/afganistan\/wp-content\/uploads\/2021\/09\/11.jpg","width":800,"height":500,"caption":"Afganistan"},{"@type":"BreadcrumbList","@id":"https:\/\/myvize.com.tr\/afganistan\/vize-islemleri\/#breadcrumb","itemListElement":[{"@type":"ListItem","position":1,"name":"Anasayfa","item":"https:\/\/myvize.com.tr\/afganistan\/"},{"@type":"ListItem","position":2,"name":"V\u0130ZE \u0130\u015eLEMLER\u0130"}]},{"@type":"WebSite","@id":"https:\/\/myvize.com.tr\/afganistan\/#website","url":"https:\/\/myvize.com.tr\/afganistan\/","name":"Afganistan Vizesi","description":"","potentialAction":[{"@type":"SearchAction","target":{"@type":"EntryPoint","urlTemplate":"https:\/\/myvize.com.tr\/afganistan\/?s={search_term_string}"},"query-input":{"@type":"PropertyValueSpecification","valueRequired":true,"valueName":"search_term_string"}}],"inLanguage":"tr"}]}},"_links":{"self":[{"href":"https:\/\/myvize.com.tr\/afganistan\/wp-json\/wp\/v2\/pages\/18","targetHints":{"allow":["GET"]}}],"collection":[{"href":"https:\/\/myvize.com.tr\/afganistan\/wp-json\/wp\/v2\/pages"}],"about":[{"href":"https:\/\/myvize.com.tr\/afganistan\/wp-json\/wp\/v2\/types\/page"}],"author":[{"embeddable":true,"href":"https:\/\/myvize.com.tr\/afganistan\/wp-json\/wp\/v2\/users\/1"}],"replies":[{"embeddable":true,"href":"https:\/\/myvize.com.tr\/afganistan\/wp-json\/wp\/v2\/comments?post=18"}],"version-history":[{"count":5,"href":"https:\/\/myvize.com.tr\/afganistan\/wp-json\/wp\/v2\/pages\/18\/revisions"}],"predecessor-version":[{"id":654,"href":"https:\/\/myvize.com.tr\/afganistan\/wp-json\/wp\/v2\/pages\/18\/revisions\/654"}],"wp:attachment":[{"href":"https:\/\/myvize.com.tr\/afganistan\/wp-json\/wp\/v2\/media?parent=18"}],"curies":[{"name":"wp","href":"https:\/\/api.w.org\/{rel}","templated":true}]}}