{"id":147,"date":"2021-01-15T16:03:58","date_gmt":"2021-01-15T13:03:58","guid":{"rendered":"http:\/\/myvize.com.tr\/afganistan\/?page_id=147"},"modified":"2022-01-07T13:16:12","modified_gmt":"2022-01-07T10:16:12","slug":"subelerimiz","status":"publish","type":"page","link":"https:\/\/myvize.com.tr\/afganistan\/subelerimiz\/","title":{"rendered":"\u015eUBELER\u0130M\u0130Z"},"content":{"rendered":"","protected":false},"excerpt":{"rendered":"","protected":false},"author":1,"featured_media":0,"parent":0,"menu_order":0,"comment_status":"closed","ping_status":"closed","template":"","meta":{"footnotes":""},"class_list":["post-147","page","type-page","status-publish","hentry"],"yoast_head":"<!-- This site is optimized with the Yoast SEO plugin v24.0 - https:\/\/yoast.com\/wordpress\/plugins\/seo\/ -->\n<title>Afganistan Vize Ba\u015fvuru \u015eubelerimiz - MyVize<\/title>\n<meta name=\"description\" content=\"Afganistan vize ba\u015fvurusunda bulunmak i\u00e7in \u015fubelerimiz T\u00fcrkiye&#039;nin d\u00f6rt bir yan\u0131nda hizmet vermektedir. \u015eubelerimiz arac\u0131l\u0131\u011f\u0131yla ba\u015fvuru...\" \/>\n<meta name=\"robots\" content=\"index, follow, max-snippet:-1, max-image-preview:large, max-video-preview:-1\" \/>\n<link rel=\"canonical\" href=\"https:\/\/myvize.com.tr\/afganistan\/subelerimiz\/\" \/>\n<meta property=\"og:locale\" content=\"tr_TR\" \/>\n<meta property=\"og:type\" content=\"article\" \/>\n<meta property=\"og:title\" content=\"Afganistan Vize Ba\u015fvuru \u015eubelerimiz - MyVize\" \/>\n<meta property=\"og:description\" content=\"Afganistan vize ba\u015fvurusunda bulunmak i\u00e7in \u015fubelerimiz T\u00fcrkiye&#039;nin d\u00f6rt bir yan\u0131nda hizmet vermektedir. \u015eubelerimiz arac\u0131l\u0131\u011f\u0131yla ba\u015fvuru...\" \/>\n<meta property=\"og:url\" content=\"https:\/\/myvize.com.tr\/afganistan\/subelerimiz\/\" \/>\n<meta property=\"og:site_name\" content=\"Afganistan Vizesi\" \/>\n<meta property=\"article:modified_time\" content=\"2022-01-07T10:16:12+00:00\" \/>\n<meta name=\"twitter:card\" content=\"summary_large_image\" \/>\n<script type=\"application\/ld+json\" class=\"yoast-schema-graph\">{\"@context\":\"https:\/\/schema.org\",\"@graph\":[{\"@type\":\"WebPage\",\"@id\":\"https:\/\/myvize.com.tr\/afganistan\/subelerimiz\/\",\"url\":\"https:\/\/myvize.com.tr\/afganistan\/subelerimiz\/\",\"name\":\"Afganistan Vize Ba\u015fvuru \u015eubelerimiz - MyVize\",\"isPartOf\":{\"@id\":\"https:\/\/myvize.com.tr\/afganistan\/#website\"},\"datePublished\":\"2021-01-15T13:03:58+00:00\",\"dateModified\":\"2022-01-07T10:16:12+00:00\",\"description\":\"Afganistan vize ba\u015fvurusunda bulunmak i\u00e7in \u015fubelerimiz T\u00fcrkiye'nin d\u00f6rt bir yan\u0131nda hizmet vermektedir. \u015eubelerimiz arac\u0131l\u0131\u011f\u0131yla ba\u015fvuru...\",\"breadcrumb\":{\"@id\":\"https:\/\/myvize.com.tr\/afganistan\/subelerimiz\/#breadcrumb\"},\"inLanguage\":\"tr\",\"potentialAction\":[{\"@type\":\"ReadAction\",\"target\":[\"https:\/\/myvize.com.tr\/afganistan\/subelerimiz\/\"]}]},{\"@type\":\"BreadcrumbList\",\"@id\":\"https:\/\/myvize.com.tr\/afganistan\/subelerimiz\/#breadcrumb\",\"itemListElement\":[{\"@type\":\"ListItem\",\"position\":1,\"name\":\"Anasayfa\",\"item\":\"https:\/\/myvize.com.tr\/afganistan\/\"},{\"@type\":\"ListItem\",\"position\":2,\"name\":\"\u015eUBELER\u0130M\u0130Z\"}]},{\"@type\":\"WebSite\",\"@id\":\"https:\/\/myvize.com.tr\/afganistan\/#website\",\"url\":\"https:\/\/myvize.com.tr\/afganistan\/\",\"name\":\"Afganistan Vizesi\",\"description\":\"\",\"potentialAction\":[{\"@type\":\"SearchAction\",\"target\":{\"@type\":\"EntryPoint\",\"urlTemplate\":\"https:\/\/myvize.com.tr\/afganistan\/?s={search_term_string}\"},\"query-input\":{\"@type\":\"PropertyValueSpecification\",\"valueRequired\":true,\"valueName\":\"search_term_string\"}}],\"inLanguage\":\"tr\"}]}<\/script>\n<!-- \/ Yoast SEO plugin. -->","yoast_head_json":{"title":"Afganistan Vize Ba\u015fvuru \u015eubelerimiz - MyVize","description":"Afganistan vize ba\u015fvurusunda bulunmak i\u00e7in \u015fubelerimiz T\u00fcrkiye'nin d\u00f6rt bir yan\u0131nda hizmet vermektedir. \u015eubelerimiz arac\u0131l\u0131\u011f\u0131yla ba\u015fvuru...","robots":{"index":"index","follow":"follow","max-snippet":"max-snippet:-1","max-image-preview":"max-image-preview:large","max-video-preview":"max-video-preview:-1"},"canonical":"https:\/\/myvize.com.tr\/afganistan\/subelerimiz\/","og_locale":"tr_TR","og_type":"article","og_title":"Afganistan Vize Ba\u015fvuru \u015eubelerimiz - MyVize","og_description":"Afganistan vize ba\u015fvurusunda bulunmak i\u00e7in \u015fubelerimiz T\u00fcrkiye'nin d\u00f6rt bir yan\u0131nda hizmet vermektedir. \u015eubelerimiz arac\u0131l\u0131\u011f\u0131yla ba\u015fvuru...","og_url":"https:\/\/myvize.com.tr\/afganistan\/subelerimiz\/","og_site_name":"Afganistan Vizesi","article_modified_time":"2022-01-07T10:16:12+00:00","twitter_card":"summary_large_image","schema":{"@context":"https:\/\/schema.org","@graph":[{"@type":"WebPage","@id":"https:\/\/myvize.com.tr\/afganistan\/subelerimiz\/","url":"https:\/\/myvize.com.tr\/afganistan\/subelerimiz\/","name":"Afganistan Vize Ba\u015fvuru \u015eubelerimiz - MyVize","isPartOf":{"@id":"https:\/\/myvize.com.tr\/afganistan\/#website"},"datePublished":"2021-01-15T13:03:58+00:00","dateModified":"2022-01-07T10:16:12+00:00","description":"Afganistan vize ba\u015fvurusunda bulunmak i\u00e7in \u015fubelerimiz T\u00fcrkiye'nin d\u00f6rt bir yan\u0131nda hizmet vermektedir. \u015eubelerimiz arac\u0131l\u0131\u011f\u0131yla ba\u015fvuru...","breadcrumb":{"@id":"https:\/\/myvize.com.tr\/afganistan\/subelerimiz\/#breadcrumb"},"inLanguage":"tr","potentialAction":[{"@type":"ReadAction","target":["https:\/\/myvize.com.tr\/afganistan\/subelerimiz\/"]}]},{"@type":"BreadcrumbList","@id":"https:\/\/myvize.com.tr\/afganistan\/subelerimiz\/#breadcrumb","itemListElement":[{"@type":"ListItem","position":1,"name":"Anasayfa","item":"https:\/\/myvize.com.tr\/afganistan\/"},{"@type":"ListItem","position":2,"name":"\u015eUBELER\u0130M\u0130Z"}]},{"@type":"WebSite","@id":"https:\/\/myvize.com.tr\/afganistan\/#website","url":"https:\/\/myvize.com.tr\/afganistan\/","name":"Afganistan Vizesi","description":"","potentialAction":[{"@type":"SearchAction","target":{"@type":"EntryPoint","urlTemplate":"https:\/\/myvize.com.tr\/afganistan\/?s={search_term_string}"},"query-input":{"@type":"PropertyValueSpecification","valueRequired":true,"valueName":"search_term_string"}}],"inLanguage":"tr"}]}},"_links":{"self":[{"href":"https:\/\/myvize.com.tr\/afganistan\/wp-json\/wp\/v2\/pages\/147","targetHints":{"allow":["GET"]}}],"collection":[{"href":"https:\/\/myvize.com.tr\/afganistan\/wp-json\/wp\/v2\/pages"}],"about":[{"href":"https:\/\/myvize.com.tr\/afganistan\/wp-json\/wp\/v2\/types\/page"}],"author":[{"embeddable":true,"href":"https:\/\/myvize.com.tr\/afganistan\/wp-json\/wp\/v2\/users\/1"}],"replies":[{"embeddable":true,"href":"https:\/\/myvize.com.tr\/afganistan\/wp-json\/wp\/v2\/comments?post=147"}],"version-history":[{"count":3,"href":"https:\/\/myvize.com.tr\/afganistan\/wp-json\/wp\/v2\/pages\/147\/revisions"}],"predecessor-version":[{"id":620,"href":"https:\/\/myvize.com.tr\/afganistan\/wp-json\/wp\/v2\/pages\/147\/revisions\/620"}],"wp:attachment":[{"href":"https:\/\/myvize.com.tr\/afganistan\/wp-json\/wp\/v2\/media?parent=147"}],"curies":[{"name":"wp","href":"https:\/\/api.w.org\/{rel}","templated":true}]}}