{"id":144,"date":"2021-01-15T16:03:36","date_gmt":"2021-01-15T13:03:36","guid":{"rendered":"http:\/\/myvize.com.tr\/afganistan\/?page_id=144"},"modified":"2022-08-11T14:03:37","modified_gmt":"2022-08-11T11:03:37","slug":"form-ve-dilekce","status":"publish","type":"page","link":"https:\/\/myvize.com.tr\/afganistan\/form-ve-dilekce\/","title":{"rendered":"FORM VE D\u0130LEK\u00c7E"},"content":{"rendered":"<p><span style=\"font-family: Roboto;\"><\/span><\/p>\r\n<p><span style=\"font-family: Roboto; font-size: 14px;\"><span style=\"color: #2acec2;\"><strong><a style=\"color: #2acec2;\" href=\"https:\/\/myvize.com.tr\/afganistan\/\" target=\"_blank\" rel=\"noopener\">Afganistan<\/a><\/strong><\/span>\u2019 a gitmek istiyorsan\u0131z vize alman\u0131z gerekmektedir. Afganistan T\u00fcrk vatanda\u015flar\u0131na 30 g\u00fcn s\u00fcre ile vize vermektedir. Ancak siyah pasaportu olan diplomatik ki\u015filer Afganistan\u2019 a vizesiz girebilirler. Afganistan\u2019 da alaca\u011f\u0131n\u0131z vize ziyaret sebebinize g\u00f6re \u00e7e\u015fitlik g\u00f6sterir. Turist Vizesi, Ticari Vize,<span style=\"color: #2acec2;\"><strong><a style=\"color: #2acec2;\" href=\"https:\/\/myvize.com.tr\/afganistan\/vize-islemleri\/aile-ziyareti-vizesi\/\" target=\"_blank\" rel=\"noopener\"> Aile Ziyareti Vizesi<\/a><\/strong><\/span> gibi vize t\u00fcrleri vard\u0131r. Belirtti\u011finiz ziyaret sebebinize g\u00f6re vizenizi al\u0131rs\u0131n\u0131z. D\u00fcnyadaki her \u00fclkeden Afganistan\u2019 a gelmek isteyen vatanda\u015flar \u00fclkeye girmek i\u00e7in vize almal\u0131d\u0131r. Vize s\u00fcresi 30 g\u00fcn ile s\u0131n\u0131rl\u0131d\u0131r. <strong>Diplomatik (siyah) pasaport<\/strong> sahipleri ise 90 g\u00fcne kadar vize alabilir. Peki Afganistan\u2019 a vize ba\u015fvurusunda gerekli belgeler nelerdir? \u0130\u015fte Afganistan\u2019 a vize ba\u015fvurusunda gerekli belgeler:<\/span><\/p>\r\n<p><span style=\"font-family: Roboto; font-size: 14px;\">\r\n\r\n<\/span><\/p>\r\n<ul class=\"wp-block-list\">\r\n<li><span style=\"font-family: Roboto; font-size: 14px;\">Vize almak isteyen vatanda\u015flar \u00f6ncelikle <strong>Afganistan Konsoloslu\u011fu<\/strong> taraf\u0131ndan haz\u0131rlanm\u0131\u015f vize ba\u015fvuru formunu doldurman\u0131z gerekmektedir. Bu formu eksiksiz ve do\u011fru bi\u00e7imde doldurman\u0131z \u00f6nemlidir. Bilgileriniz kontrol edilece\u011finden do\u011fru olmalar\u0131 \u015fartt\u0131r. Ayr\u0131ca bu formda ziyaret amac\u0131n\u0131z\u0131 da belirtmeniz gerekmektedir. <strong>Afganistan konsoloslu\u011fu<\/strong> <span style=\"color: #2acec2;\"><strong><a style=\"color: #2acec2;\" href=\"https:\/\/myvize.com.tr\/afganistan\/subelerimiz\/istanbul\/\" target=\"_blank\" rel=\"noopener\">\u0130stanbul<\/a><\/strong><\/span>\u2019 da ve Ankara\u2019 da bulunmaktad\u0131r.<\/span><\/li>\r\n<li><span style=\"font-family: Roboto; font-size: 14px;\">Vize al\u0131rken pasaportunuzun ge\u00e7erlilik tarihi de \u00f6nemlidir. Bu ge\u00e7erlilik tarihi vize bitim tarihinden en az \u00fc\u00e7 ay sonras\u0131na kadar devam etmelidir. Ve pasaportunuzun iki sayfas\u0131 bo\u015f olmal\u0131d\u0131r.<\/span><\/li>\r\n<li><span style=\"font-family: Roboto; font-size: 14px;\">Afganistan\u2019 a girebilmek i\u00e7in ikametgah\u0131 Afganistan\u2019 da olan bir vatanda\u015ftan davet mektubu almal\u0131s\u0131n\u0131z. Mektupta bu ki\u015finin kimli\u011fi ve adresi do\u011fru \u015fekilde belirtilmelidir.<\/span><\/li>\r\n<li><span style=\"font-family: Roboto; font-size: 14px;\">Vize ba\u015fvurusu yaparken kimlik fotokopiniz ve son alt\u0131 ay i\u00e7inde \u00e7ekilmi\u015f iki adet biyometrik foto\u011fraf da ba\u015fvuru belgeleriniz aras\u0131nda olmal\u0131d\u0131r.<\/span><\/li>\r\n<li><span style=\"font-family: Roboto; font-size: 14px;\">Vize ba\u015fvurusu yaparken Afganistan\u2019 a u\u00e7ak biletleriniz ve otel rezervasyonunuz da ba\u015fvuru belgeleriniz i\u00e7erisinde olmal\u0131d\u0131r. Afganistan h\u00fck\u00fcmetinin \u00fclkeye giri\u015f ve \u00e7\u0131k\u0131\u015f tarihlerinizi bilmesi gerekmektedir.<\/span><\/li>\r\n<li><span style=\"font-family: Roboto; font-size: 14px;\">Alaca\u011f\u0131n\u0131z vize t\u00fcr\u00fcne g\u00f6re ba\u015fka belgeler de eklemeniz istenebilir. Ancak ba\u015fvuru yapmak i\u00e7in gerekli olan temel belgeler bunlard\u0131r. Ek belgeler alaca\u011f\u0131n\u0131z vize t\u00fcr\u00fcne yani ziyaret amac\u0131n\u0131za g\u00f6re de\u011fi\u015fiklik g\u00f6sterir.<\/span><\/li>\r\n<\/ul>\r\n<p><span style=\"font-family: Roboto; font-size: 14px;\"><\/span><\/p>\r\n<p><span style=\"font-family: Roboto; font-size: 14px;\"><img decoding=\"async\" src=\"https:\/\/myvize.com.tr\/afganistan\/wp-content\/uploads\/2021\/09\/7.jpg\" \/><\/span><\/p>\r\n<h2><span style=\"font-family: Roboto; font-size: 27px;\"><strong>Afganistan Vize Formu ve Dilek\u00e7e<\/strong><\/span><\/h2>\r\n<p><span style=\"font-family: Roboto; font-size: 14px;\"><span style=\"color: #2acec2;\"><strong><a style=\"color: #2acec2;\" href=\"https:\/\/myvize.com.tr\/afganistan\/afganistan-vizesi\/\" target=\"_blank\" rel=\"noopener\">Afganistan vizesi<\/a><\/strong><\/span> ba\u015fvurusunun ilk ad\u0131m Afganistan Vize Formunun doldurulma ve <strong>Vize Talep Dilek\u00e7esi<\/strong> yaz\u0131m\u0131 olu\u015fturmakt\u0131r. Afganistan vizesi ba\u015fvuru formu ve <strong>Vize Talep Dilek\u00e7esi<\/strong> vize ba\u015fvuru sahipleri ki\u015fisel bilgisini tam ve eksiksiz olarak bildirme zorundad\u0131r. Ba\u015fvuru formuna ve vize talep dilek\u00e7esine verilen bilgi Afganistan vize evrak olarak bilinen vize al\u0131m i\u00e7in gerekli belge ile tutarl\u0131 olmal\u0131. Vize ba\u015fvurusunun olumsuz sonu\u00e7lanmas\u0131 en b\u00fcy\u00fck nedeni yanl\u0131\u015f ve hatal\u0131 ki\u015fi bilgi beyan\u0131d\u0131r. Bu y\u00fczden <strong>Afganistan vizesi form ve dilek\u00e7e<\/strong> b\u00fcy\u00fck bir \u00f6zenle doldurulmal\u0131, eksik ve hatal\u0131 bilgi kesinlikle verilmemeli. <strong>Afganistan vizesi<\/strong> formundaki ki\u015fisel bilgi isim, soy isim, Pasaport numaras\u0131, ikametg\u00e2h adresi gibi alandan olu\u015fur. N\u00fcfus kimlik bilgi ve ge\u00e7erli pasaport bilgisi dikkatle yaz\u0131lmal\u0131. Tam vukuatl\u0131 n\u00fcfus kay\u0131t\u0131, eski pasaportun ve vizenin renkli \u00e7\u0131kt\u0131s\u0131, kimlik belgesinin arkal\u0131 ve \u00f6nl\u00fc renkli fotokopisi vize ba\u015fvuru dosyas\u0131nda olmal\u0131. Mesleki bilgiler alan\u0131nda ki\u015finin \u00e7al\u0131\u015fma durumlar\u0131 a\u00e7\u0131k\u00e7a belirtilmeli. \u0130\u015fveren, \u00e7al\u0131\u015fanlar, devlet memuru, emekliler, \u00e7ift\u00e7i ve \u00e7al\u0131\u015fmayanlar gelir belgesini Afganistan vizesi ba\u015fvuru evrak\u0131nda bulunduraca\u011f\u0131nda mesleki durum do\u011fru bir \u015fekilde yaz\u0131lma \u00e7ok \u00f6nemlidir.<\/span><\/p>","protected":false},"excerpt":{"rendered":"<p>Afganistan\u2019 a gitmek istiyorsan\u0131z vize alman\u0131z gerekmektedir. Afganistan T\u00fcrk vatanda\u015flar\u0131na 30 g\u00fcn s\u00fcre ile vize vermektedir. Ancak siyah pasaportu olan diplomatik ki\u015filer Afganistan\u2019 a vizesiz girebilirler. Afganistan\u2019 da alaca\u011f\u0131n\u0131z vize ziyaret sebebinize g\u00f6re \u00e7e\u015fitlik g\u00f6sterir. Turist Vizesi, Ticari Vize, Aile Ziyareti Vizesi gibi vize t\u00fcrleri vard\u0131r. Belirtti\u011finiz ziyaret sebebinize g\u00f6re vizenizi al\u0131rs\u0131n\u0131z. D\u00fcnyadaki her \u00fclkeden<\/p>\n","protected":false},"author":1,"featured_media":0,"parent":0,"menu_order":0,"comment_status":"closed","ping_status":"closed","template":"","meta":{"footnotes":""},"class_list":["post-144","page","type-page","status-publish","hentry"],"yoast_head":"<!-- This site is optimized with the Yoast SEO plugin v24.0 - https:\/\/yoast.com\/wordpress\/plugins\/seo\/ -->\n<title>Afganistan Vizesi Form ve Dilek\u00e7e \u00d6rne\u011fi - MyVize<\/title>\n<meta name=\"description\" content=\"Afganistan Vizesi Form ve Dilek\u00e7esi Nas\u0131l Yaz\u0131l\u0131r? Afganistan Vize Form ve Dilek\u00e7eleri Nas\u0131l Doldurulur? Bilgi \u0130\u00e7in Aray\u0131n: 0850 346 84 93\" \/>\n<meta name=\"robots\" content=\"index, follow, max-snippet:-1, max-image-preview:large, max-video-preview:-1\" \/>\n<link rel=\"canonical\" href=\"https:\/\/myvize.com.tr\/afganistan\/form-ve-dilekce\/\" \/>\n<meta property=\"og:locale\" content=\"tr_TR\" \/>\n<meta property=\"og:type\" content=\"article\" \/>\n<meta property=\"og:title\" content=\"Afganistan Vizesi Form ve Dilek\u00e7e \u00d6rne\u011fi - MyVize\" \/>\n<meta property=\"og:description\" content=\"Afganistan Vizesi Form ve Dilek\u00e7esi Nas\u0131l Yaz\u0131l\u0131r? Afganistan Vize Form ve Dilek\u00e7eleri Nas\u0131l Doldurulur? Bilgi \u0130\u00e7in Aray\u0131n: 0850 346 84 93\" \/>\n<meta property=\"og:url\" content=\"https:\/\/myvize.com.tr\/afganistan\/form-ve-dilekce\/\" \/>\n<meta property=\"og:site_name\" content=\"Afganistan Vizesi\" \/>\n<meta property=\"article:modified_time\" content=\"2022-08-11T11:03:37+00:00\" \/>\n<meta property=\"og:image\" content=\"https:\/\/myvize.com.tr\/afganistan\/wp-content\/uploads\/2021\/09\/7.jpg\" \/>\n<meta name=\"twitter:card\" content=\"summary_large_image\" \/>\n<meta name=\"twitter:label1\" content=\"Tahmini okuma s\u00fcresi\" \/>\n\t<meta name=\"twitter:data1\" content=\"3 dakika\" \/>\n<script type=\"application\/ld+json\" class=\"yoast-schema-graph\">{\"@context\":\"https:\/\/schema.org\",\"@graph\":[{\"@type\":\"WebPage\",\"@id\":\"https:\/\/myvize.com.tr\/afganistan\/form-ve-dilekce\/\",\"url\":\"https:\/\/myvize.com.tr\/afganistan\/form-ve-dilekce\/\",\"name\":\"Afganistan Vizesi Form ve Dilek\u00e7e \u00d6rne\u011fi - MyVize\",\"isPartOf\":{\"@id\":\"https:\/\/myvize.com.tr\/afganistan\/#website\"},\"primaryImageOfPage\":{\"@id\":\"https:\/\/myvize.com.tr\/afganistan\/form-ve-dilekce\/#primaryimage\"},\"image\":{\"@id\":\"https:\/\/myvize.com.tr\/afganistan\/form-ve-dilekce\/#primaryimage\"},\"thumbnailUrl\":\"https:\/\/myvize.com.tr\/afganistan\/wp-content\/uploads\/2021\/09\/7.jpg\",\"datePublished\":\"2021-01-15T13:03:36+00:00\",\"dateModified\":\"2022-08-11T11:03:37+00:00\",\"description\":\"Afganistan Vizesi Form ve Dilek\u00e7esi Nas\u0131l Yaz\u0131l\u0131r? Afganistan Vize Form ve Dilek\u00e7eleri Nas\u0131l Doldurulur? Bilgi \u0130\u00e7in Aray\u0131n: 0850 346 84 93\",\"breadcrumb\":{\"@id\":\"https:\/\/myvize.com.tr\/afganistan\/form-ve-dilekce\/#breadcrumb\"},\"inLanguage\":\"tr\",\"potentialAction\":[{\"@type\":\"ReadAction\",\"target\":[\"https:\/\/myvize.com.tr\/afganistan\/form-ve-dilekce\/\"]}]},{\"@type\":\"ImageObject\",\"inLanguage\":\"tr\",\"@id\":\"https:\/\/myvize.com.tr\/afganistan\/form-ve-dilekce\/#primaryimage\",\"url\":\"https:\/\/myvize.com.tr\/afganistan\/wp-content\/uploads\/2021\/09\/7.jpg\",\"contentUrl\":\"https:\/\/myvize.com.tr\/afganistan\/wp-content\/uploads\/2021\/09\/7.jpg\",\"width\":800,\"height\":500,\"caption\":\"Afganistan\"},{\"@type\":\"BreadcrumbList\",\"@id\":\"https:\/\/myvize.com.tr\/afganistan\/form-ve-dilekce\/#breadcrumb\",\"itemListElement\":[{\"@type\":\"ListItem\",\"position\":1,\"name\":\"Anasayfa\",\"item\":\"https:\/\/myvize.com.tr\/afganistan\/\"},{\"@type\":\"ListItem\",\"position\":2,\"name\":\"FORM VE D\u0130LEK\u00c7E\"}]},{\"@type\":\"WebSite\",\"@id\":\"https:\/\/myvize.com.tr\/afganistan\/#website\",\"url\":\"https:\/\/myvize.com.tr\/afganistan\/\",\"name\":\"Afganistan Vizesi\",\"description\":\"\",\"potentialAction\":[{\"@type\":\"SearchAction\",\"target\":{\"@type\":\"EntryPoint\",\"urlTemplate\":\"https:\/\/myvize.com.tr\/afganistan\/?s={search_term_string}\"},\"query-input\":{\"@type\":\"PropertyValueSpecification\",\"valueRequired\":true,\"valueName\":\"search_term_string\"}}],\"inLanguage\":\"tr\"}]}<\/script>\n<!-- \/ Yoast SEO plugin. -->","yoast_head_json":{"title":"Afganistan Vizesi Form ve Dilek\u00e7e \u00d6rne\u011fi - MyVize","description":"Afganistan Vizesi Form ve Dilek\u00e7esi Nas\u0131l Yaz\u0131l\u0131r? Afganistan Vize Form ve Dilek\u00e7eleri Nas\u0131l Doldurulur? Bilgi \u0130\u00e7in Aray\u0131n: 0850 346 84 93","robots":{"index":"index","follow":"follow","max-snippet":"max-snippet:-1","max-image-preview":"max-image-preview:large","max-video-preview":"max-video-preview:-1"},"canonical":"https:\/\/myvize.com.tr\/afganistan\/form-ve-dilekce\/","og_locale":"tr_TR","og_type":"article","og_title":"Afganistan Vizesi Form ve Dilek\u00e7e \u00d6rne\u011fi - MyVize","og_description":"Afganistan Vizesi Form ve Dilek\u00e7esi Nas\u0131l Yaz\u0131l\u0131r? Afganistan Vize Form ve Dilek\u00e7eleri Nas\u0131l Doldurulur? Bilgi \u0130\u00e7in Aray\u0131n: 0850 346 84 93","og_url":"https:\/\/myvize.com.tr\/afganistan\/form-ve-dilekce\/","og_site_name":"Afganistan Vizesi","article_modified_time":"2022-08-11T11:03:37+00:00","og_image":[{"url":"https:\/\/myvize.com.tr\/afganistan\/wp-content\/uploads\/2021\/09\/7.jpg","type":"","width":"","height":""}],"twitter_card":"summary_large_image","twitter_misc":{"Tahmini okuma s\u00fcresi":"3 dakika"},"schema":{"@context":"https:\/\/schema.org","@graph":[{"@type":"WebPage","@id":"https:\/\/myvize.com.tr\/afganistan\/form-ve-dilekce\/","url":"https:\/\/myvize.com.tr\/afganistan\/form-ve-dilekce\/","name":"Afganistan Vizesi Form ve Dilek\u00e7e \u00d6rne\u011fi - MyVize","isPartOf":{"@id":"https:\/\/myvize.com.tr\/afganistan\/#website"},"primaryImageOfPage":{"@id":"https:\/\/myvize.com.tr\/afganistan\/form-ve-dilekce\/#primaryimage"},"image":{"@id":"https:\/\/myvize.com.tr\/afganistan\/form-ve-dilekce\/#primaryimage"},"thumbnailUrl":"https:\/\/myvize.com.tr\/afganistan\/wp-content\/uploads\/2021\/09\/7.jpg","datePublished":"2021-01-15T13:03:36+00:00","dateModified":"2022-08-11T11:03:37+00:00","description":"Afganistan Vizesi Form ve Dilek\u00e7esi Nas\u0131l Yaz\u0131l\u0131r? Afganistan Vize Form ve Dilek\u00e7eleri Nas\u0131l Doldurulur? Bilgi \u0130\u00e7in Aray\u0131n: 0850 346 84 93","breadcrumb":{"@id":"https:\/\/myvize.com.tr\/afganistan\/form-ve-dilekce\/#breadcrumb"},"inLanguage":"tr","potentialAction":[{"@type":"ReadAction","target":["https:\/\/myvize.com.tr\/afganistan\/form-ve-dilekce\/"]}]},{"@type":"ImageObject","inLanguage":"tr","@id":"https:\/\/myvize.com.tr\/afganistan\/form-ve-dilekce\/#primaryimage","url":"https:\/\/myvize.com.tr\/afganistan\/wp-content\/uploads\/2021\/09\/7.jpg","contentUrl":"https:\/\/myvize.com.tr\/afganistan\/wp-content\/uploads\/2021\/09\/7.jpg","width":800,"height":500,"caption":"Afganistan"},{"@type":"BreadcrumbList","@id":"https:\/\/myvize.com.tr\/afganistan\/form-ve-dilekce\/#breadcrumb","itemListElement":[{"@type":"ListItem","position":1,"name":"Anasayfa","item":"https:\/\/myvize.com.tr\/afganistan\/"},{"@type":"ListItem","position":2,"name":"FORM VE D\u0130LEK\u00c7E"}]},{"@type":"WebSite","@id":"https:\/\/myvize.com.tr\/afganistan\/#website","url":"https:\/\/myvize.com.tr\/afganistan\/","name":"Afganistan Vizesi","description":"","potentialAction":[{"@type":"SearchAction","target":{"@type":"EntryPoint","urlTemplate":"https:\/\/myvize.com.tr\/afganistan\/?s={search_term_string}"},"query-input":{"@type":"PropertyValueSpecification","valueRequired":true,"valueName":"search_term_string"}}],"inLanguage":"tr"}]}},"_links":{"self":[{"href":"https:\/\/myvize.com.tr\/afganistan\/wp-json\/wp\/v2\/pages\/144","targetHints":{"allow":["GET"]}}],"collection":[{"href":"https:\/\/myvize.com.tr\/afganistan\/wp-json\/wp\/v2\/pages"}],"about":[{"href":"https:\/\/myvize.com.tr\/afganistan\/wp-json\/wp\/v2\/types\/page"}],"author":[{"embeddable":true,"href":"https:\/\/myvize.com.tr\/afganistan\/wp-json\/wp\/v2\/users\/1"}],"replies":[{"embeddable":true,"href":"https:\/\/myvize.com.tr\/afganistan\/wp-json\/wp\/v2\/comments?post=144"}],"version-history":[{"count":5,"href":"https:\/\/myvize.com.tr\/afganistan\/wp-json\/wp\/v2\/pages\/144\/revisions"}],"predecessor-version":[{"id":724,"href":"https:\/\/myvize.com.tr\/afganistan\/wp-json\/wp\/v2\/pages\/144\/revisions\/724"}],"wp:attachment":[{"href":"https:\/\/myvize.com.tr\/afganistan\/wp-json\/wp\/v2\/media?parent=144"}],"curies":[{"name":"wp","href":"https:\/\/api.w.org\/{rel}","templated":true}]}}