{"id":141,"date":"2021-01-15T16:03:15","date_gmt":"2021-01-15T13:03:15","guid":{"rendered":"http:\/\/myvize.com.tr\/afganistan\/?page_id=141"},"modified":"2022-08-08T11:52:36","modified_gmt":"2022-08-08T08:52:36","slug":"vatandaslik","status":"publish","type":"page","link":"https:\/\/myvize.com.tr\/afganistan\/vatandaslik\/","title":{"rendered":"VATANDA\u015eLIK"},"content":{"rendered":"<h2><span style=\"font-family: Roboto; font-size: 27px;\"><strong>Afganistan Vatanda\u015fl\u0131k \u0130\u015flemleri\u00a0<\/strong><\/span><\/h2>\n<p><span style=\"font-family: Roboto; font-size: 14px;\">Afganistan\u2019da ya\u015fayan T\u00fcrk vatanda\u015f\u0131 i\u00e7in Afganistan vatanda\u015fl\u0131\u011fa ge\u00e7i\u015fi d\u00fczenleyen bir\u00e7ok yasa bulunmakta. <strong>Afganistan vatanda\u015fl\u0131\u011f\u0131<\/strong> i\u00e7in <strong>Afganistan<\/strong> geli\u015f nedeni, oturma s\u00fcresi, stat\u00fc gibi sebepler b\u00fcy\u00fck \u00f6nem arz etmekte. Afganistan vatanda\u015fl\u0131\u011fa ge\u00e7ebilece\u011finiz durum a\u015fa\u011f\u0131da verilmi\u015ftir.<\/span><br \/>\n<span style=\"font-family: Roboto; font-size: 14px;\">Belirli bir s\u00fcre Afganistan ikamet etme<\/span><br \/>\n<span style=\"font-family: Roboto; font-size: 14px;\">Evlilik yolu ile Afganistan vatanda\u015f\u0131 olma<\/span><br \/>\n<span style=\"font-family: Roboto; font-size: 14px;\">Ebeveynlerden birisi Afganistan vatanda\u015f\u0131 olma<\/span><br \/>\n<span style=\"font-family: Roboto; font-size: 14px;\">Afganistan\u2019da belirli bir s\u00fcre \u00e7al\u0131\u015fma<\/span><br \/>\n<span style=\"font-family: Roboto; font-size: 14px;\">Soylar\u0131n\u0131n Afganistan vatanda\u015fl\u0131\u011f\u0131na dayand\u0131\u011f\u0131n\u0131 kan\u0131tlama<\/span><br \/>\n<span style=\"font-family: Roboto; font-size: 14px;\">A\u015fa\u011f\u0131daki durumlarda <strong>Afganistan vatanda\u015fl\u0131\u011f\u0131<\/strong> verilmemekte.<\/span><br \/>\n<span style=\"font-family: Roboto; font-size: 14px;\"><strong>Afganistan Devletine<\/strong> kar\u015f\u0131 ter\u00f6r eyleminde bulunmama<\/span><br \/>\n<span style=\"font-family: Roboto; font-size: 14px;\">Daha \u00f6nce Afganistan vatanda\u015fl\u0131\u011f\u0131ndan \u00e7\u0131kar\u0131lmam\u0131\u015f olma<\/span><br \/>\n<span style=\"font-family: Roboto; font-size: 14px;\">18 ya\u015f\u0131ndan k\u00fc\u00e7\u00fck olma<\/span><br \/>\n<span style=\"font-family: Roboto; font-size: 14px;\">Afganistan vatanda\u015f\u0131 olabilme i\u00e7in Afganistan resmi dilinden en az birini iyi derecede bilmeniz gerekmekte. Ayr\u0131ca <strong>Afganistan<\/strong> tarih, k\u00fclt\u00fcr, siyaseti, sosyal ya\u015fam hakk\u0131nda bilgi sahipleri olmal\u0131s\u0131n\u0131z. Afganistan Konsolosluklar\u0131 taraf\u0131ndan haz\u0131rlanm\u0131\u015f olan bir form. Afganistan vize ba\u015fvuru form, <strong>Afganistan Konsolosluklar\u0131<\/strong>n\u0131 ba\u015fvuru sahipleri hakk\u0131nda bilgi edinmesi sa\u011flarken, <span style=\"color: #2acec2;\"><strong><a style=\"color: #2acec2;\" href=\"https:\/\/myvize.com.tr\/afganistan\/afganistan-vizesi\/\" target=\"_blank\" rel=\"noopener\">Afganistan Vizesi<\/a><\/strong><\/span> talebinde bulunuldu\u011fu g\u00f6steren resmi belgedir.<\/span><br \/>\n<span style=\"font-family: Roboto; font-size: 14px;\">Pasaport ba\u015fvurusu \u015fahsen yap\u0131lmal\u0131d\u0131r, randevulu ya da \u00a0randevusuz olarak ba\u015fvurular i\u015flem s\u00fcrd\u00fcr\u00fclebilmekte.<\/span><br \/>\n<span style=\"font-family: Roboto; font-size: 14px;\">Afganistan seyahatlerinin i\u00e7eriklerine g\u00f6re de\u011fi\u015fiklikler g\u00f6sterecektir. <span style=\"color: #2acec2;\"><strong><a style=\"color: #2acec2;\" href=\"https:\/\/myvize.com.tr\/afganistan\/vize-islemleri\/turistik-vize\/\" target=\"_blank\" rel=\"noopener\">Afganistan turistik vizesi<\/a><\/strong><\/span>, Afganistan ziyaret vize, Afganistan ticari vizesi Afganistan seyahatin i\u00e7eri\u011fi belirleyen vize \u00e7e\u015fitidir.\u00a0<\/span><\/p>\n<p><span style=\"font-family: Roboto; font-size: 14px;\"><img decoding=\"async\" src=\"https:\/\/myvize.com.tr\/afganistan\/wp-content\/uploads\/2021\/09\/14.jpg\" \/><\/span><\/p>\n","protected":false},"excerpt":{"rendered":"<p>Afganistan Vatanda\u015fl\u0131k \u0130\u015flemleri\u00a0 Afganistan\u2019da ya\u015fayan T\u00fcrk vatanda\u015f\u0131 i\u00e7in Afganistan vatanda\u015fl\u0131\u011fa ge\u00e7i\u015fi d\u00fczenleyen bir\u00e7ok yasa bulunmakta. Afganistan vatanda\u015fl\u0131\u011f\u0131 i\u00e7in Afganistan geli\u015f nedeni, oturma s\u00fcresi, stat\u00fc gibi sebepler b\u00fcy\u00fck \u00f6nem arz etmekte. Afganistan vatanda\u015fl\u0131\u011fa ge\u00e7ebilece\u011finiz durum a\u015fa\u011f\u0131da verilmi\u015ftir. Belirli bir s\u00fcre Afganistan ikamet etme Evlilik yolu ile Afganistan vatanda\u015f\u0131 olma Ebeveynlerden birisi Afganistan vatanda\u015f\u0131 olma Afganistan\u2019da belirli<\/p>\n","protected":false},"author":1,"featured_media":0,"parent":0,"menu_order":0,"comment_status":"open","ping_status":"closed","template":"","meta":{"footnotes":""},"class_list":["post-141","page","type-page","status-publish","hentry"],"yoast_head":"<!-- This site is optimized with the Yoast SEO plugin v24.0 - https:\/\/yoast.com\/wordpress\/plugins\/seo\/ -->\n<title>Afganistan Vatanda\u015fl\u0131k \u0130\u015flemleri - Afganistan Vize - MyVize<\/title>\n<meta name=\"description\" content=\"Afganistan Vatanda\u015fl\u0131\u011f\u0131 Nas\u0131l Al\u0131n\u0131r? Afganistan Vatanda\u015fl\u0131\u011f\u0131 \u015eartlar\u0131 Nelerdir? Bilgi \u0130\u00e7in Vize Uzmanlar\u0131m\u0131z\u0131 Aray\u0131n: 0850 346 84 93\" \/>\n<meta name=\"robots\" content=\"index, follow, max-snippet:-1, max-image-preview:large, max-video-preview:-1\" \/>\n<link rel=\"canonical\" href=\"https:\/\/myvize.com.tr\/afganistan\/vatandaslik\/\" \/>\n<meta property=\"og:locale\" content=\"tr_TR\" \/>\n<meta property=\"og:type\" content=\"article\" \/>\n<meta property=\"og:title\" content=\"Afganistan Vatanda\u015fl\u0131k \u0130\u015flemleri - Afganistan Vize - MyVize\" \/>\n<meta property=\"og:description\" content=\"Afganistan Vatanda\u015fl\u0131\u011f\u0131 Nas\u0131l Al\u0131n\u0131r? Afganistan Vatanda\u015fl\u0131\u011f\u0131 \u015eartlar\u0131 Nelerdir? Bilgi \u0130\u00e7in Vize Uzmanlar\u0131m\u0131z\u0131 Aray\u0131n: 0850 346 84 93\" \/>\n<meta property=\"og:url\" content=\"https:\/\/myvize.com.tr\/afganistan\/vatandaslik\/\" \/>\n<meta property=\"og:site_name\" content=\"Afganistan Vizesi\" \/>\n<meta property=\"article:modified_time\" content=\"2022-08-08T08:52:36+00:00\" \/>\n<meta property=\"og:image\" content=\"https:\/\/myvize.com.tr\/afganistan\/wp-content\/uploads\/2021\/09\/14.jpg\" \/>\n<meta name=\"twitter:card\" content=\"summary_large_image\" \/>\n<meta name=\"twitter:label1\" content=\"Tahmini okuma s\u00fcresi\" \/>\n\t<meta name=\"twitter:data1\" content=\"1 dakika\" \/>\n<script type=\"application\/ld+json\" class=\"yoast-schema-graph\">{\"@context\":\"https:\/\/schema.org\",\"@graph\":[{\"@type\":\"WebPage\",\"@id\":\"https:\/\/myvize.com.tr\/afganistan\/vatandaslik\/\",\"url\":\"https:\/\/myvize.com.tr\/afganistan\/vatandaslik\/\",\"name\":\"Afganistan Vatanda\u015fl\u0131k \u0130\u015flemleri - Afganistan Vize - MyVize\",\"isPartOf\":{\"@id\":\"https:\/\/myvize.com.tr\/afganistan\/#website\"},\"primaryImageOfPage\":{\"@id\":\"https:\/\/myvize.com.tr\/afganistan\/vatandaslik\/#primaryimage\"},\"image\":{\"@id\":\"https:\/\/myvize.com.tr\/afganistan\/vatandaslik\/#primaryimage\"},\"thumbnailUrl\":\"https:\/\/myvize.com.tr\/afganistan\/wp-content\/uploads\/2021\/09\/14.jpg\",\"datePublished\":\"2021-01-15T13:03:15+00:00\",\"dateModified\":\"2022-08-08T08:52:36+00:00\",\"description\":\"Afganistan Vatanda\u015fl\u0131\u011f\u0131 Nas\u0131l Al\u0131n\u0131r? Afganistan Vatanda\u015fl\u0131\u011f\u0131 \u015eartlar\u0131 Nelerdir? Bilgi \u0130\u00e7in Vize Uzmanlar\u0131m\u0131z\u0131 Aray\u0131n: 0850 346 84 93\",\"breadcrumb\":{\"@id\":\"https:\/\/myvize.com.tr\/afganistan\/vatandaslik\/#breadcrumb\"},\"inLanguage\":\"tr\",\"potentialAction\":[{\"@type\":\"ReadAction\",\"target\":[\"https:\/\/myvize.com.tr\/afganistan\/vatandaslik\/\"]}]},{\"@type\":\"ImageObject\",\"inLanguage\":\"tr\",\"@id\":\"https:\/\/myvize.com.tr\/afganistan\/vatandaslik\/#primaryimage\",\"url\":\"https:\/\/myvize.com.tr\/afganistan\/wp-content\/uploads\/2021\/09\/14.jpg\",\"contentUrl\":\"https:\/\/myvize.com.tr\/afganistan\/wp-content\/uploads\/2021\/09\/14.jpg\",\"width\":800,\"height\":500,\"caption\":\"Afganistan\"},{\"@type\":\"BreadcrumbList\",\"@id\":\"https:\/\/myvize.com.tr\/afganistan\/vatandaslik\/#breadcrumb\",\"itemListElement\":[{\"@type\":\"ListItem\",\"position\":1,\"name\":\"Anasayfa\",\"item\":\"https:\/\/myvize.com.tr\/afganistan\/\"},{\"@type\":\"ListItem\",\"position\":2,\"name\":\"VATANDA\u015eLIK\"}]},{\"@type\":\"WebSite\",\"@id\":\"https:\/\/myvize.com.tr\/afganistan\/#website\",\"url\":\"https:\/\/myvize.com.tr\/afganistan\/\",\"name\":\"Afganistan Vizesi\",\"description\":\"\",\"potentialAction\":[{\"@type\":\"SearchAction\",\"target\":{\"@type\":\"EntryPoint\",\"urlTemplate\":\"https:\/\/myvize.com.tr\/afganistan\/?s={search_term_string}\"},\"query-input\":{\"@type\":\"PropertyValueSpecification\",\"valueRequired\":true,\"valueName\":\"search_term_string\"}}],\"inLanguage\":\"tr\"}]}<\/script>\n<!-- \/ Yoast SEO plugin. -->","yoast_head_json":{"title":"Afganistan Vatanda\u015fl\u0131k \u0130\u015flemleri - Afganistan Vize - MyVize","description":"Afganistan Vatanda\u015fl\u0131\u011f\u0131 Nas\u0131l Al\u0131n\u0131r? Afganistan Vatanda\u015fl\u0131\u011f\u0131 \u015eartlar\u0131 Nelerdir? Bilgi \u0130\u00e7in Vize Uzmanlar\u0131m\u0131z\u0131 Aray\u0131n: 0850 346 84 93","robots":{"index":"index","follow":"follow","max-snippet":"max-snippet:-1","max-image-preview":"max-image-preview:large","max-video-preview":"max-video-preview:-1"},"canonical":"https:\/\/myvize.com.tr\/afganistan\/vatandaslik\/","og_locale":"tr_TR","og_type":"article","og_title":"Afganistan Vatanda\u015fl\u0131k \u0130\u015flemleri - Afganistan Vize - MyVize","og_description":"Afganistan Vatanda\u015fl\u0131\u011f\u0131 Nas\u0131l Al\u0131n\u0131r? Afganistan Vatanda\u015fl\u0131\u011f\u0131 \u015eartlar\u0131 Nelerdir? Bilgi \u0130\u00e7in Vize Uzmanlar\u0131m\u0131z\u0131 Aray\u0131n: 0850 346 84 93","og_url":"https:\/\/myvize.com.tr\/afganistan\/vatandaslik\/","og_site_name":"Afganistan Vizesi","article_modified_time":"2022-08-08T08:52:36+00:00","og_image":[{"url":"https:\/\/myvize.com.tr\/afganistan\/wp-content\/uploads\/2021\/09\/14.jpg","type":"","width":"","height":""}],"twitter_card":"summary_large_image","twitter_misc":{"Tahmini okuma s\u00fcresi":"1 dakika"},"schema":{"@context":"https:\/\/schema.org","@graph":[{"@type":"WebPage","@id":"https:\/\/myvize.com.tr\/afganistan\/vatandaslik\/","url":"https:\/\/myvize.com.tr\/afganistan\/vatandaslik\/","name":"Afganistan Vatanda\u015fl\u0131k \u0130\u015flemleri - Afganistan Vize - MyVize","isPartOf":{"@id":"https:\/\/myvize.com.tr\/afganistan\/#website"},"primaryImageOfPage":{"@id":"https:\/\/myvize.com.tr\/afganistan\/vatandaslik\/#primaryimage"},"image":{"@id":"https:\/\/myvize.com.tr\/afganistan\/vatandaslik\/#primaryimage"},"thumbnailUrl":"https:\/\/myvize.com.tr\/afganistan\/wp-content\/uploads\/2021\/09\/14.jpg","datePublished":"2021-01-15T13:03:15+00:00","dateModified":"2022-08-08T08:52:36+00:00","description":"Afganistan Vatanda\u015fl\u0131\u011f\u0131 Nas\u0131l Al\u0131n\u0131r? Afganistan Vatanda\u015fl\u0131\u011f\u0131 \u015eartlar\u0131 Nelerdir? Bilgi \u0130\u00e7in Vize Uzmanlar\u0131m\u0131z\u0131 Aray\u0131n: 0850 346 84 93","breadcrumb":{"@id":"https:\/\/myvize.com.tr\/afganistan\/vatandaslik\/#breadcrumb"},"inLanguage":"tr","potentialAction":[{"@type":"ReadAction","target":["https:\/\/myvize.com.tr\/afganistan\/vatandaslik\/"]}]},{"@type":"ImageObject","inLanguage":"tr","@id":"https:\/\/myvize.com.tr\/afganistan\/vatandaslik\/#primaryimage","url":"https:\/\/myvize.com.tr\/afganistan\/wp-content\/uploads\/2021\/09\/14.jpg","contentUrl":"https:\/\/myvize.com.tr\/afganistan\/wp-content\/uploads\/2021\/09\/14.jpg","width":800,"height":500,"caption":"Afganistan"},{"@type":"BreadcrumbList","@id":"https:\/\/myvize.com.tr\/afganistan\/vatandaslik\/#breadcrumb","itemListElement":[{"@type":"ListItem","position":1,"name":"Anasayfa","item":"https:\/\/myvize.com.tr\/afganistan\/"},{"@type":"ListItem","position":2,"name":"VATANDA\u015eLIK"}]},{"@type":"WebSite","@id":"https:\/\/myvize.com.tr\/afganistan\/#website","url":"https:\/\/myvize.com.tr\/afganistan\/","name":"Afganistan Vizesi","description":"","potentialAction":[{"@type":"SearchAction","target":{"@type":"EntryPoint","urlTemplate":"https:\/\/myvize.com.tr\/afganistan\/?s={search_term_string}"},"query-input":{"@type":"PropertyValueSpecification","valueRequired":true,"valueName":"search_term_string"}}],"inLanguage":"tr"}]}},"_links":{"self":[{"href":"https:\/\/myvize.com.tr\/afganistan\/wp-json\/wp\/v2\/pages\/141","targetHints":{"allow":["GET"]}}],"collection":[{"href":"https:\/\/myvize.com.tr\/afganistan\/wp-json\/wp\/v2\/pages"}],"about":[{"href":"https:\/\/myvize.com.tr\/afganistan\/wp-json\/wp\/v2\/types\/page"}],"author":[{"embeddable":true,"href":"https:\/\/myvize.com.tr\/afganistan\/wp-json\/wp\/v2\/users\/1"}],"replies":[{"embeddable":true,"href":"https:\/\/myvize.com.tr\/afganistan\/wp-json\/wp\/v2\/comments?post=141"}],"version-history":[{"count":5,"href":"https:\/\/myvize.com.tr\/afganistan\/wp-json\/wp\/v2\/pages\/141\/revisions"}],"predecessor-version":[{"id":714,"href":"https:\/\/myvize.com.tr\/afganistan\/wp-json\/wp\/v2\/pages\/141\/revisions\/714"}],"wp:attachment":[{"href":"https:\/\/myvize.com.tr\/afganistan\/wp-json\/wp\/v2\/media?parent=141"}],"curies":[{"name":"wp","href":"https:\/\/api.w.org\/{rel}","templated":true}]}}